{"id":37261,"date":"2025-01-23T12:03:25","date_gmt":"2025-01-23T11:03:25","guid":{"rendered":"https:\/\/www.imagesante.be\/?page_id=37261"},"modified":"2025-02-25T12:41:08","modified_gmt":"2025-02-25T11:41:08","slug":"soirees-evenements-de-2025","status":"publish","type":"page","link":"https:\/\/www.imagesante.be\/fr\/soirees-evenements-de-2025\/","title":{"rendered":"Soir\u00e9es &#8211; Ev\u00e9nements"},"content":{"rendered":"<p>[et_pb_section fb_built=&#8221;1&#8243; fullwidth=&#8221;on&#8221; admin_label=&#8221;Section titre normal&#8221; module_class=&#8221;banniere_titre&#8221; _builder_version=&#8221;4.19.5&#8243; _dynamic_attributes=&#8221;background_image&#8221; background_image=&#8221;@ET-DC@eyJkeW5hbWljIjp0cnVlLCJjb250ZW50IjoiY3VzdG9tX21ldGFfYmFubmllcmUiLCJzZXR0aW5ncyI6eyJiZWZvcmUiOiIiLCJhZnRlciI6IiIsImVuYWJsZV9odG1sIjoib2ZmIn19@&#8221; width=&#8221;100%&#8221; max_width=&#8221;100%&#8221; min_height=&#8221;33px&#8221; height=&#8221;587px&#8221; max_height=&#8221;358px&#8221; custom_margin=&#8221;0px||-20px||false|false&#8221; custom_padding=&#8221;270px||0px||false|false&#8221; global_module=&#8221;4454&#8243; saved_tabs=&#8221;all&#8221; locked=&#8221;off&#8221; collapsed=&#8221;off&#8221; global_colors_info=&#8221;{}&#8221;][et_pb_fullwidth_post_title meta=&#8221;off&#8221; featured_image=&#8221;off&#8221; admin_label=&#8221;Titre du poste en pleine largeur&#8221; module_class=&#8221;page_title&#8221; _builder_version=&#8221;4.19.5&#8243; title_font=&#8221;|700||on|||||&#8221; title_text_align=&#8221;center&#8221; title_text_color=&#8221;#ffffff&#8221; title_font_size=&#8221;35px&#8221; title_letter_spacing=&#8221;5px&#8221; background_color=&#8221;#b09458&#8243; max_width=&#8221;100%&#8221; min_height=&#8221;100px&#8221; height=&#8221;100px&#8221; max_height=&#8221;100px&#8221; custom_margin=&#8221;0px||||false|false&#8221; custom_padding=&#8221;5px||0px||false|false&#8221; title_font_size_tablet=&#8221;&#8221; title_font_size_phone=&#8221;31px&#8221; title_font_size_last_edited=&#8221;on|phone&#8221; custom_css_post_title=&#8221;min-height: 4vw;||display: flex;||align-items: center;||justify-content: center;&#8221; locked=&#8221;off&#8221; global_colors_info=&#8221;{}&#8221;][\/et_pb_fullwidth_post_title][\/et_pb_section][et_pb_section fb_built=&#8221;1&#8243; _builder_version=&#8221;4.17.4&#8243; _module_preset=&#8221;default&#8221; global_colors_info=&#8221;{}&#8221;][et_pb_row _builder_version=&#8221;4.17.4&#8243; _module_preset=&#8221;default&#8221; global_colors_info=&#8221;{}&#8221;][et_pb_column type=&#8221;4_4&#8243; _builder_version=&#8221;4.17.4&#8243; _module_preset=&#8221;default&#8221; global_colors_info=&#8221;{}&#8221;][et_pb_text _builder_version=&#8221;4.27.4&#8243; _module_preset=&#8221;default&#8221; global_colors_info=&#8221;{}&#8221;]<\/p>\n<!-- Gridbuilder \u1d42\u1d3e Plugin (https:\/\/wpgridbuilder.com) -->\n<div class=\"wp-grid-builder wpgb-grid-54\" data-options=\"{&quot;id&quot;:54,&quot;type&quot;:&quot;masonry&quot;,&quot;source&quot;:&quot;post_type&quot;,&quot;loader&quot;:true,&quot;layout&quot;:&quot;vertical&quot;,&quot;reveal&quot;:0,&quot;isMainQuery&quot;:0,&quot;lazyLoad&quot;:false,&quot;cardSizes&quot;:{&quot;9999&quot;:{&quot;columns&quot;:3,&quot;height&quot;:240,&quot;gutter&quot;:20,&quot;ratio&quot;:&quot;1.33333&quot;},&quot;1200&quot;:{&quot;columns&quot;:3,&quot;height&quot;:240,&quot;gutter&quot;:20,&quot;ratio&quot;:&quot;1.33333&quot;},&quot;992&quot;:{&quot;columns&quot;:3,&quot;height&quot;:220,&quot;gutter&quot;:20,&quot;ratio&quot;:&quot;1.33333&quot;},&quot;768&quot;:{&quot;columns&quot;:1,&quot;height&quot;:220,&quot;gutter&quot;:15,&quot;ratio&quot;:&quot;1.33333&quot;},&quot;576&quot;:{&quot;columns&quot;:1,&quot;height&quot;:200,&quot;gutter&quot;:15,&quot;ratio&quot;:&quot;1.33333&quot;},&quot;320&quot;:{&quot;columns&quot;:1,&quot;height&quot;:200,&quot;gutter&quot;:0,&quot;ratio&quot;:&quot;1.33333&quot;}},&quot;fitRows&quot;:true,&quot;equalRows&quot;:0,&quot;equalColumns&quot;:true,&quot;fillLastRow&quot;:0,&quot;centerLastRow&quot;:0,&quot;horizontalOrder&quot;:true,&quot;fullWidth&quot;:false,&quot;transitionDelay&quot;:100,&quot;gallerySlideshow&quot;:false,&quot;rowsNumber&quot;:1,&quot;slideAlign&quot;:&quot;left&quot;,&quot;groupCells&quot;:1,&quot;draggable&quot;:true,&quot;initialIndex&quot;:0,&quot;contain&quot;:false,&quot;freeScroll&quot;:false,&quot;freeFriction&quot;:&quot;0.075&quot;,&quot;friction&quot;:&quot;0.285&quot;,&quot;attraction&quot;:&quot;0.025&quot;,&quot;autoPlay&quot;:0,&quot;pageDotAriaLabel&quot;:&quot;Point de page %d&quot;,&quot;isPreview&quot;:false,&quot;isGutenberg&quot;:false,&quot;rightToLeft&quot;:false}\"><div class=\"wpgb-svg-icons\" hidden>\n\t<svg viewBox=\"0 0 120 24\" width=\"0\" height=\"0\">\n\t<defs>\n        <polygon id=\"wpgb-star-svg\" points=\"12 2.5 15.1 8.8 22 9.8 17 14.6 18.2 21.5 12 18.3 5.8 21.5 7 14.6 2 9.8 8.9 8.8\"><\/polygon>\n    <\/defs>\n    <symbol id=\"wpgb-rating-stars-svg\">\n        <use xlink:href=\"#wpgb-star-svg\"><\/use>\n        <use xlink:href=\"#wpgb-star-svg\" x=\"24\"><\/use>\n        <use xlink:href=\"#wpgb-star-svg\" x=\"48\"><\/use>\n        <use xlink:href=\"#wpgb-star-svg\" x=\"72\"><\/use>\n        <use xlink:href=\"#wpgb-star-svg\" x=\"96\"><\/use>\n    <\/symbol>\n<\/svg>\n<\/div>\n<div class=\"wpgb-wrapper\">\n\t<div class=\"wpgb-main\">\n\t<div class=\"wpgb-layout\">\n\t<div class=\"wpgb-viewport\">\n\t\t<div class=\"wpgb-masonry\">\n\t\t\t<article class=\"wpgb-card wpgb-card-4 wpgb-post-40566\" data-col=\"1\" data-row=\"1\" data-format=\"standard\"><div class=\"wpgb-card-wrapper\"><div class=\"wpgb-card-inner\"><div class=\"wpgb-card-media wpgb-scheme-light\" data-action><svg data-ratio style=\"padding-top:75%\" viewBox=\"0 0 4 3\" aria-hidden=\"true\"><\/svg><div class=\"wpgb-card-media-thumbnail\"><a href=\"https:\/\/www.imagesante.be\/wp-content\/uploads\/2026\/02\/cb08c5cb011bc9cfa7cc16326d0c4fea.jpg\" tabindex=\"-1\" class=\"wpgb-handle-lb wpgb-lightbox\" data-type=\"image\" data-rel=\"54\" data-title=\"cb08c5cb011bc9cfa7cc16326d0c4fea\" title=\"Agrandir la photo\"><div style=\"background-image:url(https:\/\/www.imagesante.be\/wp-content\/uploads\/2026\/02\/cb08c5cb011bc9cfa7cc16326d0c4fea-310x300.jpg)\"><\/div><noscript><img decoding=\"async\" class=\"wpgb-noscript-img\" src=\"https:\/\/www.imagesante.be\/wp-content\/uploads\/2026\/02\/cb08c5cb011bc9cfa7cc16326d0c4fea-310x300.jpg\" alt=\"\" height=\"300\" width=\"310\"><\/noscript><\/a><\/div><div class=\"wpgb-card-media-overlay\" data-action><a class=\"wpgb-card-layer-link\" href=\"https:\/\/www.imagesante.be\/fr\/evenement\/soiree-relais\/\"><\/a><\/div><a class=\"wpgb-card-layer-link\" href=\"https:\/\/www.imagesante.be\/fr\/evenement\/soiree-relais\/\"><\/a><\/div><div class=\"wpgb-card-content wpgb-scheme-dark\"><div class=\"wpgb-card-body\"><h4 class=\"wpgb-block-3\"><a target=\"_self\" href=\"https:\/\/www.imagesante.be\/fr\/evenement\/soiree-relais\/\">Soir\u00e9e-Relais<\/a><\/h4><div class=\"wpgb-block-1\">mardi 3 mars 2026 19:00<\/div><\/div><\/div><\/div><\/div><\/article><article class=\"wpgb-card wpgb-card-4 wpgb-post-40587\" data-col=\"1\" data-row=\"1\" data-format=\"standard\"><div class=\"wpgb-card-wrapper\"><div class=\"wpgb-card-inner\"><div class=\"wpgb-card-media wpgb-scheme-light\" data-action><svg data-ratio style=\"padding-top:75%\" viewBox=\"0 0 4 3\" aria-hidden=\"true\"><\/svg><div class=\"wpgb-card-media-thumbnail\"><a href=\"https:\/\/www.imagesante.be\/wp-content\/uploads\/2026\/02\/Muganga.jpg\" tabindex=\"-1\" class=\"wpgb-handle-lb wpgb-lightbox\" data-type=\"image\" data-rel=\"54\" data-title=\"Muganga\" title=\"Agrandir la photo\"><div style=\"background-image:url(https:\/\/www.imagesante.be\/wp-content\/uploads\/2026\/02\/Muganga-400x300.jpg)\"><\/div><noscript><img decoding=\"async\" class=\"wpgb-noscript-img\" src=\"https:\/\/www.imagesante.be\/wp-content\/uploads\/2026\/02\/Muganga-400x300.jpg\" alt=\"\" height=\"300\" width=\"400\"><\/noscript><\/a><\/div><div class=\"wpgb-card-media-overlay\" data-action><a class=\"wpgb-card-layer-link\" href=\"https:\/\/www.imagesante.be\/fr\/evenement\/soiree-cycle\/\"><\/a><\/div><a class=\"wpgb-card-layer-link\" href=\"https:\/\/www.imagesante.be\/fr\/evenement\/soiree-cycle\/\"><\/a><\/div><div class=\"wpgb-card-content wpgb-scheme-dark\"><div class=\"wpgb-card-body\"><h4 class=\"wpgb-block-3\"><a target=\"_self\" href=\"https:\/\/www.imagesante.be\/fr\/evenement\/soiree-cycle\/\">Soir\u00e9e Cycle<\/a><\/h4><div class=\"wpgb-block-1\">mercredi 10 d\u00e9cembre 2025 20:00<\/div><\/div><\/div><\/div><\/div><\/article><article class=\"wpgb-card wpgb-card-4 wpgb-post-40614\" data-col=\"1\" data-row=\"1\" data-format=\"standard\"><div class=\"wpgb-card-wrapper\"><div class=\"wpgb-card-inner\"><div class=\"wpgb-card-media wpgb-scheme-light\" data-action><svg data-ratio style=\"padding-top:75%\" viewBox=\"0 0 4 3\" aria-hidden=\"true\"><\/svg><div class=\"wpgb-card-media-thumbnail\"><a href=\"https:\/\/www.imagesante.be\/wp-content\/uploads\/2026\/02\/Affiche_A1_FR_page-0001-731x1024-1-500x700-1.jpg\" tabindex=\"-1\" class=\"wpgb-handle-lb wpgb-lightbox\" data-type=\"image\" data-rel=\"54\" data-title=\"Affiche_A1_FR_page-0001-731&#215;1024-1-500&#215;700\" title=\"Agrandir la photo\"><div style=\"background-image:url(https:\/\/www.imagesante.be\/wp-content\/uploads\/2026\/02\/Affiche_A1_FR_page-0001-731x1024-1-500x700-1-400x300.jpg)\"><\/div><noscript><img decoding=\"async\" class=\"wpgb-noscript-img\" src=\"https:\/\/www.imagesante.be\/wp-content\/uploads\/2026\/02\/Affiche_A1_FR_page-0001-731x1024-1-500x700-1-400x300.jpg\" alt=\"\" height=\"300\" width=\"400\"><\/noscript><\/a><\/div><div class=\"wpgb-card-media-overlay\" data-action><a class=\"wpgb-card-layer-link\" href=\"https:\/\/www.imagesante.be\/fr\/evenement\/soiree-cycle-3\/\"><\/a><\/div><a class=\"wpgb-card-layer-link\" href=\"https:\/\/www.imagesante.be\/fr\/evenement\/soiree-cycle-3\/\"><\/a><\/div><div class=\"wpgb-card-content wpgb-scheme-dark\"><div class=\"wpgb-card-body\"><h4 class=\"wpgb-block-3\"><a target=\"_self\" href=\"https:\/\/www.imagesante.be\/fr\/evenement\/soiree-cycle-3\/\">Soir\u00e9e Cycle<\/a><\/h4><div class=\"wpgb-block-1\">jeudi 19 juin 2025 20:00<\/div><\/div><\/div><\/div><\/div><\/article><article class=\"wpgb-card wpgb-card-4 wpgb-post-40612\" data-col=\"1\" data-row=\"1\" data-format=\"standard\"><div class=\"wpgb-card-wrapper\"><div class=\"wpgb-card-inner\"><div class=\"wpgb-card-media wpgb-scheme-light\" data-action><svg data-ratio style=\"padding-top:75%\" viewBox=\"0 0 4 3\" aria-hidden=\"true\"><\/svg><div class=\"wpgb-card-media-thumbnail\"><a href=\"https:\/\/www.imagesante.be\/wp-content\/uploads\/2025\/01\/MDP_RVB_web_15.jpg\" tabindex=\"-1\" class=\"wpgb-handle-lb wpgb-lightbox\" data-type=\"image\" data-rel=\"54\" data-title=\"MDP_RVB_web_15\" title=\"Agrandir la photo\"><div style=\"background-image:url(https:\/\/www.imagesante.be\/wp-content\/uploads\/2025\/01\/MDP_RVB_web_15-400x300.jpg)\"><\/div><noscript><img decoding=\"async\" class=\"wpgb-noscript-img\" src=\"https:\/\/www.imagesante.be\/wp-content\/uploads\/2025\/01\/MDP_RVB_web_15-400x300.jpg\" alt=\"\" height=\"300\" width=\"400\"><\/noscript><\/a><\/div><div class=\"wpgb-card-media-overlay\" data-action><a class=\"wpgb-card-layer-link\" href=\"https:\/\/www.imagesante.be\/fr\/evenement\/soiree-cycle-2\/\"><\/a><\/div><a class=\"wpgb-card-layer-link\" href=\"https:\/\/www.imagesante.be\/fr\/evenement\/soiree-cycle-2\/\"><\/a><\/div><div class=\"wpgb-card-content wpgb-scheme-dark\"><div class=\"wpgb-card-body\"><h4 class=\"wpgb-block-3\"><a target=\"_self\" href=\"https:\/\/www.imagesante.be\/fr\/evenement\/soiree-cycle-2\/\">Soir\u00e9e Cycle<\/a><\/h4><div class=\"wpgb-block-1\">mardi 10 juin 2025 20:00<\/div><\/div><\/div><\/div><\/div><\/article><article class=\"wpgb-card wpgb-card-4 wpgb-post-37568\" data-col=\"1\" data-row=\"1\" data-format=\"standard\"><div class=\"wpgb-card-wrapper\"><div class=\"wpgb-card-inner\"><div class=\"wpgb-card-media wpgb-scheme-light\" data-action><svg data-ratio style=\"padding-top:75%\" viewBox=\"0 0 4 3\" aria-hidden=\"true\"><\/svg><div class=\"wpgb-card-media-thumbnail\"><a href=\"https:\/\/www.imagesante.be\/wp-content\/uploads\/2023\/03\/230401_ceremonie-de-cloture_imagesante-99-e1738592682692.jpg\" tabindex=\"-1\" class=\"wpgb-handle-lb wpgb-lightbox\" data-type=\"image\" data-rel=\"54\" data-title=\"230401_c\u00e9r\u00e9monie de clot\u00fbre_imag\u00e9sant\u00e9-99\" title=\"Agrandir la photo\"><div style=\"background-image:url(https:\/\/www.imagesante.be\/wp-content\/uploads\/2023\/03\/230401_ceremonie-de-cloture_imagesante-99-e1738592682692-400x300.jpg)\"><\/div><noscript><img decoding=\"async\" class=\"wpgb-noscript-img\" src=\"https:\/\/www.imagesante.be\/wp-content\/uploads\/2023\/03\/230401_ceremonie-de-cloture_imagesante-99-e1738592682692-400x300.jpg\" alt=\"\" height=\"300\" width=\"400\"><\/noscript><\/a><\/div><div class=\"wpgb-card-media-overlay\" data-action><a class=\"wpgb-card-layer-link\" href=\"https:\/\/www.imagesante.be\/fr\/evenement\/ceremonie-de-cloture-du-festival-2\/\"><\/a><\/div><a class=\"wpgb-card-layer-link\" href=\"https:\/\/www.imagesante.be\/fr\/evenement\/ceremonie-de-cloture-du-festival-2\/\"><\/a><\/div><div class=\"wpgb-card-content wpgb-scheme-dark\"><div class=\"wpgb-card-body\"><h4 class=\"wpgb-block-3\"><a target=\"_self\" href=\"https:\/\/www.imagesante.be\/fr\/evenement\/ceremonie-de-cloture-du-festival-2\/\">C\u00e9r\u00e9monie de Cl\u00f4ture du Festival<\/a><\/h4><div class=\"wpgb-block-1\">samedi 29 mars 2025 19:30<\/div><\/div><\/div><\/div><\/div><\/article><article class=\"wpgb-card wpgb-card-4 wpgb-post-37563\" data-col=\"1\" data-row=\"1\" data-format=\"standard\"><div class=\"wpgb-card-wrapper\"><div class=\"wpgb-card-inner\"><div class=\"wpgb-card-media wpgb-scheme-light\" data-action><svg data-ratio style=\"padding-top:75%\" viewBox=\"0 0 4 3\" aria-hidden=\"true\"><\/svg><div class=\"wpgb-card-media-thumbnail\"><a href=\"https:\/\/www.imagesante.be\/wp-content\/uploads\/2022\/12\/krsoedfraf4.jpg\" tabindex=\"-1\" class=\"wpgb-handle-lb wpgb-lightbox\" data-type=\"image\" data-rel=\"54\" data-title=\"Photo par National Cancer Institute\" title=\"Agrandir la photo\"><div style=\"background-image:url(https:\/\/www.imagesante.be\/wp-content\/uploads\/2022\/12\/krsoedfraf4-400x300.jpg)\"><\/div><noscript><img decoding=\"async\" class=\"wpgb-noscript-img\" src=\"https:\/\/www.imagesante.be\/wp-content\/uploads\/2022\/12\/krsoedfraf4-400x300.jpg\" alt=\"man in white dress shirt wearing white goggles\" height=\"300\" width=\"400\"><\/noscript><\/a><\/div><div class=\"wpgb-card-media-overlay\" data-action><a class=\"wpgb-card-layer-link\" href=\"https:\/\/www.imagesante.be\/fr\/evenement\/soiree-operations-en-direct-2\/\"><\/a><\/div><a class=\"wpgb-card-layer-link\" href=\"https:\/\/www.imagesante.be\/fr\/evenement\/soiree-operations-en-direct-2\/\"><\/a><\/div><div class=\"wpgb-card-content wpgb-scheme-dark\"><div class=\"wpgb-card-body\"><h4 class=\"wpgb-block-3\"><a target=\"_self\" href=\"https:\/\/www.imagesante.be\/fr\/evenement\/soiree-operations-en-direct-2\/\">Soir\u00e9e Op\u00e9rations en direct<\/a><\/h4><div class=\"wpgb-block-1\">jeudi 27 mars 2025 20:00<\/div><\/div><\/div><\/div><\/div><\/article><article class=\"wpgb-card wpgb-card-4 wpgb-post-39266\" data-col=\"1\" data-row=\"1\" data-format=\"standard\"><div class=\"wpgb-card-wrapper\"><div class=\"wpgb-card-inner\"><div class=\"wpgb-card-media wpgb-scheme-light\" data-action><svg data-ratio style=\"padding-top:75%\" viewBox=\"0 0 4 3\" aria-hidden=\"true\"><\/svg><div class=\"wpgb-card-media-thumbnail\"><a href=\"https:\/\/www.imagesante.be\/wp-content\/uploads\/2025\/02\/230329_sauve-une-vie3-_imagesante-13.jpg\" tabindex=\"-1\" class=\"wpgb-handle-lb wpgb-lightbox\" data-type=\"image\" data-rel=\"54\" data-title=\"230329_sauve une vie3 _imag\u00e9sant\u00e9-13\" title=\"Agrandir la photo\"><div style=\"background-image:url(https:\/\/www.imagesante.be\/wp-content\/uploads\/2025\/02\/230329_sauve-une-vie3-_imagesante-13-400x300.jpg)\"><\/div><noscript><img decoding=\"async\" class=\"wpgb-noscript-img\" src=\"https:\/\/www.imagesante.be\/wp-content\/uploads\/2025\/02\/230329_sauve-une-vie3-_imagesante-13-400x300.jpg\" alt=\"\" height=\"300\" width=\"400\"><\/noscript><\/a><\/div><div class=\"wpgb-card-media-overlay\" data-action><a class=\"wpgb-card-layer-link\" href=\"https:\/\/www.imagesante.be\/fr\/evenement\/soiree-du-chu-et-de-luliege\/\"><\/a><\/div><a class=\"wpgb-card-layer-link\" href=\"https:\/\/www.imagesante.be\/fr\/evenement\/soiree-du-chu-et-de-luliege\/\"><\/a><\/div><div class=\"wpgb-card-content wpgb-scheme-dark\"><div class=\"wpgb-card-body\"><h4 class=\"wpgb-block-3\"><a target=\"_self\" href=\"https:\/\/www.imagesante.be\/fr\/evenement\/soiree-du-chu-et-de-luliege\/\">Sant\u00e9, \u00e0 vous de jouer!<\/a><\/h4><div class=\"wpgb-block-1\">lundi 24 mars 2025 20:00<\/div><\/div><\/div><\/div><\/div><\/article><article class=\"wpgb-card wpgb-card-4 wpgb-post-37565\" data-col=\"1\" data-row=\"1\" data-format=\"standard\"><div class=\"wpgb-card-wrapper\"><div class=\"wpgb-card-inner\"><div class=\"wpgb-card-media wpgb-scheme-light\" data-action><svg data-ratio style=\"padding-top:75%\" viewBox=\"0 0 4 3\" aria-hidden=\"true\"><\/svg><div class=\"wpgb-card-media-thumbnail\"><a href=\"https:\/\/www.imagesante.be\/wp-content\/uploads\/2019\/06\/58697208_WihcoIF4itoR1ubCGXyrY4BqTL8jcLgQWA-35qsQLLE.jpg\" tabindex=\"-1\" class=\"wpgb-handle-lb wpgb-lightbox\" data-type=\"image\" data-rel=\"54\" data-title=\"Cin\u00e9ma Le Parc (Les Grignoux)\" title=\"Agrandir la photo\"><div style=\"background-image:url(https:\/\/www.imagesante.be\/wp-content\/uploads\/2019\/06\/58697208_WihcoIF4itoR1ubCGXyrY4BqTL8jcLgQWA-35qsQLLE.jpg)\"><\/div><noscript><img decoding=\"async\" class=\"wpgb-noscript-img\" src=\"https:\/\/www.imagesante.be\/wp-content\/uploads\/2019\/06\/58697208_WihcoIF4itoR1ubCGXyrY4BqTL8jcLgQWA-35qsQLLE.jpg\" alt=\"Cin\u00e9ma Le Parc (Les Grignoux)\" height=\"300\" width=\"300\"><\/noscript><\/a><\/div><div class=\"wpgb-card-media-overlay\" data-action><a class=\"wpgb-card-layer-link\" href=\"https:\/\/www.imagesante.be\/fr\/evenement\/ceremonie-douverture-du-festival\/\"><\/a><\/div><a class=\"wpgb-card-layer-link\" href=\"https:\/\/www.imagesante.be\/fr\/evenement\/ceremonie-douverture-du-festival\/\"><\/a><\/div><div class=\"wpgb-card-content wpgb-scheme-dark\"><div class=\"wpgb-card-body\"><h4 class=\"wpgb-block-3\"><a target=\"_self\" href=\"https:\/\/www.imagesante.be\/fr\/evenement\/ceremonie-douverture-du-festival\/\">C\u00e9r\u00e9monie d&#8217;Ouverture du Festival<\/a><\/h4><div class=\"wpgb-block-1\">dimanche 23 mars 2025 19:30<\/div><\/div><\/div><\/div><\/div><\/article>\t\t<\/div>\n\t<\/div>\n\t<div class=\"wpgb-loader\">\n\t<div class=\"wpgb-loader-3\">\n\t\t<div><\/div>\t<\/div>\n<\/div>\n<\/div>\n\t<\/div>\n\t\t<\/div>\n<\/div>\n\n<p>[\/et_pb_text][\/et_pb_column][\/et_pb_row][\/et_pb_section]<\/p>\n","protected":false},"excerpt":{"rendered":"<p>Soir\u00e9es &#8211; Ev\u00e9nements Imag\u00e9Sant\u00e9 2025<\/p>\n","protected":false},"author":1,"featured_media":0,"parent":0,"menu_order":0,"comment_status":"closed","ping_status":"closed","template":"","meta":{"_acf_changed":false,"_et_pb_use_builder":"on","_et_pb_old_content":"","_et_gb_content_width":"","_lmt_disableupdate":"no","_lmt_disable":"","_monsterinsights_skip_tracking":false,"_monsterinsights_sitenote_active":false,"_monsterinsights_sitenote_note":"","_monsterinsights_sitenote_category":0,"footnotes":"","_wp_rev_ctl_limit":""},"class_list":["post-37261","page","type-page","status-publish","hentry"],"acf":[],"yoast_head":"<!-- This site is optimized with the Yoast SEO plugin v25.0 - https:\/\/yoast.com\/wordpress\/plugins\/seo\/ -->\n<title>Soir\u00e9es - Ev\u00e9nements - Festival Imag\u00e9sant\u00e9<\/title>\n<meta name=\"description\" content=\"Soir\u00e9es - Ev\u00e9nements Imag\u00e9Sant\u00e9 2025\" \/>\n<meta name=\"robots\" content=\"index, follow, max-snippet:-1, max-image-preview:large, max-video-preview:-1\" \/>\n<link rel=\"canonical\" href=\"https:\/\/www.imagesante.be\/fr\/soirees-evenements-de-2025\/\" \/>\n<meta property=\"og:locale\" content=\"fr_FR\" \/>\n<meta property=\"og:type\" content=\"article\" \/>\n<meta property=\"og:title\" content=\"Soir\u00e9es - Ev\u00e9nements - Festival Imag\u00e9sant\u00e9\" \/>\n<meta property=\"og:description\" content=\"Soir\u00e9es - Ev\u00e9nements Imag\u00e9Sant\u00e9 2025\" \/>\n<meta property=\"og:url\" content=\"https:\/\/www.imagesante.be\/fr\/soirees-evenements-de-2025\/\" \/>\n<meta property=\"og:site_name\" content=\"Festival Imag\u00e9sant\u00e9\" \/>\n<meta property=\"article:modified_time\" content=\"2025-02-25T11:41:08+00:00\" \/>\n<meta name=\"twitter:card\" content=\"summary_large_image\" \/>\n<script type=\"application\/ld+json\" class=\"yoast-schema-graph\">{\"@context\":\"https:\/\/schema.org\",\"@graph\":[{\"@type\":\"WebPage\",\"@id\":\"https:\/\/www.imagesante.be\/fr\/soirees-evenements-de-2025\/\",\"url\":\"https:\/\/www.imagesante.be\/fr\/soirees-evenements-de-2025\/\",\"name\":\"Soir\u00e9es - Ev\u00e9nements - Festival Imag\u00e9sant\u00e9\",\"isPartOf\":{\"@id\":\"https:\/\/www.imagesante.be\/fr\/#website\"},\"datePublished\":\"2025-01-23T11:03:25+00:00\",\"dateModified\":\"2025-02-25T11:41:08+00:00\",\"description\":\"Soir\u00e9es - Ev\u00e9nements Imag\u00e9Sant\u00e9 2025\",\"breadcrumb\":{\"@id\":\"https:\/\/www.imagesante.be\/fr\/soirees-evenements-de-2025\/#breadcrumb\"},\"inLanguage\":\"fr-FR\",\"potentialAction\":[{\"@type\":\"ReadAction\",\"target\":[\"https:\/\/www.imagesante.be\/fr\/soirees-evenements-de-2025\/\"]}]},{\"@type\":\"BreadcrumbList\",\"@id\":\"https:\/\/www.imagesante.be\/fr\/soirees-evenements-de-2025\/#breadcrumb\",\"itemListElement\":[{\"@type\":\"ListItem\",\"position\":1,\"name\":\"Accueil\",\"item\":\"https:\/\/www.imagesante.be\/fr\/\"},{\"@type\":\"ListItem\",\"position\":2,\"name\":\"Soir\u00e9es &#8211; Ev\u00e9nements\"}]},{\"@type\":\"WebSite\",\"@id\":\"https:\/\/www.imagesante.be\/fr\/#website\",\"url\":\"https:\/\/www.imagesante.be\/fr\/\",\"name\":\"Festival Imag\u00e9sant\u00e9\",\"description\":\"\",\"publisher\":{\"@id\":\"https:\/\/www.imagesante.be\/fr\/#organization\"},\"potentialAction\":[{\"@type\":\"SearchAction\",\"target\":{\"@type\":\"EntryPoint\",\"urlTemplate\":\"https:\/\/www.imagesante.be\/fr\/?s={search_term_string}\"},\"query-input\":{\"@type\":\"PropertyValueSpecification\",\"valueRequired\":true,\"valueName\":\"search_term_string\"}}],\"inLanguage\":\"fr-FR\"},{\"@type\":\"Organization\",\"@id\":\"https:\/\/www.imagesante.be\/fr\/#organization\",\"name\":\"Imag\u00e9Sant\u00e9\",\"url\":\"https:\/\/www.imagesante.be\/fr\/\",\"logo\":{\"@type\":\"ImageObject\",\"inLanguage\":\"fr-FR\",\"@id\":\"https:\/\/www.imagesante.be\/fr\/#\/schema\/logo\/image\/\",\"url\":\"https:\/\/www.imagesante.be\/wp-content\/uploads\/2019\/06\/Festival-positif-carre.jpg\",\"contentUrl\":\"https:\/\/www.imagesante.be\/wp-content\/uploads\/2019\/06\/Festival-positif-carre.jpg\",\"width\":498,\"height\":498,\"caption\":\"Imag\u00e9Sant\u00e9\"},\"image\":{\"@id\":\"https:\/\/www.imagesante.be\/fr\/#\/schema\/logo\/image\/\"}}]}<\/script>\n<!-- \/ Yoast SEO plugin. -->","yoast_head_json":{"title":"Soir\u00e9es - Ev\u00e9nements - Festival Imag\u00e9sant\u00e9","description":"Soir\u00e9es - Ev\u00e9nements Imag\u00e9Sant\u00e9 2025","robots":{"index":"index","follow":"follow","max-snippet":"max-snippet:-1","max-image-preview":"max-image-preview:large","max-video-preview":"max-video-preview:-1"},"canonical":"https:\/\/www.imagesante.be\/fr\/soirees-evenements-de-2025\/","og_locale":"fr_FR","og_type":"article","og_title":"Soir\u00e9es - Ev\u00e9nements - Festival Imag\u00e9sant\u00e9","og_description":"Soir\u00e9es - Ev\u00e9nements Imag\u00e9Sant\u00e9 2025","og_url":"https:\/\/www.imagesante.be\/fr\/soirees-evenements-de-2025\/","og_site_name":"Festival Imag\u00e9sant\u00e9","article_modified_time":"2025-02-25T11:41:08+00:00","twitter_card":"summary_large_image","schema":{"@context":"https:\/\/schema.org","@graph":[{"@type":"WebPage","@id":"https:\/\/www.imagesante.be\/fr\/soirees-evenements-de-2025\/","url":"https:\/\/www.imagesante.be\/fr\/soirees-evenements-de-2025\/","name":"Soir\u00e9es - Ev\u00e9nements - Festival Imag\u00e9sant\u00e9","isPartOf":{"@id":"https:\/\/www.imagesante.be\/fr\/#website"},"datePublished":"2025-01-23T11:03:25+00:00","dateModified":"2025-02-25T11:41:08+00:00","description":"Soir\u00e9es - Ev\u00e9nements Imag\u00e9Sant\u00e9 2025","breadcrumb":{"@id":"https:\/\/www.imagesante.be\/fr\/soirees-evenements-de-2025\/#breadcrumb"},"inLanguage":"fr-FR","potentialAction":[{"@type":"ReadAction","target":["https:\/\/www.imagesante.be\/fr\/soirees-evenements-de-2025\/"]}]},{"@type":"BreadcrumbList","@id":"https:\/\/www.imagesante.be\/fr\/soirees-evenements-de-2025\/#breadcrumb","itemListElement":[{"@type":"ListItem","position":1,"name":"Accueil","item":"https:\/\/www.imagesante.be\/fr\/"},{"@type":"ListItem","position":2,"name":"Soir\u00e9es &#8211; Ev\u00e9nements"}]},{"@type":"WebSite","@id":"https:\/\/www.imagesante.be\/fr\/#website","url":"https:\/\/www.imagesante.be\/fr\/","name":"Festival Imag\u00e9sant\u00e9","description":"","publisher":{"@id":"https:\/\/www.imagesante.be\/fr\/#organization"},"potentialAction":[{"@type":"SearchAction","target":{"@type":"EntryPoint","urlTemplate":"https:\/\/www.imagesante.be\/fr\/?s={search_term_string}"},"query-input":{"@type":"PropertyValueSpecification","valueRequired":true,"valueName":"search_term_string"}}],"inLanguage":"fr-FR"},{"@type":"Organization","@id":"https:\/\/www.imagesante.be\/fr\/#organization","name":"Imag\u00e9Sant\u00e9","url":"https:\/\/www.imagesante.be\/fr\/","logo":{"@type":"ImageObject","inLanguage":"fr-FR","@id":"https:\/\/www.imagesante.be\/fr\/#\/schema\/logo\/image\/","url":"https:\/\/www.imagesante.be\/wp-content\/uploads\/2019\/06\/Festival-positif-carre.jpg","contentUrl":"https:\/\/www.imagesante.be\/wp-content\/uploads\/2019\/06\/Festival-positif-carre.jpg","width":498,"height":498,"caption":"Imag\u00e9Sant\u00e9"},"image":{"@id":"https:\/\/www.imagesante.be\/fr\/#\/schema\/logo\/image\/"}}]}},"_links":{"self":[{"href":"https:\/\/www.imagesante.be\/fr\/wp-json\/wp\/v2\/pages\/37261","targetHints":{"allow":["GET"]}}],"collection":[{"href":"https:\/\/www.imagesante.be\/fr\/wp-json\/wp\/v2\/pages"}],"about":[{"href":"https:\/\/www.imagesante.be\/fr\/wp-json\/wp\/v2\/types\/page"}],"author":[{"embeddable":true,"href":"https:\/\/www.imagesante.be\/fr\/wp-json\/wp\/v2\/users\/1"}],"replies":[{"embeddable":true,"href":"https:\/\/www.imagesante.be\/fr\/wp-json\/wp\/v2\/comments?post=37261"}],"version-history":[{"count":10,"href":"https:\/\/www.imagesante.be\/fr\/wp-json\/wp\/v2\/pages\/37261\/revisions"}],"predecessor-version":[{"id":39280,"href":"https:\/\/www.imagesante.be\/fr\/wp-json\/wp\/v2\/pages\/37261\/revisions\/39280"}],"wp:attachment":[{"href":"https:\/\/www.imagesante.be\/fr\/wp-json\/wp\/v2\/media?parent=37261"}],"curies":[{"name":"wp","href":"https:\/\/api.w.org\/{rel}","templated":true}]}}