{"id":23976,"date":"2020-02-14T17:32:00","date_gmt":"2020-02-14T16:32:00","guid":{"rendered":"http:\/\/www.imagesante.be\/?page_id=23976"},"modified":"2020-02-17T14:31:15","modified_gmt":"2020-02-17T13:31:15","slug":"sebastien-jodogne","status":"publish","type":"page","link":"https:\/\/www.imagesante.be\/fr\/sebastien-jodogne\/","title":{"rendered":"S\u00e9bastien JODOGNE"},"content":{"rendered":"<p>[et_pb_section fb_built=&#8221;1&#8243; admin_label=&#8221;section&#8221; _builder_version=&#8221;3.22.4&#8243; parallax=&#8221;on&#8221; custom_margin=&#8221;0px||0px&#8221; custom_padding=&#8221;30px||30px|&#8221; global_module=&#8221;17349&#8243; saved_tabs=&#8221;all&#8221;][et_pb_row column_padding_mobile=&#8221;on&#8221; admin_label=&#8221;row&#8221; _builder_version=&#8221;3.25&#8243; background_size=&#8221;initial&#8221; background_position=&#8221;top_left&#8221; background_repeat=&#8221;repeat&#8221; custom_margin=&#8221;0px||0px&#8221; custom_padding=&#8221;0px||10px|&#8221;][et_pb_column type=&#8221;4_4&#8243; _builder_version=&#8221;3.25&#8243; custom_padding=&#8221;|||&#8221; custom_padding__hover=&#8221;|||&#8221;][et_pb_post_title meta=&#8221;off&#8221; featured_image=&#8221;off&#8221; _builder_version=&#8221;3.29.3&#8243; title_font=&#8221;||||||||&#8221; title_text_align=&#8221;center&#8221; title_font_size=&#8221;35px&#8221; background_color=&#8221;rgba(255,255,255,0)&#8221; custom_margin=&#8221;0px||0px|&#8221; custom_padding=&#8221;0px||0px|&#8221; title_font_size_last_edited=&#8221;off|desktop&#8221; z_index_tablet=&#8221;500&#8243;][\/et_pb_post_title][\/et_pb_column][\/et_pb_row][\/et_pb_section][et_pb_section fb_built=&#8221;1&#8243; custom_padding_last_edited=&#8221;on|desktop&#8221; admin_label=&#8221;section&#8221; _builder_version=&#8221;3.22.3&#8243; custom_padding=&#8221;10px|||&#8221; custom_padding_tablet=&#8221;50px|0|50px|0&#8243; custom_padding_phone=&#8221;&#8221; transparent_background=&#8221;off&#8221; padding_mobile=&#8221;off&#8221;][et_pb_row column_structure=&#8221;2_5,3_5&#8243; admin_label=&#8221;row&#8221; _builder_version=&#8221;3.25&#8243; background_size=&#8221;initial&#8221; background_position=&#8221;top_left&#8221; background_repeat=&#8221;repeat&#8221;][et_pb_column type=&#8221;2_5&#8243; _builder_version=&#8221;3.25&#8243; custom_padding=&#8221;|||&#8221; custom_padding__hover=&#8221;|||&#8221;][et_pb_image src=&#8221;https:\/\/www.imagesante.be\/wp-content\/uploads\/2020\/02\/S\u00e9bastien-JODOGNE-scaled-e1581929466418-300&#215;300.jpg&#8221; _builder_version=&#8221;4.3.2&#8243; hover_enabled=&#8221;0&#8243;][\/et_pb_image][\/et_pb_column][et_pb_column type=&#8221;3_5&#8243; _builder_version=&#8221;3.25&#8243; custom_padding=&#8221;|||&#8221; custom_padding__hover=&#8221;|||&#8221;][et_pb_text _builder_version=&#8221;4.3.2&#8243; module_alignment=&#8221;left&#8221; hover_enabled=&#8221;0&#8243; z_index_tablet=&#8221;500&#8243;]S\u00e9bastien Jodogne est docteur en sciences informatiques de l&#8217;ULi\u00e8ge. Ses domaines d&#8217;expertise comprennent notamment l&#8217;informatique m\u00e9dicale, la vision par ordinateur et l&#8217;apprentissage automatique.<\/p>\n<p>Ses travaux de recherche en informatique th\u00e9orique ont \u00e9t\u00e9 r\u00e9compens\u00e9s par le Prix IBM Belgium d&#8217;Informatique en 2002. De 2006 \u00e0 2011, il a d\u00e9velopp\u00e9 des algorithmes d&#8217;analyse d&#8217;images \u00e0 haute performance dans plusieurs entreprises priv\u00e9es actives dans les domaines de la vision industrielle, de la vid\u00e9osurveillance et de la t\u00e9l\u00e9diffusion. De 2011 \u00e0 2016, il a travaill\u00e9 en tant qu&#8217;ing\u00e9nieur en imagerie m\u00e9dicale au sein du Centre Hospitalier Universitaire de Li\u00e8ge. Son travail sur le logiciel libre et open-source Orthanc pour l&#8217;imagerie m\u00e9dicale a \u00e9t\u00e9 r\u00e9compens\u00e9 par le Prix international du logiciel libre 2014 de la Free Software Foundation, ainsi que par le Prix du meilleur projet en sant\u00e9 \u00e9lectronique 2015 de la F\u00e9d\u00e9ration Agoria.<\/p>\n<p>S\u00e9bastien Jodogne a \u00e9t\u00e9 fait Chevalier du M\u00e9rite Wallon et fait partie des Digital Wallonia Champions. Il est charg\u00e9 de cours adjoint \u00e0 l&#8217;ULi\u00e8ge. Il travaille maintenant en tant que CSO (Chief Scientific Officer) de la spin-off Osimis, active en imagerie m\u00e9dicale, dont il est cofondateur.<br \/>\n[\/et_pb_text][\/et_pb_column][\/et_pb_row][\/et_pb_section]<\/p>\n","protected":false},"excerpt":{"rendered":"<p>Audrey VANHAUDENHUYSE<\/p>\n","protected":false},"author":18,"featured_media":0,"parent":0,"menu_order":0,"comment_status":"closed","ping_status":"closed","template":"","meta":{"_acf_changed":false,"_et_pb_use_builder":"on","_et_pb_old_content":"","_et_gb_content_width":"","_lmt_disableupdate":"","_lmt_disable":"","_monsterinsights_skip_tracking":false,"_monsterinsights_sitenote_active":false,"_monsterinsights_sitenote_note":"","_monsterinsights_sitenote_category":0,"footnotes":"","_wp_rev_ctl_limit":""},"class_list":["post-23976","page","type-page","status-publish","hentry"],"acf":[],"yoast_head":"<!-- This site is optimized with the Yoast SEO plugin v25.0 - https:\/\/yoast.com\/wordpress\/plugins\/seo\/ -->\n<title>S\u00e9bastien JODOGNE - Festival Imag\u00e9sant\u00e9<\/title>\n<meta name=\"description\" content=\"Audrey VANHAUDENHUYSE\" \/>\n<meta name=\"robots\" content=\"index, follow, max-snippet:-1, max-image-preview:large, max-video-preview:-1\" \/>\n<link rel=\"canonical\" href=\"https:\/\/www.imagesante.be\/fr\/sebastien-jodogne\/\" \/>\n<meta property=\"og:locale\" content=\"fr_FR\" \/>\n<meta property=\"og:type\" content=\"article\" \/>\n<meta property=\"og:title\" content=\"S\u00e9bastien JODOGNE - Festival Imag\u00e9sant\u00e9\" \/>\n<meta property=\"og:description\" content=\"Audrey VANHAUDENHUYSE\" \/>\n<meta property=\"og:url\" content=\"https:\/\/www.imagesante.be\/fr\/sebastien-jodogne\/\" \/>\n<meta property=\"og:site_name\" content=\"Festival Imag\u00e9sant\u00e9\" \/>\n<meta property=\"article:modified_time\" content=\"2020-02-17T13:31:15+00:00\" \/>\n<meta name=\"twitter:card\" content=\"summary_large_image\" \/>\n<script type=\"application\/ld+json\" class=\"yoast-schema-graph\">{\"@context\":\"https:\/\/schema.org\",\"@graph\":[{\"@type\":\"WebPage\",\"@id\":\"https:\/\/www.imagesante.be\/fr\/sebastien-jodogne\/\",\"url\":\"https:\/\/www.imagesante.be\/fr\/sebastien-jodogne\/\",\"name\":\"S\u00e9bastien JODOGNE - Festival Imag\u00e9sant\u00e9\",\"isPartOf\":{\"@id\":\"https:\/\/www.imagesante.be\/fr\/#website\"},\"datePublished\":\"2020-02-14T16:32:00+00:00\",\"dateModified\":\"2020-02-17T13:31:15+00:00\",\"description\":\"Audrey VANHAUDENHUYSE\",\"breadcrumb\":{\"@id\":\"https:\/\/www.imagesante.be\/fr\/sebastien-jodogne\/#breadcrumb\"},\"inLanguage\":\"fr-FR\",\"potentialAction\":[{\"@type\":\"ReadAction\",\"target\":[\"https:\/\/www.imagesante.be\/fr\/sebastien-jodogne\/\"]}]},{\"@type\":\"BreadcrumbList\",\"@id\":\"https:\/\/www.imagesante.be\/fr\/sebastien-jodogne\/#breadcrumb\",\"itemListElement\":[{\"@type\":\"ListItem\",\"position\":1,\"name\":\"Accueil\",\"item\":\"https:\/\/www.imagesante.be\/fr\/\"},{\"@type\":\"ListItem\",\"position\":2,\"name\":\"S\u00e9bastien JODOGNE\"}]},{\"@type\":\"WebSite\",\"@id\":\"https:\/\/www.imagesante.be\/fr\/#website\",\"url\":\"https:\/\/www.imagesante.be\/fr\/\",\"name\":\"Festival Imag\u00e9sant\u00e9\",\"description\":\"\",\"publisher\":{\"@id\":\"https:\/\/www.imagesante.be\/fr\/#organization\"},\"potentialAction\":[{\"@type\":\"SearchAction\",\"target\":{\"@type\":\"EntryPoint\",\"urlTemplate\":\"https:\/\/www.imagesante.be\/fr\/?s={search_term_string}\"},\"query-input\":{\"@type\":\"PropertyValueSpecification\",\"valueRequired\":true,\"valueName\":\"search_term_string\"}}],\"inLanguage\":\"fr-FR\"},{\"@type\":\"Organization\",\"@id\":\"https:\/\/www.imagesante.be\/fr\/#organization\",\"name\":\"Imag\u00e9Sant\u00e9\",\"url\":\"https:\/\/www.imagesante.be\/fr\/\",\"logo\":{\"@type\":\"ImageObject\",\"inLanguage\":\"fr-FR\",\"@id\":\"https:\/\/www.imagesante.be\/fr\/#\/schema\/logo\/image\/\",\"url\":\"https:\/\/www.imagesante.be\/wp-content\/uploads\/2019\/06\/Festival-positif-carre.jpg\",\"contentUrl\":\"https:\/\/www.imagesante.be\/wp-content\/uploads\/2019\/06\/Festival-positif-carre.jpg\",\"width\":498,\"height\":498,\"caption\":\"Imag\u00e9Sant\u00e9\"},\"image\":{\"@id\":\"https:\/\/www.imagesante.be\/fr\/#\/schema\/logo\/image\/\"}}]}<\/script>\n<!-- \/ Yoast SEO plugin. -->","yoast_head_json":{"title":"S\u00e9bastien JODOGNE - Festival Imag\u00e9sant\u00e9","description":"Audrey VANHAUDENHUYSE","robots":{"index":"index","follow":"follow","max-snippet":"max-snippet:-1","max-image-preview":"max-image-preview:large","max-video-preview":"max-video-preview:-1"},"canonical":"https:\/\/www.imagesante.be\/fr\/sebastien-jodogne\/","og_locale":"fr_FR","og_type":"article","og_title":"S\u00e9bastien JODOGNE - Festival Imag\u00e9sant\u00e9","og_description":"Audrey VANHAUDENHUYSE","og_url":"https:\/\/www.imagesante.be\/fr\/sebastien-jodogne\/","og_site_name":"Festival Imag\u00e9sant\u00e9","article_modified_time":"2020-02-17T13:31:15+00:00","twitter_card":"summary_large_image","schema":{"@context":"https:\/\/schema.org","@graph":[{"@type":"WebPage","@id":"https:\/\/www.imagesante.be\/fr\/sebastien-jodogne\/","url":"https:\/\/www.imagesante.be\/fr\/sebastien-jodogne\/","name":"S\u00e9bastien JODOGNE - Festival Imag\u00e9sant\u00e9","isPartOf":{"@id":"https:\/\/www.imagesante.be\/fr\/#website"},"datePublished":"2020-02-14T16:32:00+00:00","dateModified":"2020-02-17T13:31:15+00:00","description":"Audrey VANHAUDENHUYSE","breadcrumb":{"@id":"https:\/\/www.imagesante.be\/fr\/sebastien-jodogne\/#breadcrumb"},"inLanguage":"fr-FR","potentialAction":[{"@type":"ReadAction","target":["https:\/\/www.imagesante.be\/fr\/sebastien-jodogne\/"]}]},{"@type":"BreadcrumbList","@id":"https:\/\/www.imagesante.be\/fr\/sebastien-jodogne\/#breadcrumb","itemListElement":[{"@type":"ListItem","position":1,"name":"Accueil","item":"https:\/\/www.imagesante.be\/fr\/"},{"@type":"ListItem","position":2,"name":"S\u00e9bastien JODOGNE"}]},{"@type":"WebSite","@id":"https:\/\/www.imagesante.be\/fr\/#website","url":"https:\/\/www.imagesante.be\/fr\/","name":"Festival Imag\u00e9sant\u00e9","description":"","publisher":{"@id":"https:\/\/www.imagesante.be\/fr\/#organization"},"potentialAction":[{"@type":"SearchAction","target":{"@type":"EntryPoint","urlTemplate":"https:\/\/www.imagesante.be\/fr\/?s={search_term_string}"},"query-input":{"@type":"PropertyValueSpecification","valueRequired":true,"valueName":"search_term_string"}}],"inLanguage":"fr-FR"},{"@type":"Organization","@id":"https:\/\/www.imagesante.be\/fr\/#organization","name":"Imag\u00e9Sant\u00e9","url":"https:\/\/www.imagesante.be\/fr\/","logo":{"@type":"ImageObject","inLanguage":"fr-FR","@id":"https:\/\/www.imagesante.be\/fr\/#\/schema\/logo\/image\/","url":"https:\/\/www.imagesante.be\/wp-content\/uploads\/2019\/06\/Festival-positif-carre.jpg","contentUrl":"https:\/\/www.imagesante.be\/wp-content\/uploads\/2019\/06\/Festival-positif-carre.jpg","width":498,"height":498,"caption":"Imag\u00e9Sant\u00e9"},"image":{"@id":"https:\/\/www.imagesante.be\/fr\/#\/schema\/logo\/image\/"}}]}},"_links":{"self":[{"href":"https:\/\/www.imagesante.be\/fr\/wp-json\/wp\/v2\/pages\/23976","targetHints":{"allow":["GET"]}}],"collection":[{"href":"https:\/\/www.imagesante.be\/fr\/wp-json\/wp\/v2\/pages"}],"about":[{"href":"https:\/\/www.imagesante.be\/fr\/wp-json\/wp\/v2\/types\/page"}],"author":[{"embeddable":true,"href":"https:\/\/www.imagesante.be\/fr\/wp-json\/wp\/v2\/users\/18"}],"replies":[{"embeddable":true,"href":"https:\/\/www.imagesante.be\/fr\/wp-json\/wp\/v2\/comments?post=23976"}],"version-history":[{"count":0,"href":"https:\/\/www.imagesante.be\/fr\/wp-json\/wp\/v2\/pages\/23976\/revisions"}],"wp:attachment":[{"href":"https:\/\/www.imagesante.be\/fr\/wp-json\/wp\/v2\/media?parent=23976"}],"curies":[{"name":"wp","href":"https:\/\/api.w.org\/{rel}","templated":true}]}}