{"id":22291,"date":"2020-01-24T10:20:21","date_gmt":"2020-01-24T09:20:21","guid":{"rendered":"http:\/\/www.imagesante.be\/?page_id=22291"},"modified":"2020-02-21T17:36:25","modified_gmt":"2020-02-21T16:36:25","slug":"corine-sombrun","status":"publish","type":"page","link":"https:\/\/www.imagesante.be\/fr\/corine-sombrun\/","title":{"rendered":"Corine SOMBRUN"},"content":{"rendered":"<p>[et_pb_section fb_built=&#8221;1&#8243; admin_label=&#8221;section&#8221; _builder_version=&#8221;3.22.4&#8243; parallax=&#8221;on&#8221; custom_margin=&#8221;0px||0px&#8221; custom_padding=&#8221;30px||30px|&#8221; global_module=&#8221;17349&#8243; saved_tabs=&#8221;all&#8221;][et_pb_row column_padding_mobile=&#8221;on&#8221; admin_label=&#8221;row&#8221; _builder_version=&#8221;4.3.2&#8243; background_size=&#8221;initial&#8221; background_position=&#8221;top_left&#8221; background_repeat=&#8221;repeat&#8221; module_alignment=&#8221;center&#8221; custom_margin=&#8221;10px||0px||false|false&#8221; custom_padding=&#8221;0px||10px||false|false&#8221;][et_pb_column type=&#8221;4_4&#8243; _builder_version=&#8221;3.25&#8243; custom_padding=&#8221;|||&#8221; custom_padding__hover=&#8221;|||&#8221;][et_pb_post_title meta=&#8221;off&#8221; featured_image=&#8221;off&#8221; _builder_version=&#8221;4.3.2&#8243; title_font=&#8221;||||||||&#8221; title_text_align=&#8221;center&#8221; title_font_size=&#8221;35px&#8221; background_color=&#8221;rgba(255,255,255,0)&#8221; custom_margin=&#8221;0px||0px||false|false&#8221; custom_padding=&#8221;30px||0px||false|false&#8221; title_font_size_last_edited=&#8221;off|desktop&#8221; z_index_tablet=&#8221;500&#8243; custom_css_post_title=&#8221;color:#b09458&#8243;][\/et_pb_post_title][\/et_pb_column][\/et_pb_row][\/et_pb_section][et_pb_section fb_built=&#8221;1&#8243; custom_padding_last_edited=&#8221;on|desktop&#8221; admin_label=&#8221;section&#8221; _builder_version=&#8221;3.22.3&#8243; custom_padding=&#8221;10px|||&#8221; custom_padding_tablet=&#8221;50px|0|50px|0&#8243; custom_padding_phone=&#8221;&#8221; transparent_background=&#8221;off&#8221; padding_mobile=&#8221;off&#8221;][et_pb_row column_structure=&#8221;2_5,3_5&#8243; admin_label=&#8221;row&#8221; _builder_version=&#8221;3.25&#8243; background_size=&#8221;initial&#8221; background_position=&#8221;top_left&#8221; background_repeat=&#8221;repeat&#8221;][et_pb_column type=&#8221;2_5&#8243; _builder_version=&#8221;3.25&#8243; custom_padding=&#8221;|||&#8221; custom_padding__hover=&#8221;|||&#8221;][et_pb_image src=&#8221;https:\/\/www.imagesante.be\/wp-content\/uploads\/2020\/01\/Conf\u00e9rence-Sombrun-\u00a9philippedobrowolska-.png&#8221; _builder_version=&#8221;4.1&#8243;][\/et_pb_image][\/et_pb_column][et_pb_column type=&#8221;3_5&#8243; _builder_version=&#8221;3.25&#8243; custom_padding=&#8221;|||&#8221; custom_padding__hover=&#8221;|||&#8221;][et_pb_text _builder_version=&#8221;4.3.2&#8243; module_alignment=&#8221;left&#8221; hover_enabled=&#8221;0&#8243; z_index_tablet=&#8221;500&#8243;]<\/p>\n<p>Reconnue par les chamanes de Mongolie comme l\u2019une des leurs et form\u00e9e pendant plusieurs ann\u00e9es aux rituels et techniques de transe, Corine SOMBRUN est \u00e0 l\u2019origine des premi\u00e8res recherches scientifiques sur la transe chamanique mongole.<\/p>\n<p>Auteure d\u2019une technique pour induire un \u00e9tat de transe par la seule volont\u00e9, elle collabore depuis 2007 avec de nombreux chercheurs, dont l\u2019\u00e9quipe du Giga Consciousness (CHU de Li\u00e8ge).<\/p>\n<p>Elle a fond\u00e9 en 2019 avec le Pr. Francis TAULELLE, le TranceScience Research Institute, un r\u00e9seau international de chercheurs investis dans l\u2019\u00e9tude des m\u00e9canismes et des applications th\u00e9rapeutiques li\u00e9s \u00e0 ce potentiel.<\/p>\n<p>Elle est \u00e9galement l\u2019auteur de plusieurs livres dont Les esprits de la steppe (Albin MICHEL) et Mon initiation chez les chamanes, adapt\u00e9 au cin\u00e9ma par Fabienne Berthaud sous le titre Un monde plus grand, avec C\u00e9cile DE FRANCE.<\/p>\n<p>[\/et_pb_text][\/et_pb_column][\/et_pb_row][\/et_pb_section]<\/p>\n","protected":false},"excerpt":{"rendered":"<p>Henri DE GERLACHE<\/p>\n","protected":false},"author":18,"featured_media":22166,"parent":0,"menu_order":0,"comment_status":"closed","ping_status":"closed","template":"","meta":{"_acf_changed":false,"_et_pb_use_builder":"on","_et_pb_old_content":"","_et_gb_content_width":"","_lmt_disableupdate":"","_lmt_disable":"","_monsterinsights_skip_tracking":false,"_monsterinsights_sitenote_active":false,"_monsterinsights_sitenote_note":"","_monsterinsights_sitenote_category":0,"footnotes":"","_wp_rev_ctl_limit":""},"class_list":["post-22291","page","type-page","status-publish","has-post-thumbnail","hentry"],"acf":[],"yoast_head":"<!-- This site is optimized with the Yoast SEO plugin v25.0 - https:\/\/yoast.com\/wordpress\/plugins\/seo\/ -->\n<title>Corine SOMBRUN - Festival Imag\u00e9sant\u00e9<\/title>\n<meta name=\"description\" content=\"Henri DE GERLACHE\" \/>\n<meta name=\"robots\" content=\"index, follow, max-snippet:-1, max-image-preview:large, max-video-preview:-1\" \/>\n<link rel=\"canonical\" href=\"https:\/\/www.imagesante.be\/fr\/corine-sombrun\/\" \/>\n<meta property=\"og:locale\" content=\"fr_FR\" \/>\n<meta property=\"og:type\" content=\"article\" \/>\n<meta property=\"og:title\" content=\"Corine SOMBRUN - Festival Imag\u00e9sant\u00e9\" \/>\n<meta property=\"og:description\" content=\"Henri DE GERLACHE\" \/>\n<meta property=\"og:url\" content=\"https:\/\/www.imagesante.be\/fr\/corine-sombrun\/\" \/>\n<meta property=\"og:site_name\" content=\"Festival Imag\u00e9sant\u00e9\" \/>\n<meta property=\"article:modified_time\" content=\"2020-02-21T16:36:25+00:00\" \/>\n<meta property=\"og:image\" content=\"https:\/\/www.imagesante.be\/wp-content\/uploads\/2020\/01\/Conf\u00e9rence-Sombrun-\u00a9philippedobrowolska--1019x1024.png\" \/>\n\t<meta property=\"og:image:width\" content=\"1019\" \/>\n\t<meta property=\"og:image:height\" content=\"1024\" \/>\n\t<meta property=\"og:image:type\" content=\"image\/png\" \/>\n<meta name=\"twitter:card\" content=\"summary_large_image\" \/>\n<script type=\"application\/ld+json\" class=\"yoast-schema-graph\">{\"@context\":\"https:\/\/schema.org\",\"@graph\":[{\"@type\":\"WebPage\",\"@id\":\"https:\/\/www.imagesante.be\/fr\/corine-sombrun\/\",\"url\":\"https:\/\/www.imagesante.be\/fr\/corine-sombrun\/\",\"name\":\"Corine SOMBRUN - Festival Imag\u00e9sant\u00e9\",\"isPartOf\":{\"@id\":\"https:\/\/www.imagesante.be\/fr\/#website\"},\"primaryImageOfPage\":{\"@id\":\"https:\/\/www.imagesante.be\/fr\/corine-sombrun\/#primaryimage\"},\"image\":{\"@id\":\"https:\/\/www.imagesante.be\/fr\/corine-sombrun\/#primaryimage\"},\"thumbnailUrl\":\"https:\/\/www.imagesante.be\/wp-content\/uploads\/2020\/01\/Conf\u00e9rence-Sombrun-\u00a9philippedobrowolska-.png\",\"datePublished\":\"2020-01-24T09:20:21+00:00\",\"dateModified\":\"2020-02-21T16:36:25+00:00\",\"description\":\"Henri DE GERLACHE\",\"breadcrumb\":{\"@id\":\"https:\/\/www.imagesante.be\/fr\/corine-sombrun\/#breadcrumb\"},\"inLanguage\":\"fr-FR\",\"potentialAction\":[{\"@type\":\"ReadAction\",\"target\":[\"https:\/\/www.imagesante.be\/fr\/corine-sombrun\/\"]}]},{\"@type\":\"ImageObject\",\"inLanguage\":\"fr-FR\",\"@id\":\"https:\/\/www.imagesante.be\/fr\/corine-sombrun\/#primaryimage\",\"url\":\"https:\/\/www.imagesante.be\/wp-content\/uploads\/2020\/01\/Conf\u00e9rence-Sombrun-\u00a9philippedobrowolska-.png\",\"contentUrl\":\"https:\/\/www.imagesante.be\/wp-content\/uploads\/2020\/01\/Conf\u00e9rence-Sombrun-\u00a9philippedobrowolska-.png\",\"width\":1606,\"height\":1614},{\"@type\":\"BreadcrumbList\",\"@id\":\"https:\/\/www.imagesante.be\/fr\/corine-sombrun\/#breadcrumb\",\"itemListElement\":[{\"@type\":\"ListItem\",\"position\":1,\"name\":\"Accueil\",\"item\":\"https:\/\/www.imagesante.be\/fr\/\"},{\"@type\":\"ListItem\",\"position\":2,\"name\":\"Corine SOMBRUN\"}]},{\"@type\":\"WebSite\",\"@id\":\"https:\/\/www.imagesante.be\/fr\/#website\",\"url\":\"https:\/\/www.imagesante.be\/fr\/\",\"name\":\"Festival Imag\u00e9sant\u00e9\",\"description\":\"\",\"publisher\":{\"@id\":\"https:\/\/www.imagesante.be\/fr\/#organization\"},\"potentialAction\":[{\"@type\":\"SearchAction\",\"target\":{\"@type\":\"EntryPoint\",\"urlTemplate\":\"https:\/\/www.imagesante.be\/fr\/?s={search_term_string}\"},\"query-input\":{\"@type\":\"PropertyValueSpecification\",\"valueRequired\":true,\"valueName\":\"search_term_string\"}}],\"inLanguage\":\"fr-FR\"},{\"@type\":\"Organization\",\"@id\":\"https:\/\/www.imagesante.be\/fr\/#organization\",\"name\":\"Imag\u00e9Sant\u00e9\",\"url\":\"https:\/\/www.imagesante.be\/fr\/\",\"logo\":{\"@type\":\"ImageObject\",\"inLanguage\":\"fr-FR\",\"@id\":\"https:\/\/www.imagesante.be\/fr\/#\/schema\/logo\/image\/\",\"url\":\"https:\/\/www.imagesante.be\/wp-content\/uploads\/2019\/06\/Festival-positif-carre.jpg\",\"contentUrl\":\"https:\/\/www.imagesante.be\/wp-content\/uploads\/2019\/06\/Festival-positif-carre.jpg\",\"width\":498,\"height\":498,\"caption\":\"Imag\u00e9Sant\u00e9\"},\"image\":{\"@id\":\"https:\/\/www.imagesante.be\/fr\/#\/schema\/logo\/image\/\"}}]}<\/script>\n<!-- \/ Yoast SEO plugin. -->","yoast_head_json":{"title":"Corine SOMBRUN - Festival Imag\u00e9sant\u00e9","description":"Henri DE GERLACHE","robots":{"index":"index","follow":"follow","max-snippet":"max-snippet:-1","max-image-preview":"max-image-preview:large","max-video-preview":"max-video-preview:-1"},"canonical":"https:\/\/www.imagesante.be\/fr\/corine-sombrun\/","og_locale":"fr_FR","og_type":"article","og_title":"Corine SOMBRUN - Festival Imag\u00e9sant\u00e9","og_description":"Henri DE GERLACHE","og_url":"https:\/\/www.imagesante.be\/fr\/corine-sombrun\/","og_site_name":"Festival Imag\u00e9sant\u00e9","article_modified_time":"2020-02-21T16:36:25+00:00","og_image":[{"width":1019,"height":1024,"url":"https:\/\/www.imagesante.be\/wp-content\/uploads\/2020\/01\/Conf\u00e9rence-Sombrun-\u00a9philippedobrowolska--1019x1024.png","type":"image\/png"}],"twitter_card":"summary_large_image","schema":{"@context":"https:\/\/schema.org","@graph":[{"@type":"WebPage","@id":"https:\/\/www.imagesante.be\/fr\/corine-sombrun\/","url":"https:\/\/www.imagesante.be\/fr\/corine-sombrun\/","name":"Corine SOMBRUN - Festival Imag\u00e9sant\u00e9","isPartOf":{"@id":"https:\/\/www.imagesante.be\/fr\/#website"},"primaryImageOfPage":{"@id":"https:\/\/www.imagesante.be\/fr\/corine-sombrun\/#primaryimage"},"image":{"@id":"https:\/\/www.imagesante.be\/fr\/corine-sombrun\/#primaryimage"},"thumbnailUrl":"https:\/\/www.imagesante.be\/wp-content\/uploads\/2020\/01\/Conf\u00e9rence-Sombrun-\u00a9philippedobrowolska-.png","datePublished":"2020-01-24T09:20:21+00:00","dateModified":"2020-02-21T16:36:25+00:00","description":"Henri DE GERLACHE","breadcrumb":{"@id":"https:\/\/www.imagesante.be\/fr\/corine-sombrun\/#breadcrumb"},"inLanguage":"fr-FR","potentialAction":[{"@type":"ReadAction","target":["https:\/\/www.imagesante.be\/fr\/corine-sombrun\/"]}]},{"@type":"ImageObject","inLanguage":"fr-FR","@id":"https:\/\/www.imagesante.be\/fr\/corine-sombrun\/#primaryimage","url":"https:\/\/www.imagesante.be\/wp-content\/uploads\/2020\/01\/Conf\u00e9rence-Sombrun-\u00a9philippedobrowolska-.png","contentUrl":"https:\/\/www.imagesante.be\/wp-content\/uploads\/2020\/01\/Conf\u00e9rence-Sombrun-\u00a9philippedobrowolska-.png","width":1606,"height":1614},{"@type":"BreadcrumbList","@id":"https:\/\/www.imagesante.be\/fr\/corine-sombrun\/#breadcrumb","itemListElement":[{"@type":"ListItem","position":1,"name":"Accueil","item":"https:\/\/www.imagesante.be\/fr\/"},{"@type":"ListItem","position":2,"name":"Corine SOMBRUN"}]},{"@type":"WebSite","@id":"https:\/\/www.imagesante.be\/fr\/#website","url":"https:\/\/www.imagesante.be\/fr\/","name":"Festival Imag\u00e9sant\u00e9","description":"","publisher":{"@id":"https:\/\/www.imagesante.be\/fr\/#organization"},"potentialAction":[{"@type":"SearchAction","target":{"@type":"EntryPoint","urlTemplate":"https:\/\/www.imagesante.be\/fr\/?s={search_term_string}"},"query-input":{"@type":"PropertyValueSpecification","valueRequired":true,"valueName":"search_term_string"}}],"inLanguage":"fr-FR"},{"@type":"Organization","@id":"https:\/\/www.imagesante.be\/fr\/#organization","name":"Imag\u00e9Sant\u00e9","url":"https:\/\/www.imagesante.be\/fr\/","logo":{"@type":"ImageObject","inLanguage":"fr-FR","@id":"https:\/\/www.imagesante.be\/fr\/#\/schema\/logo\/image\/","url":"https:\/\/www.imagesante.be\/wp-content\/uploads\/2019\/06\/Festival-positif-carre.jpg","contentUrl":"https:\/\/www.imagesante.be\/wp-content\/uploads\/2019\/06\/Festival-positif-carre.jpg","width":498,"height":498,"caption":"Imag\u00e9Sant\u00e9"},"image":{"@id":"https:\/\/www.imagesante.be\/fr\/#\/schema\/logo\/image\/"}}]}},"_links":{"self":[{"href":"https:\/\/www.imagesante.be\/fr\/wp-json\/wp\/v2\/pages\/22291","targetHints":{"allow":["GET"]}}],"collection":[{"href":"https:\/\/www.imagesante.be\/fr\/wp-json\/wp\/v2\/pages"}],"about":[{"href":"https:\/\/www.imagesante.be\/fr\/wp-json\/wp\/v2\/types\/page"}],"author":[{"embeddable":true,"href":"https:\/\/www.imagesante.be\/fr\/wp-json\/wp\/v2\/users\/18"}],"replies":[{"embeddable":true,"href":"https:\/\/www.imagesante.be\/fr\/wp-json\/wp\/v2\/comments?post=22291"}],"version-history":[{"count":0,"href":"https:\/\/www.imagesante.be\/fr\/wp-json\/wp\/v2\/pages\/22291\/revisions"}],"wp:featuredmedia":[{"embeddable":true,"href":"https:\/\/www.imagesante.be\/fr\/wp-json\/wp\/v2\/media\/22166"}],"wp:attachment":[{"href":"https:\/\/www.imagesante.be\/fr\/wp-json\/wp\/v2\/media?parent=22291"}],"curies":[{"name":"wp","href":"https:\/\/api.w.org\/{rel}","templated":true}]}}