{"id":1838,"date":"2018-04-28T15:02:53","date_gmt":"2018-04-28T14:02:53","guid":{"rendered":"https:\/\/dev.epee.be\/?page_id=1838"},"modified":"2021-01-30T14:19:35","modified_gmt":"2021-01-30T13:19:35","slug":"vie-privee","status":"publish","type":"page","link":"https:\/\/www.imagesante.be\/fr\/vie-privee\/","title":{"rendered":"Vie priv\u00e9e"},"content":{"rendered":"<p>[et_pb_section fb_built=&#8221;1&#8243; fullwidth=&#8221;on&#8221; admin_label=&#8221;Section titre normal&#8221; module_class=&#8221;banniere_titre&#8221; _builder_version=&#8221;4.3.2&#8243; _dynamic_attributes=&#8221;background_image&#8221; background_image=&#8221;@ET-DC@eyJkeW5hbWljIjp0cnVlLCJjb250ZW50IjoiY3VzdG9tX21ldGFfYmFubmllcmUiLCJzZXR0aW5ncyI6eyJiZWZvcmUiOiIiLCJhZnRlciI6IiIsImVuYWJsZV9odG1sIjoib2ZmIn19@&#8221; width=&#8221;100%&#8221; max_width=&#8221;100%&#8221; min_height=&#8221;33px&#8221; height=&#8221;587px&#8221; max_height=&#8221;358px&#8221; custom_margin=&#8221;0px||-20px||false|false&#8221; custom_padding=&#8221;270px||0px||false|false&#8221; global_module=&#8221;4454&#8243; saved_tabs=&#8221;all&#8221; locked=&#8221;off&#8221;][et_pb_fullwidth_post_title meta=&#8221;off&#8221; featured_image=&#8221;off&#8221; admin_label=&#8221;Titre du poste en pleine largeur&#8221; _builder_version=&#8221;4.3.2&#8243; title_font=&#8221;Bebas|||on|||||&#8221; title_text_align=&#8221;center&#8221; title_text_color=&#8221;#ffffff&#8221; title_font_size=&#8221;35px&#8221; title_letter_spacing=&#8221;5px&#8221; background_color=&#8221;#b09458&#8243; max_width=&#8221;100%&#8221; min_height=&#8221;100px&#8221; height=&#8221;100px&#8221; max_height=&#8221;100px&#8221; custom_margin=&#8221;0px||||false|false&#8221; custom_padding=&#8221;5px||0px||false|false&#8221; title_font_size_tablet=&#8221;&#8221; title_font_size_phone=&#8221;31px&#8221; title_font_size_last_edited=&#8221;on|phone&#8221; custom_css_post_title=&#8221;min-height: 4vw;||display: flex;||align-items: center;||justify-content: center;&#8221; locked=&#8221;off&#8221;][\/et_pb_fullwidth_post_title][\/et_pb_section][et_pb_section fb_built=&#8221;1&#8243; admin_label=&#8221;section&#8221; _builder_version=&#8221;3.22&#8243;][et_pb_row admin_label=&#8221;row&#8221; _builder_version=&#8221;3.25&#8243; background_size=&#8221;initial&#8221; background_position=&#8221;top_left&#8221; background_repeat=&#8221;repeat&#8221;][et_pb_column type=&#8221;4_4&#8243; _builder_version=&#8221;3.25&#8243; custom_padding=&#8221;|||&#8221; custom_padding__hover=&#8221;|||&#8221;][et_pb_text admin_label=&#8221;Text&#8221; _builder_version=&#8221;4.8.1&#8243; hover_enabled=&#8221;0&#8243; z_index_tablet=&#8221;500&#8243; use_border_color=&#8221;off&#8221; sticky_enabled=&#8221;0&#8243;]<\/p>\n<p>Imag\u00e9sant\u00e9 s\u2019engage \u00e0 ce que la collecte et le traitement des donn\u00e9es collect\u00e9es \u00e0 travers le site imagesante.be soient conformes au r\u00e8glement g\u00e9n\u00e9ral sur la protection des donn\u00e9es (RGPD).<\/p>\n<p>Les diff\u00e9rents formulaires du site demandent uniquement des donn\u00e9es personnelles n\u00e9cessaires et indiquent :<\/p>\n<ul>\n<li>Les objectifs de r\u00e9colte de ces donn\u00e9es (finalit\u00e9s) ;<\/li>\n<li>Les donn\u00e9es qui sont obligatoires pour la gestion de votre demande ;<\/li>\n<li>qui pourra prendre connaissance de ces donn\u00e9es.<\/li>\n<\/ul>\n<p>Les donn\u00e9es personnelles recueillies dans le cadre des services propos\u00e9s sur le site imagesante.be sont trait\u00e9es selon des protocoles s\u00e9curis\u00e9s.<\/p>\n<h2>Droit sur les donn\u00e9es<\/h2>\n<p>Dans le respect du R\u00e8glement G\u00e9n\u00e9ral sur la Protection des Donn\u00e9es personnelles (RGPD), les utilisateurs ont les droits suivants en ce qui concernent les donn\u00e9es que le site imagesante.be collecte \u00e0 leur sujet :<\/p>\n<ul>\n<li>Droit d\u2019acc\u00e8s<\/li>\n<li>Droit \u00e0 la rectification<\/li>\n<li>Droit d\u2019effacement (droit \u00e0 l\u2019oubli)<\/li>\n<li>Droit \u00e0 la limitation<\/li>\n<li>Droit \u00e0 la portabilit\u00e9<\/li>\n<\/ul>\n<p>Pour toute demande qui concerne ces droits, les utilisateurs peuvent contacter Imag\u00e9sant\u00e9\u00a0avec l\u2019objet de leur demande via le\u00a0<a href=\"https:\/\/www.imagesante.be\/fr\/contact\/\"><u>formulaire de contact<\/u><\/a>.<br \/>Imag\u00e9sant\u00e9 r\u00e9pondra \u00e0 la demande adress\u00e9e en rapport avec les droits \u00e9num\u00e9r\u00e9s ci-dessus end\u00e9ans un mois calendrier apr\u00e8s r\u00e9ception de la demande.<br \/>Si Imag\u00e9sant\u00e9 re\u00e7oit de nombreuses demandes ou des demandes complexes, le temps de r\u00e9ponse peut augmenter pour un maximum de 2 mois suppl\u00e9mentaires.<\/p>\n<p>Pour des raisons de s\u00e9curit\u00e9, Imag\u00e9sant\u00e9 proc\u00e9dera \u00e0 une v\u00e9rification de l\u2019identit\u00e9 de la personne qui soumet la demande pour chaque demande en rapport avec ces droits. Pour ce faire, la personne concern\u00e9e sera invit\u00e9e \u00e0 faire l\u2019une de ces deux actions :<\/p>\n<ul>\n<li>Envoyer une copie d\u2019un document officiel (carte d\u2019identit\u00e9, passeport) et une copie d\u2019une facture de service (t\u00e9l\u00e9phone, \u00e9lectricit\u00e9,\u2026) qui mentionne clairement le nom et l\u2019adresse de la personne concern\u00e9e.<\/li>\n<li>T\u00e9l\u00e9phoner \u00e0 Imag\u00e9sant\u00e9 qui proc\u00e9dera \u00e0 une v\u00e9rification t\u00e9l\u00e9phonique strict qui consistera \u00e0 comparer les r\u00e9ponses fournies par l\u2019utilisateur avec les informations dont il dispose.<\/li>\n<\/ul>\n<p>Imag\u00e9sant\u00e9 \u00a0\u00a0r\u00e9pondra \u00e0 la demande seulement apr\u00e8s une identification positive.<\/p>\n<h2>A propos des cookies<\/h2>\n<h3>Qu&#8217;est-ce qu&#8217;un cookie<\/h3>\n<p>Un cookie est un petit fichier texte sauv\u00e9 par le serveur d\u2019un site Internet dans le navigateur de votre ordinateur ou de votre appareil mobile lorsque vous consultez ce site Internet. Le cookie contient un code unique permettant de reconna\u00eetre votre navigateur lors de votre visite sur le site Internet (\u201ccookie de session\u201d) ou lors de futures visites r\u00e9p\u00e9t\u00e9es (\u201ccookie permanent\u201d).<\/p>\n<p>Les cookies peuvent \u00eatre plac\u00e9s par le serveur du site Internet que vous visitez ou par des partenaires avec lesquels ce site Internet collabore. Le serveur d\u2019un site Internet peut uniquement lire les cookies qu\u2019il a lui-m\u00eame plac\u00e9s ; il n\u2019a acc\u00e8s \u00e0 aucune autre information se trouvant sur votre ordinateur ou sur votre appareil mobile.<\/p>\n<p>Les cookies sont stock\u00e9s sur votre ordinateur ou appareil mobile dans le r\u00e9pertoire de votre navigateur.<\/p>\n<p>Le contenu d\u2019un cookie se compose en g\u00e9n\u00e9ral du nom du serveur qui a plac\u00e9 le cookie, d\u2019une date d\u2019expiration et d\u2019un code chiffr\u00e9 unique.<\/p>\n<p>Les cookies assurent une interaction g\u00e9n\u00e9ralement plus ais\u00e9e et plus rapide entre le visiteur et le site Internet. De plus, ils aident le visiteur \u00e0 naviguer entre les diff\u00e9rentes parties du site Internet. Les cookies peuvent \u00e9galement \u00eatre utilis\u00e9s pour rendre le contenu d\u2019un site Internet ou la publicit\u00e9 pr\u00e9sente sur ce site plus pertinents pour le visiteur et adapter le site Internet aux go\u00fbts personnels et aux besoins du visiteur.<\/p>\n<h3>Cookies internes n\u00e9cessaires au site pour fonctionner<\/h3>\n<p>Ces cookies sont requis pour permettre la visite de notre site Internet et l\u2019utilisation de certaines parties de celui-ci. Ces cookies vous permettent par exemple de naviguer entre les diff\u00e9rentes rubriques du site Internet, de compl\u00e9ter des formulaires, de passer des commandes, de consulter un site Internet multilingue et d\u2019actualiser le contenu de votre panier. Si vous refusez ces cookies, certaines rubriques du site Internet ne fonctionneront pas comme il se doit, voire pas du tout.<\/p>\n<h3><span class=\"ctn-gen-ascenseur-titre\">Cookies de mesure d\u2019audience<\/span><\/h3>\n<p>Ce site contient Google Analytics pour collecter des informations sur l\u2019utilisation faite du site Internet par les visiteurs, dans le but d\u2019en am\u00e9liorer le contenu, de mieux adapter le contenu aux souhaits des visiteurs et d\u2019en augmenter la convivialit\u00e9. Ainsi, ce site utilise par exemple des cookies fournis par Google Analytics. En cas d\u2019utilisation de ce type de cookies, le proc\u00e9d\u00e9 de r\u00e9colte de donn\u00e9es d\u00e9pend du fonctionnement de la r\u00e9gie publicitaire.<\/p>\n<h4>analytics.js<\/h4>\n<ul>\n<li>_ga :\n<ul>\n<li>Dur\u00e9e de r\u00e9tention : 2 ans<\/li>\n<li>Description :\u00a0Utilis\u00e9 pour distinguer les utilisateurs<\/li>\n<\/ul>\n<\/li>\n<li>_gid :\n<ul>\n<li>Dur\u00e9e de r\u00e9tention : 24 heures<\/li>\n<li>Description : Utilis\u00e9 pour distinguer les utilisateurs<\/li>\n<\/ul>\n<\/li>\n<li>_gat :\n<ul>\n<li style=\"text-align: left;\">Dur\u00e9e de r\u00e9tention : 1 minute<\/li>\n<li style=\"text-align: left;\">Description : Utilis\u00e9 pour r\u00e9duire le taux de demande<\/li>\n<\/ul>\n<\/li>\n<\/ul>\n<h4>ga.js<\/h4>\n<ul>\n<li>__utma :\n<ul>\n<li>Dur\u00e9e de r\u00e9tention : 2 ans apr\u00e8s la derni\u00e8re mise \u00e0 jour<\/li>\n<li>Description : Utilis\u00e9 pour distinguer les utilisateurs et les sessions. Le cookie est cr\u00e9\u00e9 lorsque la biblioth\u00e8que javascript est ex\u00e9cut\u00e9e et qu&#8217;aucun cookie __utma existant n&#8217;existe. Le cookie est mis \u00e0 jour chaque fois que des donn\u00e9es sont envoy\u00e9es \u00e0 Google Analytics.<\/li>\n<\/ul>\n<\/li>\n<li>__utmt :\n<ul>\n<li>Dur\u00e9e de r\u00e9tention : 10 minutes<\/li>\n<li>Description : Utilis\u00e9 pour r\u00e9duire le taux de demande<\/li>\n<\/ul>\n<\/li>\n<li>__utmb :\n<ul>\n<li style=\"text-align: left;\">Dur\u00e9e de r\u00e9tention : 30 minutes apr\u00e8s la derni\u00e8re mise \u00e0 jour<\/li>\n<li style=\"text-align: left;\">Description : Utilis\u00e9 pour distinguer les utilisateurs et les sessions. Le cookie est cr\u00e9\u00e9 lorsque la biblioth\u00e8que javascript est ex\u00e9cut\u00e9e et qu&#8217;aucun cookie __utmb existant n&#8217;existe. Le cookie est mis \u00e0 jour chaque fois que des donn\u00e9es sont envoy\u00e9es \u00e0 Google Analytics<\/li>\n<\/ul>\n<\/li>\n<li>__utmz :\n<ul>\n<li style=\"text-align: left;\">Dur\u00e9e de r\u00e9tention : 6 mois apr\u00e8s la derni\u00e8re mise \u00e0 jour<\/li>\n<li style=\"text-align: left;\">Description : Stocke la source de trafic ou la campagne qui explique comment l&#8217;utilisateur a atteint notre site. Le cookie est cr\u00e9\u00e9 lorsque la biblioth\u00e8que javascript est ex\u00e9cut\u00e9e et est mis \u00e0 jour chaque fois que des donn\u00e9es sont envoy\u00e9es \u00e0 Google Analytics.<\/li>\n<\/ul>\n<\/li>\n<\/ul>\n<p>Nous collectons \u00e9galement votre adresse IP afin de d\u00e9terminer la ville depuis laquelle vous vous connectez et \u00e9galement par mesure de s\u00e9curit\u00e9.<\/p>\n<p>Aucune information li\u00e9e \u00e0 ces cookies n&#8217;est transf\u00e9r\u00e9e \u00e0 des tiers ni utilis\u00e9e \u00e0 d&#8217;autres fins.<\/p>\n<p>Google assure avoir mis en place toutes les mesures de s\u00e9curit\u00e9 n\u00e9cessaires pour garantir la s\u00e9curit\u00e9 des donn\u00e9es via son adh\u00e9sion au \u00ab Privacy Shield \u00bb dont la certification est visible via ce lien :\u00a0<a href=\"https:\/\/www.privacyshield.gov\/participant?id=a2zt000000001L5AAI\" target=\"_blank\" rel=\"noopener noreferrer\">https:\/\/www.privacyshield.gov\/participant?id=a2zt000000001L5AAI<\/a><\/p>\n<p>Vous pouvez choisir de refuser les cookies et l\u2019analyse statistique de vos donn\u00e9es de navigation via la proc\u00e9dure d\u2019opt-out disponible via ce lien :\u00a0<a href=\"https:\/\/tools.google.com\/dlpage\/gaoptout?hl=fr\" target=\"_blank\" rel=\"noopener noreferrer\">https:\/\/tools.google.com\/dlpage\/gaoptout?hl=fr<\/a><\/p>\n<div>\u00a0<\/div>\n<p>[\/et_pb_text][\/et_pb_column][\/et_pb_row][\/et_pb_section]<\/p>\n","protected":false},"excerpt":{"rendered":"<p>Imag\u00e9sant\u00e9 s\u2019engage \u00e0 ce que la collecte et le traitement des donn\u00e9es collect\u00e9es \u00e0 travers le site imagesante.be soient conformes au r\u00e8glement g\u00e9n\u00e9ral sur la protection des donn\u00e9es (RGPD). Les diff\u00e9rents formulaires du site demandent uniquement des donn\u00e9es personnelles n\u00e9cessaires et indiquent : Les objectifs de r\u00e9colte de ces donn\u00e9es (finalit\u00e9s) ; Les donn\u00e9es qui [&hellip;]<\/p>\n","protected":false},"author":1,"featured_media":0,"parent":0,"menu_order":0,"comment_status":"closed","ping_status":"closed","template":"","meta":{"_acf_changed":false,"_et_pb_use_builder":"on","_et_pb_old_content":"","_et_gb_content_width":"","_lmt_disableupdate":"","_lmt_disable":"","_monsterinsights_skip_tracking":false,"_monsterinsights_sitenote_active":false,"_monsterinsights_sitenote_note":"","_monsterinsights_sitenote_category":0,"footnotes":"","_wp_rev_ctl_limit":""},"class_list":["post-1838","page","type-page","status-publish","hentry"],"acf":[],"yoast_head":"<!-- This site is optimized with the Yoast SEO plugin v25.0 - https:\/\/yoast.com\/wordpress\/plugins\/seo\/ -->\n<title>Vie priv\u00e9e - Festival Imag\u00e9sant\u00e9<\/title>\n<meta name=\"robots\" content=\"index, follow, max-snippet:-1, max-image-preview:large, max-video-preview:-1\" \/>\n<link rel=\"canonical\" href=\"https:\/\/www.imagesante.be\/fr\/vie-privee\/\" \/>\n<meta property=\"og:locale\" content=\"fr_FR\" \/>\n<meta property=\"og:type\" content=\"article\" \/>\n<meta property=\"og:title\" content=\"Vie priv\u00e9e - Festival Imag\u00e9sant\u00e9\" \/>\n<meta property=\"og:url\" content=\"https:\/\/www.imagesante.be\/fr\/vie-privee\/\" \/>\n<meta property=\"og:site_name\" content=\"Festival Imag\u00e9sant\u00e9\" \/>\n<meta property=\"article:modified_time\" content=\"2021-01-30T13:19:35+00:00\" \/>\n<meta name=\"twitter:card\" content=\"summary_large_image\" \/>\n<script type=\"application\/ld+json\" class=\"yoast-schema-graph\">{\"@context\":\"https:\/\/schema.org\",\"@graph\":[{\"@type\":\"WebPage\",\"@id\":\"https:\/\/www.imagesante.be\/fr\/vie-privee\/\",\"url\":\"https:\/\/www.imagesante.be\/fr\/vie-privee\/\",\"name\":\"Vie priv\u00e9e - Festival Imag\u00e9sant\u00e9\",\"isPartOf\":{\"@id\":\"https:\/\/www.imagesante.be\/fr\/#website\"},\"datePublished\":\"2018-04-28T14:02:53+00:00\",\"dateModified\":\"2021-01-30T13:19:35+00:00\",\"breadcrumb\":{\"@id\":\"https:\/\/www.imagesante.be\/fr\/vie-privee\/#breadcrumb\"},\"inLanguage\":\"fr-FR\",\"potentialAction\":[{\"@type\":\"ReadAction\",\"target\":[\"https:\/\/www.imagesante.be\/fr\/vie-privee\/\"]}]},{\"@type\":\"BreadcrumbList\",\"@id\":\"https:\/\/www.imagesante.be\/fr\/vie-privee\/#breadcrumb\",\"itemListElement\":[{\"@type\":\"ListItem\",\"position\":1,\"name\":\"Accueil\",\"item\":\"https:\/\/www.imagesante.be\/fr\/\"},{\"@type\":\"ListItem\",\"position\":2,\"name\":\"Vie priv\u00e9e\"}]},{\"@type\":\"WebSite\",\"@id\":\"https:\/\/www.imagesante.be\/fr\/#website\",\"url\":\"https:\/\/www.imagesante.be\/fr\/\",\"name\":\"Festival Imag\u00e9sant\u00e9\",\"description\":\"\",\"publisher\":{\"@id\":\"https:\/\/www.imagesante.be\/fr\/#organization\"},\"potentialAction\":[{\"@type\":\"SearchAction\",\"target\":{\"@type\":\"EntryPoint\",\"urlTemplate\":\"https:\/\/www.imagesante.be\/fr\/?s={search_term_string}\"},\"query-input\":{\"@type\":\"PropertyValueSpecification\",\"valueRequired\":true,\"valueName\":\"search_term_string\"}}],\"inLanguage\":\"fr-FR\"},{\"@type\":\"Organization\",\"@id\":\"https:\/\/www.imagesante.be\/fr\/#organization\",\"name\":\"Imag\u00e9Sant\u00e9\",\"url\":\"https:\/\/www.imagesante.be\/fr\/\",\"logo\":{\"@type\":\"ImageObject\",\"inLanguage\":\"fr-FR\",\"@id\":\"https:\/\/www.imagesante.be\/fr\/#\/schema\/logo\/image\/\",\"url\":\"https:\/\/www.imagesante.be\/wp-content\/uploads\/2019\/06\/Festival-positif-carre.jpg\",\"contentUrl\":\"https:\/\/www.imagesante.be\/wp-content\/uploads\/2019\/06\/Festival-positif-carre.jpg\",\"width\":498,\"height\":498,\"caption\":\"Imag\u00e9Sant\u00e9\"},\"image\":{\"@id\":\"https:\/\/www.imagesante.be\/fr\/#\/schema\/logo\/image\/\"}}]}<\/script>\n<!-- \/ Yoast SEO plugin. -->","yoast_head_json":{"title":"Vie priv\u00e9e - Festival Imag\u00e9sant\u00e9","robots":{"index":"index","follow":"follow","max-snippet":"max-snippet:-1","max-image-preview":"max-image-preview:large","max-video-preview":"max-video-preview:-1"},"canonical":"https:\/\/www.imagesante.be\/fr\/vie-privee\/","og_locale":"fr_FR","og_type":"article","og_title":"Vie priv\u00e9e - Festival Imag\u00e9sant\u00e9","og_url":"https:\/\/www.imagesante.be\/fr\/vie-privee\/","og_site_name":"Festival Imag\u00e9sant\u00e9","article_modified_time":"2021-01-30T13:19:35+00:00","twitter_card":"summary_large_image","schema":{"@context":"https:\/\/schema.org","@graph":[{"@type":"WebPage","@id":"https:\/\/www.imagesante.be\/fr\/vie-privee\/","url":"https:\/\/www.imagesante.be\/fr\/vie-privee\/","name":"Vie priv\u00e9e - Festival Imag\u00e9sant\u00e9","isPartOf":{"@id":"https:\/\/www.imagesante.be\/fr\/#website"},"datePublished":"2018-04-28T14:02:53+00:00","dateModified":"2021-01-30T13:19:35+00:00","breadcrumb":{"@id":"https:\/\/www.imagesante.be\/fr\/vie-privee\/#breadcrumb"},"inLanguage":"fr-FR","potentialAction":[{"@type":"ReadAction","target":["https:\/\/www.imagesante.be\/fr\/vie-privee\/"]}]},{"@type":"BreadcrumbList","@id":"https:\/\/www.imagesante.be\/fr\/vie-privee\/#breadcrumb","itemListElement":[{"@type":"ListItem","position":1,"name":"Accueil","item":"https:\/\/www.imagesante.be\/fr\/"},{"@type":"ListItem","position":2,"name":"Vie priv\u00e9e"}]},{"@type":"WebSite","@id":"https:\/\/www.imagesante.be\/fr\/#website","url":"https:\/\/www.imagesante.be\/fr\/","name":"Festival Imag\u00e9sant\u00e9","description":"","publisher":{"@id":"https:\/\/www.imagesante.be\/fr\/#organization"},"potentialAction":[{"@type":"SearchAction","target":{"@type":"EntryPoint","urlTemplate":"https:\/\/www.imagesante.be\/fr\/?s={search_term_string}"},"query-input":{"@type":"PropertyValueSpecification","valueRequired":true,"valueName":"search_term_string"}}],"inLanguage":"fr-FR"},{"@type":"Organization","@id":"https:\/\/www.imagesante.be\/fr\/#organization","name":"Imag\u00e9Sant\u00e9","url":"https:\/\/www.imagesante.be\/fr\/","logo":{"@type":"ImageObject","inLanguage":"fr-FR","@id":"https:\/\/www.imagesante.be\/fr\/#\/schema\/logo\/image\/","url":"https:\/\/www.imagesante.be\/wp-content\/uploads\/2019\/06\/Festival-positif-carre.jpg","contentUrl":"https:\/\/www.imagesante.be\/wp-content\/uploads\/2019\/06\/Festival-positif-carre.jpg","width":498,"height":498,"caption":"Imag\u00e9Sant\u00e9"},"image":{"@id":"https:\/\/www.imagesante.be\/fr\/#\/schema\/logo\/image\/"}}]}},"_links":{"self":[{"href":"https:\/\/www.imagesante.be\/fr\/wp-json\/wp\/v2\/pages\/1838","targetHints":{"allow":["GET"]}}],"collection":[{"href":"https:\/\/www.imagesante.be\/fr\/wp-json\/wp\/v2\/pages"}],"about":[{"href":"https:\/\/www.imagesante.be\/fr\/wp-json\/wp\/v2\/types\/page"}],"author":[{"embeddable":true,"href":"https:\/\/www.imagesante.be\/fr\/wp-json\/wp\/v2\/users\/1"}],"replies":[{"embeddable":true,"href":"https:\/\/www.imagesante.be\/fr\/wp-json\/wp\/v2\/comments?post=1838"}],"version-history":[{"count":0,"href":"https:\/\/www.imagesante.be\/fr\/wp-json\/wp\/v2\/pages\/1838\/revisions"}],"wp:attachment":[{"href":"https:\/\/www.imagesante.be\/fr\/wp-json\/wp\/v2\/media?parent=1838"}],"curies":[{"name":"wp","href":"https:\/\/api.w.org\/{rel}","templated":true}]}}