{"id":17258,"date":"2019-07-16T10:51:13","date_gmt":"2019-07-16T09:51:13","guid":{"rendered":"https:\/\/imagesante.beontheweb.be\/?page_id=17258"},"modified":"2019-11-13T14:23:53","modified_gmt":"2019-11-13T13:23:53","slug":"imagesante-2002","status":"publish","type":"page","link":"https:\/\/www.imagesante.be\/fr\/imagesante-2002\/","title":{"rendered":"Imag\u00e9sant\u00e9 2002"},"content":{"rendered":"<p>[et_pb_section fb_built=&#8221;1&#8243; fullwidth=&#8221;on&#8221; module_class=&#8221;banniere_titre&#8221; _builder_version=&#8221;3.29.3&#8243; _dynamic_attributes=&#8221;background_image&#8221; background_image=&#8221;@ET-DC@eyJkeW5hbWljIjp0cnVlLCJjb250ZW50IjoiY3VzdG9tX21ldGFfYmFubmllcmUiLCJzZXR0aW5ncyI6eyJiZWZvcmUiOiIiLCJhZnRlciI6IiIsImVuYWJsZV9odG1sIjoib2ZmIn19@&#8221; height=&#8221;350px&#8221; custom_padding=&#8221;||0px||false|false&#8221; global_module=&#8221;4454&#8243; saved_tabs=&#8221;all&#8221; locked=&#8221;off&#8221; fb_built=&#8221;1&#8243; _i=&#8221;0&#8243; _address=&#8221;0&#8243;][et_pb_fullwidth_header text_orientation=&#8221;center&#8221; button_one_text=&#8221;@ET-DC@eyJkeW5hbWljIjp0cnVlLCJjb250ZW50IjoiY3VzdG9tX21ldGFfcGFnZV9wYXJlbnRlIiwic2V0dGluZ3MiOnsiYmVmb3JlIjoiIiwiYWZ0ZXIiOiIiLCJlbmFibGVfaHRtbCI6Im9mZiJ9fQ==@&#8221; button_one_url=&#8221;@ET-DC@eyJkeW5hbWljIjp0cnVlLCJjb250ZW50IjoiY3VzdG9tX21ldGFfdXJsX3BhZ2VfcGFyZW50ZSIsInNldHRpbmdzIjp7ImJlZm9yZSI6IiIsImFmdGVyIjoiIiwiZW5hYmxlX2h0bWwiOiJvZmYifX0=@&#8221; disabled_on=&#8221;off|off|off&#8221; admin_label=&#8221;Titre + Image&#8221; _builder_version=&#8221;3.29.3&#8243; _dynamic_attributes=&#8221;button_one_text,button_one_url&#8221; title_font=&#8221;BebasNeueRegular||||||||&#8221; title_text_align=&#8221;center&#8221; title_font_size=&#8221;70px&#8221; title_letter_spacing=&#8221;2px&#8221; content_font=&#8221;||||||||&#8221; content_text_align=&#8221;center&#8221; subhead_font=&#8221;||||||||&#8221; subhead_text_align=&#8221;center&#8221; subhead_text_color=&#8221;#ffffff&#8221; background_color=&#8221;rgba(176,148,88,0.42)&#8221; custom_button_one=&#8221;on&#8221; button_one_text_size=&#8221;15px&#8221; button_one_text_color=&#8221;#ffffff&#8221; button_one_bg_color=&#8221;#b09458&#8243; button_one_border_width=&#8221;0px&#8221; button_one_font=&#8221;||||||||&#8221; button_one_icon=&#8221;%%41%%&#8221; button_one_icon_color=&#8221;#ffffff&#8221; button_one_custom_margin=&#8221;160px||||false|false&#8221; button_one_custom_padding=&#8221;|50px||50px|false|false&#8221; height=&#8221;295px&#8221; title_font_size_last_edited=&#8221;on|desktop&#8221; locked=&#8221;off&#8221; button_one_bg_color__hover_enabled=&#8221;on&#8221; button_one_bg_color__hover=&#8221;#ffffff&#8221; button_one_bg_enable_color__hover=&#8221;on&#8221; button_one_text_color__hover_enabled=&#8221;on&#8221; button_one_text_color__hover=&#8221;#b09458&#8243; button_one_icon_color__hover_enabled=&#8221;on&#8221; button_one_icon_color__hover=&#8221;#b09458&#8243; _i=&#8221;0&#8243; _address=&#8221;0.0&#8243;][\/et_pb_fullwidth_header][et_pb_fullwidth_post_title meta=&#8221;off&#8221; featured_image=&#8221;off&#8221; _builder_version=&#8221;3.29.3&#8243; title_font=&#8221;Bebas|||on|||||&#8221; title_text_align=&#8221;center&#8221; title_text_color=&#8221;#ffffff&#8221; title_font_size=&#8221;35px&#8221; title_letter_spacing=&#8221;5px&#8221; background_color=&#8221;#b09458&#8243; height=&#8221;55px&#8221; max_height=&#8221;55px&#8221; custom_margin=&#8221;0px||95px||false|false&#8221; custom_padding=&#8221;10px||0px||false|false&#8221; title_font_size_phone=&#8221;31px&#8221; title_font_size_last_edited=&#8221;on|desktop&#8221; locked=&#8221;off&#8221; _i=&#8221;1&#8243; _address=&#8221;0.1&#8243; column_structure=&#8221;4_4&#8243;][\/et_pb_fullwidth_post_title][\/et_pb_section][et_pb_section fb_built=&#8221;1&#8243; admin_label=&#8221;Section&#8221; _builder_version=&#8221;3.22.3&#8243; fb_built=&#8221;1&#8243; _i=&#8221;1&#8243; _address=&#8221;1&#8243;][et_pb_row admin_label=&#8221;row&#8221; _builder_version=&#8221;3.25&#8243; background_size=&#8221;initial&#8221; background_position=&#8221;top_left&#8221; background_repeat=&#8221;repeat&#8221; _i=&#8221;0&#8243; _address=&#8221;1.0&#8243;][et_pb_column type=&#8221;4_4&#8243; _builder_version=&#8221;3.25&#8243; custom_padding=&#8221;|||&#8221; custom_padding__hover=&#8221;|||&#8221; _i=&#8221;0&#8243; _address=&#8221;1.0.0&#8243;][et_pb_text admin_label=&#8221;Texte&#8221; _builder_version=&#8221;3.29.3&#8243; background_size=&#8221;initial&#8221; background_position=&#8221;top_left&#8221; background_repeat=&#8221;repeat&#8221; hover_enabled=&#8221;0&#8243; use_border_color=&#8221;off&#8221; border_color=&#8221;#ffffff&#8221; border_style=&#8221;solid&#8221; _i=&#8221;0&#8243; _address=&#8221;1.0.0.0&#8243;]<\/p>\n<h2>PRIX DU MEILLEUR FILM D&#8217;EDUCATION A LA SANTE<\/h2>\n<p>remis par Jacques Houart, Professeur \u00e0 l&#8217;Universit\u00e9 de Coimbra -Portugal<\/p>\n<p>Attribu\u00e9 \u00e0\u00a0LA VIE EN QUESTION : AU PLUS PROFOND DU CERVEAU<br \/>\nR\u00e9alisateur : V. Exposito<br \/>\nProducteur : France 3<\/p>\n<h2>PRIX DU MEILLEUR FILM MEDICAL OU SCIENTIFIQUE<\/h2>\n<p>remis par Mr Lafforgue, Pr\u00e9sident du Jury M\u00e9dical &#8211; N\u00e9phrologue &#8211; France<\/p>\n<p>Attribu\u00e9 \u00e0\u00a0CEREBRAL PALSY<br \/>\nAuteur : K.E. Bos<br \/>\nR\u00e9alisateur : T. Wierenga<br \/>\nProducteur : Audiovisual Center University of Amsterdam<\/p>\n<h2>PRIX DE LA WAMHF (Association Mondiale du Film M\u00e9dical et de Sant\u00e9)<\/h2>\n<p>remis par Pedro Co\u00efto, Directeur de Filmobidos &#8211; Portugal<\/p>\n<p>Attribu\u00e9 \u00e0\u00a0CLONAGE<br \/>\nR\u00e9alisateurs : P. Goblot &amp; J.C. Monferrant<br \/>\nProducteurs : CSI &#8211; DPA &#8211; le Mirroir<\/p>\n<h2>PRIX DE LA PROVINCE DE LIEGE<\/h2>\n<p>r\u00e9compensant le deuxi\u00e8me meilleur film d&#8217;\u00e9ducation \u00e0 la sant\u00e9<br \/>\nremis par Mr Georges Pire, D\u00e9put\u00e9 Permanent<\/p>\n<p>Attribu\u00e9 \u00e0\u00a0ALERTE MOUSTIQUE<br \/>\nAuteur : Thierry Berrod<br \/>\nR\u00e9alisateur : Thierry Berrod<br \/>\nProducteurs : Mona Lisa Production &#8211; France 2 &#8211; la Cinqui\u00e8me IRD &#8211; CNRS &#8211; Discovery Channel (France)<\/p>\n<h2>PRIX DE L&#8217;AMLG (Association des m\u00e9decins sortis de l&#8217;Universit\u00e9 de Li\u00e8ge)<\/h2>\n<p>r\u00e9compensant le deuxi\u00e8me meilleur film m\u00e9dical, remis par Yvon Galloy, Pr\u00e9sident de l&#8217;AMLg<\/p>\n<p>Attribu\u00e9 \u00e0\u00a0ANGIOGRAPHIE ROTATIONNELLE EN TROIS DIMENSIONS<br \/>\nAuteurs : R. Beaujeux et G. Brauer<br \/>\nR\u00e9alisateurs : R. Beaujeux et G. Brauer<\/p>\n<h2>PRIX DU MEILLEUR CD-ROM \/ SITE WEB<\/h2>\n<p>&#8220;Avec le soutien du Ministre de l&#8217;Economie et de la Recherche pour la R\u00e9gion wallonne&#8221;.<br \/>\nremis par Mr Etienne Reuter, repr\u00e9sentant du Ministre Kubla<\/p>\n<p>Attribu\u00e9 \u00e0 THE FAILING HEART<br \/>\nDistributeur : Merck &#8211; KGaA<\/p>\n<h2>PRIX DES JEUNES<\/h2>\n<p>remis par Mr Yvan Fagnant, Directeur G\u00e9n\u00e9ral Honoraire &#8211; Enseignement de la Province de Li\u00e8ge<\/p>\n<p>Attribu\u00e9 \u00e0\u00a0SCENARIOS SUR LA DROGUE<br \/>\nProducteurs : le CRIPS Ile de France &#8211; T\u00e9l\u00e9ma Production &#8211; MP Production<\/p>\n<h2>REMISE DES TROPHEES DE &#8220;MIF-SCIENCES&#8221;<\/h2>\n<p>MEILLEUR FILM MIF SCIENCES 2001<br \/>\nremis par Michel Alloul, D\u00e9l\u00e9gu\u00e9 G\u00e9n\u00e9ral de MIF- Siences<\/p>\n<p>Attribu\u00e9 \u00e0 TERMITES ATTACK<br \/>\nAuteur : Thierry Berrod<br \/>\nR\u00e9alisateur : Thierry Berrod<br \/>\nProducteur : Mona Lisa Production (France)<\/p>\n<p>2EME PRIX MIF SCIENCES 2001<br \/>\nremis par Michel Alloul, D\u00e9l\u00e9gu\u00e9 G\u00e9n\u00e9ral de MIF- Siences<\/p>\n<p>Attribu\u00e9 \u00e0\u00a0THE DIRT VACCINE<br \/>\nR\u00e9alisateur : A. Talas<br \/>\nProducteur : R. Blythe<\/p>\n<p>1ER PRIX &#8220;MEILLEURE SERIE&#8221; MIF SCIENCES 2001<br \/>\nremis par Michel Alloul, D\u00e9l\u00e9gu\u00e9 G\u00e9n\u00e9ral de MIF- Siences<\/p>\n<p>Attribu\u00e9 \u00e0\u00a0ELECTRALIS 2001<br \/>\nAuteur : Pierre Jamart<br \/>\nR\u00e9alisateur : Pierre Jamart<br \/>\nProducteur : Vid\u00e9o M\u00e9dicale CHU de Li\u00e8ge (Belgique)<\/p>\n<p>1ER PRIX FIFIMEL MIF SCIENCES 2002 :<\/p>\n<p>MEILLEUR FILM &#8211; MEILLEURE SERIE &amp; MENTION &#8220;COUP DE C\u0152UR&#8221;<br \/>\nremis par Dr Jean Michel Dogn\u00e9, Assistant, Service de Chimie pharmaceutique -ULg<\/p>\n<p>Attribu\u00e9 \u00e0\u00a0C&#8217;EST PAS SORCIER<br \/>\nAuteurs : F.Courant, J.Gourmaud, B.Gonner, J.M. Chauveau, C.Breton<br \/>\nR\u00e9alisateurs : C. Breton<br \/>\nProducteurs : France3, RIFF International Prod.<\/p>\n<h2>MENTION DU PUBLIC POUR L&#8217;EXPOSITION DES PHOTOS MIF SCIENCES<\/h2>\n<p>remise par Mr Jean-Andr\u00e9 Deflandre, Directeur de la CAPAC &#8211; Li\u00e8ge<\/p>\n<p>Attribu\u00e9 \u00e0 REGARD VEGETAL<br \/>\nAuteur : C. Bourdeau<\/p>\n<h2>MENTIONS\u00a0ATTRIBUEES PAR LE JURY D&#8217;EDUCATION A LA SANTE<\/h2>\n<p>1ERE MENTION POUR LA VALEUR EDUCATIVE DU FILM<br \/>\nremise par Mme Dominique Straetmans, Infirmi\u00e8re Chef de Service &#8211; CHU de Li\u00e8ge<\/p>\n<p>attribu\u00e9e \u00e0\u00a0LE LAIT, C&#8217;EST SEIN\u2026<br \/>\nAuteurs : K. Allaman, S. Delley &amp; G. Pedat<br \/>\nR\u00e9alisateur : O. Frei<br \/>\nProducteur : le CEMCAV &#8211; CHUV (Lausanne &#8211; Suisse)<\/p>\n<p>2E MENTION POUR LA VALEUR SOCIALE ET INTERNATIONALE DU FILM<br \/>\nremise par Mme Isabelle Santos, Journaliste Scientifique &#8211; Cit\u00e9 des Sciences de Paris<\/p>\n<p>attribu\u00e9e \u00e0\u00a0CRAINTES ET ENGAGEMENTS<br \/>\nAuteurs : F. Castanier &amp; B. Finck<br \/>\nR\u00e9alisateurs : F. Castanier &amp; B. Finck<br \/>\nProducteurs : EUP &amp; Fr. Dumaine<br \/>\n(Paris &#8211; France)<\/p>\n<p>3E MENTION POUR LA VALEUR COMMUNICATIVE ET DE PREVENTION<br \/>\nremise par Mr Jan Goldschmeding, Directeur du Centre Audiovisuel -Amsterdam<\/p>\n<p>attribu\u00e9e \u00e0\u00a0SCENARIOS SUR LA DROGUE<br \/>\nProducteurs : le CRIPS Ile de France &#8211; T\u00e9l\u00e9ma Production &#8211; MP Production<br \/>\n(Paris &#8211; France)<\/p>\n<h2>MENTIONS ATTRIBUEES PAR LE JURY MEDICAL<\/h2>\n<p>1ERE MENTION : CATEGORIE SOCIO-PROFESSIONNEL<br \/>\nremise par le Dr Alain Bouvarel, Directeur Scientifique &#8211; CNASM Lorquin &#8211; France<\/p>\n<p>attribu\u00e9e \u00e0\u00a0CHERCHE INFIRMIER(E)S DESESPEREMENT<br \/>\nAuteur : M.P. Steisel<br \/>\nR\u00e9alisateur : M. Mees<br \/>\nProducteurs : RTBF \/ Fr. Palange (Bruxelles &#8211; Belgique)<\/p>\n<p>2E MENTION : CATEGORIE DIDACTIQUE<br \/>\nremise par le Dr Irma de Ceballos, Directrice &#8211; VIDEOMED Cordoba -Argentine<\/p>\n<p>attribu\u00e9e \u00e0\u00a0L&#8217;EXAMEN CLINIQUE SYSTEMATIQUE DE L&#8217;EPAULE<br \/>\nAuteurs : S. Lafranchi &amp; A. Farron<br \/>\nR\u00e9alisateur : O. Frei<br \/>\nProducteur : CEMCAV &#8211; CHUV de Lausanne (Suisse)<\/p>\n<p>3E MENTION : CATEGORIE RECHERCHE<br \/>\nremise par le Dr Jean Marie De Smedt, Chef de Service associ\u00e9 &#8211; H\u00f4pital Erasme<\/p>\n<p>attribu\u00e9e \u00e0\u00a0SYNAPSES CONNECTION<br \/>\nAuteur : N.T. Binh<br \/>\nR\u00e9alisateur : N.T. Binh<br \/>\nProducteurs : le CSI &#8211; la DPA &#8211; Binome (France)<\/p>\n<h2>MENTIONS ATTRIBUEES PAR LE JURY MULTIMEDIA<\/h2>\n<p>remises par Mr Michel Beaulen, Coordinateur Intranet Province de Li\u00e8ge<\/p>\n<p>MENTION SPECIALE SITE INTERNET<\/p>\n<p>attribu\u00e9e au Site Internet BEHEALTH<br \/>\nAuteur : D. Verrees<\/p>\n<p>MENTION SPECIALE CD ROM<\/p>\n<p>attribu\u00e9e au CD Rom DIAGNOSIS AND MANAGEMENT OF ENDOMETRIOSIS<br \/>\nAuteur : J. Donnez<br \/>\nR\u00e9alisateur : R. Lechantre<\/p>\n<p>[\/et_pb_text][\/et_pb_column][\/et_pb_row][\/et_pb_section]<\/p>\n","protected":false},"excerpt":{"rendered":"<p>PRIX DU MEILLEUR FILM D&#8217;EDUCATION A LA SANTE remis par Jacques Houart, Professeur \u00e0 l&#8217;Universit\u00e9 de Coimbra -Portugal Attribu\u00e9 \u00e0\u00a0LA VIE EN QUESTION : AU PLUS PROFOND DU CERVEAU R\u00e9alisateur : V. Exposito Producteur : France 3 PRIX DU MEILLEUR FILM MEDICAL OU SCIENTIFIQUE remis par Mr Lafforgue, Pr\u00e9sident du Jury M\u00e9dical &#8211; N\u00e9phrologue &#8211; [&hellip;]<\/p>\n","protected":false},"author":1,"featured_media":0,"parent":0,"menu_order":0,"comment_status":"closed","ping_status":"closed","template":"","meta":{"_acf_changed":false,"_et_pb_use_builder":"on","_et_pb_old_content":"","_et_gb_content_width":"","_lmt_disableupdate":"","_lmt_disable":"","_monsterinsights_skip_tracking":false,"_monsterinsights_sitenote_active":false,"_monsterinsights_sitenote_note":"","_monsterinsights_sitenote_category":0,"footnotes":"","_wp_rev_ctl_limit":""},"class_list":["post-17258","page","type-page","status-publish","hentry"],"acf":[],"yoast_head":"<!-- This site is optimized with the Yoast SEO plugin v25.0 - https:\/\/yoast.com\/wordpress\/plugins\/seo\/ -->\n<title>Imag\u00e9sant\u00e9 2002 - Festival Imag\u00e9sant\u00e9<\/title>\n<meta name=\"robots\" content=\"index, follow, max-snippet:-1, max-image-preview:large, max-video-preview:-1\" \/>\n<link rel=\"canonical\" href=\"https:\/\/www.imagesante.be\/fr\/imagesante-2002\/\" \/>\n<meta property=\"og:locale\" content=\"fr_FR\" \/>\n<meta property=\"og:type\" content=\"article\" \/>\n<meta property=\"og:title\" content=\"Imag\u00e9sant\u00e9 2002 - Festival Imag\u00e9sant\u00e9\" \/>\n<meta property=\"og:url\" content=\"https:\/\/www.imagesante.be\/fr\/imagesante-2002\/\" \/>\n<meta property=\"og:site_name\" content=\"Festival Imag\u00e9sant\u00e9\" \/>\n<meta property=\"article:modified_time\" content=\"2019-11-13T13:23:53+00:00\" \/>\n<meta name=\"twitter:card\" content=\"summary_large_image\" \/>\n<script type=\"application\/ld+json\" class=\"yoast-schema-graph\">{\"@context\":\"https:\/\/schema.org\",\"@graph\":[{\"@type\":\"WebPage\",\"@id\":\"https:\/\/www.imagesante.be\/fr\/imagesante-2002\/\",\"url\":\"https:\/\/www.imagesante.be\/fr\/imagesante-2002\/\",\"name\":\"Imag\u00e9sant\u00e9 2002 - Festival Imag\u00e9sant\u00e9\",\"isPartOf\":{\"@id\":\"https:\/\/www.imagesante.be\/fr\/#website\"},\"datePublished\":\"2019-07-16T09:51:13+00:00\",\"dateModified\":\"2019-11-13T13:23:53+00:00\",\"breadcrumb\":{\"@id\":\"https:\/\/www.imagesante.be\/fr\/imagesante-2002\/#breadcrumb\"},\"inLanguage\":\"fr-FR\",\"potentialAction\":[{\"@type\":\"ReadAction\",\"target\":[\"https:\/\/www.imagesante.be\/fr\/imagesante-2002\/\"]}]},{\"@type\":\"BreadcrumbList\",\"@id\":\"https:\/\/www.imagesante.be\/fr\/imagesante-2002\/#breadcrumb\",\"itemListElement\":[{\"@type\":\"ListItem\",\"position\":1,\"name\":\"Accueil\",\"item\":\"https:\/\/www.imagesante.be\/fr\/\"},{\"@type\":\"ListItem\",\"position\":2,\"name\":\"Imag\u00e9sant\u00e9 2002\"}]},{\"@type\":\"WebSite\",\"@id\":\"https:\/\/www.imagesante.be\/fr\/#website\",\"url\":\"https:\/\/www.imagesante.be\/fr\/\",\"name\":\"Festival Imag\u00e9sant\u00e9\",\"description\":\"\",\"publisher\":{\"@id\":\"https:\/\/www.imagesante.be\/fr\/#organization\"},\"potentialAction\":[{\"@type\":\"SearchAction\",\"target\":{\"@type\":\"EntryPoint\",\"urlTemplate\":\"https:\/\/www.imagesante.be\/fr\/?s={search_term_string}\"},\"query-input\":{\"@type\":\"PropertyValueSpecification\",\"valueRequired\":true,\"valueName\":\"search_term_string\"}}],\"inLanguage\":\"fr-FR\"},{\"@type\":\"Organization\",\"@id\":\"https:\/\/www.imagesante.be\/fr\/#organization\",\"name\":\"Imag\u00e9Sant\u00e9\",\"url\":\"https:\/\/www.imagesante.be\/fr\/\",\"logo\":{\"@type\":\"ImageObject\",\"inLanguage\":\"fr-FR\",\"@id\":\"https:\/\/www.imagesante.be\/fr\/#\/schema\/logo\/image\/\",\"url\":\"https:\/\/www.imagesante.be\/wp-content\/uploads\/2019\/06\/Festival-positif-carre.jpg\",\"contentUrl\":\"https:\/\/www.imagesante.be\/wp-content\/uploads\/2019\/06\/Festival-positif-carre.jpg\",\"width\":498,\"height\":498,\"caption\":\"Imag\u00e9Sant\u00e9\"},\"image\":{\"@id\":\"https:\/\/www.imagesante.be\/fr\/#\/schema\/logo\/image\/\"}}]}<\/script>\n<!-- \/ Yoast SEO plugin. -->","yoast_head_json":{"title":"Imag\u00e9sant\u00e9 2002 - Festival Imag\u00e9sant\u00e9","robots":{"index":"index","follow":"follow","max-snippet":"max-snippet:-1","max-image-preview":"max-image-preview:large","max-video-preview":"max-video-preview:-1"},"canonical":"https:\/\/www.imagesante.be\/fr\/imagesante-2002\/","og_locale":"fr_FR","og_type":"article","og_title":"Imag\u00e9sant\u00e9 2002 - Festival Imag\u00e9sant\u00e9","og_url":"https:\/\/www.imagesante.be\/fr\/imagesante-2002\/","og_site_name":"Festival Imag\u00e9sant\u00e9","article_modified_time":"2019-11-13T13:23:53+00:00","twitter_card":"summary_large_image","schema":{"@context":"https:\/\/schema.org","@graph":[{"@type":"WebPage","@id":"https:\/\/www.imagesante.be\/fr\/imagesante-2002\/","url":"https:\/\/www.imagesante.be\/fr\/imagesante-2002\/","name":"Imag\u00e9sant\u00e9 2002 - Festival Imag\u00e9sant\u00e9","isPartOf":{"@id":"https:\/\/www.imagesante.be\/fr\/#website"},"datePublished":"2019-07-16T09:51:13+00:00","dateModified":"2019-11-13T13:23:53+00:00","breadcrumb":{"@id":"https:\/\/www.imagesante.be\/fr\/imagesante-2002\/#breadcrumb"},"inLanguage":"fr-FR","potentialAction":[{"@type":"ReadAction","target":["https:\/\/www.imagesante.be\/fr\/imagesante-2002\/"]}]},{"@type":"BreadcrumbList","@id":"https:\/\/www.imagesante.be\/fr\/imagesante-2002\/#breadcrumb","itemListElement":[{"@type":"ListItem","position":1,"name":"Accueil","item":"https:\/\/www.imagesante.be\/fr\/"},{"@type":"ListItem","position":2,"name":"Imag\u00e9sant\u00e9 2002"}]},{"@type":"WebSite","@id":"https:\/\/www.imagesante.be\/fr\/#website","url":"https:\/\/www.imagesante.be\/fr\/","name":"Festival Imag\u00e9sant\u00e9","description":"","publisher":{"@id":"https:\/\/www.imagesante.be\/fr\/#organization"},"potentialAction":[{"@type":"SearchAction","target":{"@type":"EntryPoint","urlTemplate":"https:\/\/www.imagesante.be\/fr\/?s={search_term_string}"},"query-input":{"@type":"PropertyValueSpecification","valueRequired":true,"valueName":"search_term_string"}}],"inLanguage":"fr-FR"},{"@type":"Organization","@id":"https:\/\/www.imagesante.be\/fr\/#organization","name":"Imag\u00e9Sant\u00e9","url":"https:\/\/www.imagesante.be\/fr\/","logo":{"@type":"ImageObject","inLanguage":"fr-FR","@id":"https:\/\/www.imagesante.be\/fr\/#\/schema\/logo\/image\/","url":"https:\/\/www.imagesante.be\/wp-content\/uploads\/2019\/06\/Festival-positif-carre.jpg","contentUrl":"https:\/\/www.imagesante.be\/wp-content\/uploads\/2019\/06\/Festival-positif-carre.jpg","width":498,"height":498,"caption":"Imag\u00e9Sant\u00e9"},"image":{"@id":"https:\/\/www.imagesante.be\/fr\/#\/schema\/logo\/image\/"}}]}},"_links":{"self":[{"href":"https:\/\/www.imagesante.be\/fr\/wp-json\/wp\/v2\/pages\/17258","targetHints":{"allow":["GET"]}}],"collection":[{"href":"https:\/\/www.imagesante.be\/fr\/wp-json\/wp\/v2\/pages"}],"about":[{"href":"https:\/\/www.imagesante.be\/fr\/wp-json\/wp\/v2\/types\/page"}],"author":[{"embeddable":true,"href":"https:\/\/www.imagesante.be\/fr\/wp-json\/wp\/v2\/users\/1"}],"replies":[{"embeddable":true,"href":"https:\/\/www.imagesante.be\/fr\/wp-json\/wp\/v2\/comments?post=17258"}],"version-history":[{"count":0,"href":"https:\/\/www.imagesante.be\/fr\/wp-json\/wp\/v2\/pages\/17258\/revisions"}],"wp:attachment":[{"href":"https:\/\/www.imagesante.be\/fr\/wp-json\/wp\/v2\/media?parent=17258"}],"curies":[{"name":"wp","href":"https:\/\/api.w.org\/{rel}","templated":true}]}}