{"id":17251,"date":"2019-07-16T10:50:02","date_gmt":"2019-07-16T09:50:02","guid":{"rendered":"https:\/\/imagesante.beontheweb.be\/?page_id=17251"},"modified":"2019-11-13T14:23:43","modified_gmt":"2019-11-13T13:23:43","slug":"imagesante-2004","status":"publish","type":"page","link":"https:\/\/www.imagesante.be\/fr\/imagesante-2004\/","title":{"rendered":"Imag\u00e9sant\u00e9 2004"},"content":{"rendered":"<p>[et_pb_section fb_built=&#8221;1&#8243; fullwidth=&#8221;on&#8221; module_class=&#8221;banniere_titre&#8221; _builder_version=&#8221;3.29.3&#8243; _dynamic_attributes=&#8221;background_image&#8221; background_image=&#8221;@ET-DC@eyJkeW5hbWljIjp0cnVlLCJjb250ZW50IjoiY3VzdG9tX21ldGFfYmFubmllcmUiLCJzZXR0aW5ncyI6eyJiZWZvcmUiOiIiLCJhZnRlciI6IiIsImVuYWJsZV9odG1sIjoib2ZmIn19@&#8221; height=&#8221;350px&#8221; custom_padding=&#8221;||0px||false|false&#8221; global_module=&#8221;4454&#8243; saved_tabs=&#8221;all&#8221; locked=&#8221;off&#8221; fb_built=&#8221;1&#8243; _i=&#8221;0&#8243; _address=&#8221;0&#8243;][et_pb_fullwidth_header text_orientation=&#8221;center&#8221; button_one_text=&#8221;@ET-DC@eyJkeW5hbWljIjp0cnVlLCJjb250ZW50IjoiY3VzdG9tX21ldGFfcGFnZV9wYXJlbnRlIiwic2V0dGluZ3MiOnsiYmVmb3JlIjoiIiwiYWZ0ZXIiOiIiLCJlbmFibGVfaHRtbCI6Im9mZiJ9fQ==@&#8221; button_one_url=&#8221;@ET-DC@eyJkeW5hbWljIjp0cnVlLCJjb250ZW50IjoiY3VzdG9tX21ldGFfdXJsX3BhZ2VfcGFyZW50ZSIsInNldHRpbmdzIjp7ImJlZm9yZSI6IiIsImFmdGVyIjoiIiwiZW5hYmxlX2h0bWwiOiJvZmYifX0=@&#8221; disabled_on=&#8221;off|off|off&#8221; admin_label=&#8221;Titre + Image&#8221; _builder_version=&#8221;3.29.3&#8243; _dynamic_attributes=&#8221;button_one_text,button_one_url&#8221; title_font=&#8221;BebasNeueRegular||||||||&#8221; title_text_align=&#8221;center&#8221; title_font_size=&#8221;70px&#8221; title_letter_spacing=&#8221;2px&#8221; content_font=&#8221;||||||||&#8221; content_text_align=&#8221;center&#8221; subhead_font=&#8221;||||||||&#8221; subhead_text_align=&#8221;center&#8221; subhead_text_color=&#8221;#ffffff&#8221; background_color=&#8221;rgba(176,148,88,0.42)&#8221; custom_button_one=&#8221;on&#8221; button_one_text_size=&#8221;15px&#8221; button_one_text_color=&#8221;#ffffff&#8221; button_one_bg_color=&#8221;#b09458&#8243; button_one_border_width=&#8221;0px&#8221; button_one_font=&#8221;||||||||&#8221; button_one_icon=&#8221;%%41%%&#8221; button_one_icon_color=&#8221;#ffffff&#8221; button_one_custom_margin=&#8221;160px||||false|false&#8221; button_one_custom_padding=&#8221;|50px||50px|false|false&#8221; height=&#8221;295px&#8221; title_font_size_last_edited=&#8221;on|desktop&#8221; locked=&#8221;off&#8221; button_one_bg_color__hover_enabled=&#8221;on&#8221; button_one_bg_color__hover=&#8221;#ffffff&#8221; button_one_bg_enable_color__hover=&#8221;on&#8221; button_one_text_color__hover_enabled=&#8221;on&#8221; button_one_text_color__hover=&#8221;#b09458&#8243; button_one_icon_color__hover_enabled=&#8221;on&#8221; button_one_icon_color__hover=&#8221;#b09458&#8243; _i=&#8221;0&#8243; _address=&#8221;0.0&#8243;][\/et_pb_fullwidth_header][et_pb_fullwidth_post_title meta=&#8221;off&#8221; featured_image=&#8221;off&#8221; _builder_version=&#8221;3.29.3&#8243; title_font=&#8221;Bebas|||on|||||&#8221; title_text_align=&#8221;center&#8221; title_text_color=&#8221;#ffffff&#8221; title_font_size=&#8221;35px&#8221; title_letter_spacing=&#8221;5px&#8221; background_color=&#8221;#b09458&#8243; height=&#8221;55px&#8221; max_height=&#8221;55px&#8221; custom_margin=&#8221;0px||95px||false|false&#8221; custom_padding=&#8221;10px||0px||false|false&#8221; title_font_size_phone=&#8221;31px&#8221; title_font_size_last_edited=&#8221;on|desktop&#8221; locked=&#8221;off&#8221; _i=&#8221;1&#8243; _address=&#8221;0.1&#8243; column_structure=&#8221;4_4&#8243;][\/et_pb_fullwidth_post_title][\/et_pb_section][et_pb_section fb_built=&#8221;1&#8243; admin_label=&#8221;Section&#8221; _builder_version=&#8221;3.22.3&#8243; fb_built=&#8221;1&#8243; _i=&#8221;1&#8243; _address=&#8221;1&#8243;][et_pb_row admin_label=&#8221;row&#8221; _builder_version=&#8221;3.25&#8243; background_size=&#8221;initial&#8221; background_position=&#8221;top_left&#8221; background_repeat=&#8221;repeat&#8221; _i=&#8221;0&#8243; _address=&#8221;1.0&#8243;][et_pb_column type=&#8221;4_4&#8243; _builder_version=&#8221;3.25&#8243; custom_padding=&#8221;|||&#8221; custom_padding__hover=&#8221;|||&#8221; _i=&#8221;0&#8243; _address=&#8221;1.0.0&#8243;][et_pb_text admin_label=&#8221;Texte&#8221; _builder_version=&#8221;3.29.3&#8243; background_size=&#8221;initial&#8221; background_position=&#8221;top_left&#8221; background_repeat=&#8221;repeat&#8221; hover_enabled=&#8221;0&#8243; use_border_color=&#8221;off&#8221; border_color=&#8221;#ffffff&#8221; border_style=&#8221;solid&#8221; _i=&#8221;0&#8243; _address=&#8221;1.0.0.0&#8243;]<\/p>\n<h2>PREMIER PRIX DANS LA CATEGORIE EDUCATION A LA SANTE<\/h2>\n<p>Troph\u00e9e remis par Mme la Ministre Nicole Mar\u00e9chal<\/p>\n<p>Attribu\u00e9 \u00e0\u00a0THE FIRE KEEPS BURNING INSIDE<br \/>\nAuteur : Mark DAMEN, Greet ROUFFAER<br \/>\nR\u00e9alisateur : Mark DAMEN<br \/>\nProducteur : Het Greet Rouffaer<br \/>\nOrigine : Belgique<\/p>\n<h2>DEUXIEME PRIX DANS LA CATEGORIE EDUCATION A LA SANTE<\/h2>\n<p>Attribu\u00e9 \u00e0\u00a0LIFE&#8217;S A TWICH<br \/>\nAuteur : Cindy BISAILLON<br \/>\nProducteur : Tina HAHN<br \/>\nOrigine : Canada<\/p>\n<h2>PRIX SPECIAL &#8220;LA MEUSE&#8221;<\/h2>\n<p>Attribu\u00e9 \u00e0\u00a0TICKS, THE REAL VAMPIRES<br \/>\nAuteur : Bert EHGARTNER &#8211; Kurt LANGBEIN<br \/>\nProducteur : Stephen Janson, Kurt Langbein<br \/>\nOrigine : Autriche<\/p>\n<h2>PREMIER PRIX DANS LA CATEGORIE FILM MEDICAL<\/h2>\n<p>Attribu\u00e9 \u00e0\u00a0DANS LE SECRET DES EMOTIONS<br \/>\nAuteur : Stanislas DEHAENE &amp; Jean-Pierre GIBRAT<br \/>\nR\u00e9alisateur : Jean-Pierre GIBRAT<br \/>\nProducteur : Jean-Pierre GIBRAT &#8211; TRANS EUROPE FILM \/ ARTE France \/ CNRS Images M\u00e9dia<br \/>\nOrigine : France<\/p>\n<h2>DEUXIEME PRIX DANS LA CATEGORIE FILM MEDICAL<\/h2>\n<p>Attribu\u00e9 \u00e0\u00a0CES BREVETS ME RENDENT MALADE &#8211; LE SIDA EN AFRIQUE<br \/>\nAuteur : Rony BRAUMAN<br \/>\nProducteur : Etat d&#8217;Urgence Production<br \/>\nOrigine : France<\/p>\n<h2>PRIX SPECIAL &#8220;WAMHF&#8221;<\/h2>\n<p>Attribu\u00e9 \u00e0\u00a0LA PEUR BLEUE DE LA VIE<br \/>\nAuteur : Anne CRAHAY &#8211; B\u00e9n\u00e9dicte MINGUET<br \/>\nProducteur : ASBL CHC et ASBL Cam\u00e9ra enfants admis<br \/>\nOrigine : Belgique<\/p>\n<h2>PRIX SPECIAL MIF SCIENCE<\/h2>\n<p>Attribu\u00e9 \u00e0\u00a0A LA RECHERCHE DU PHARAON PERDU<br \/>\nAuteur : Pierre STINE &amp; Alain ZENOU<br \/>\nR\u00e9alisateur : Pierre STINE<br \/>\nProducteur : Coproduction Gedeon Programmes \/ France 3 \/ Discovery Channel \/ NKH<br \/>\nOrigine : France<\/p>\n<h2>DEXIEME PRIX MIF SCIENCE<\/h2>\n<p>Attribu\u00e9 \u00e0\u00a0UN CORSAIRE SOUS LA MER<br \/>\nAuteur : Jerome Julienne<br \/>\nR\u00e9alisateur : Jerome Julienne<br \/>\nProducteur : GEDEON Programmes \/ ARTE<br \/>\nOrigine : France<\/p>\n<h2>PRIX PROVINCE DE LIEGE<\/h2>\n<p>Attribu\u00e9 \u00e0\u00a0CONQUERIR L&#8217;ECOLE<br \/>\nAuteur : Matthieu CHEVALLIER<br \/>\nProducteur : M. Prokosh Films Productions<br \/>\nOrigine : France<\/p>\n<h2>MENTION SPECIALE PROVINCE DE LIEGE<\/h2>\n<p>Attribu\u00e9 \u00e0\u00a0L&#8217;ABUS DE SPORT NUIT GRAVEMENT A LA SANTE<br \/>\nAuteur : Bertrand Duboux<br \/>\nProducteur : Gilles Pache<br \/>\nOrigine : Suisse<\/p>\n<h2>PRIX SPECIAL DES JEUNES<\/h2>\n<p>Attribu\u00e9 \u00e0\u00a0L&#8217;EAU, C&#8217;EST LA VIE + KOOM LA VIIM<br \/>\nAuteur : Jean-Luc SLOCK &amp; Louise-Marie COLON<br \/>\nProducteur : V\u00e9ronique MICHEL &#8211; CAMERA ENFANTS ADMIS<br \/>\nOrigine : Belgique<\/p>\n<h2>PRIX SPECIAL DU MEILLEUR FILM DANS LA CATEGORIE ENVIRONNEMENT<\/h2>\n<p>Attribu\u00e9 \u00e0\u00a0RENDEZ-NOUS LA NUIT<br \/>\nAuteur : Ph. GAUTIER<br \/>\nProducteur : RTBF \u2013 Autant Savoir<br \/>\nOrigine : Belgique<\/p>\n<h2>MENTION SPECIALE DANS LA CATEGORIE &#8220;ENVIRONNEMENT&#8221;<\/h2>\n<p>Attribu\u00e9 \u00e0\u00a0TOM&#8217;S RIVER : LA VILLE EMPOISONNEE<br \/>\nProducteur : Gilles Pache<br \/>\nOrigine : Suisse<\/p>\n<h2>PRIX DU MEILLEUR CD-ROM<\/h2>\n<p>Attribu\u00e9 \u00e0\u00a0NOS PEPINS SOUS LA LOUPE<br \/>\nAuteur : Jaques DENIS<br \/>\nProducteur : asbl Gawi<br \/>\nOrigine : Belgique<\/p>\n<h2>PRIX DU MEILLEUR SITE INTERNET<\/h2>\n<p>Attribu\u00e9 \u00e0\u00a0WWW.ESSENTIELSANTE.NET<br \/>\nAuteur : Eric SCHOLER &amp; Virginie VIAL<br \/>\nProducteur : Eric SCHOLER &amp; Virginie VIAL<\/p>\n<h2>TROPHEES MIF-SCIENCES<\/h2>\n<p>MENTION SPECIALE<\/p>\n<p>Attribu\u00e9 \u00e0\u00a0LEADERCHIMP : LES JEUX DU POUVOIR<br \/>\nAuteur : Vincent MAILLARD<br \/>\nR\u00e9alisateur : Vincent MAILLARD<br \/>\nProducteur : BARTALA Films &#8211; France 2<br \/>\nOrigine : France<\/p>\n<p>MENTION SPECIALE<\/p>\n<p>Attribu\u00e9 \u00e0\u00a0L&#8217;ENIGME DES NASCAS<br \/>\nAuteur : Thierry RAGOBERT<br \/>\nProducteur : St\u00e9phane MILLER &#8211; GEDEON PROGRAMME \/ARTE \/ DISCOVERY CHANNEL<br \/>\nOrigine : France<\/p>\n<p>MENTION SPECIALE<\/p>\n<p>Attribu\u00e9 \u00e0\u00a0SERIE &#8220;C&#8217;EST PAS SORCIER&#8221;<br \/>\nAuteur : Fr\u00e9d\u00e9ric COURANT &#8211; Jamy GOURMAUD &#8211; Sabine QUINDOU &#8211; Manou JAKUBOWICZ<br \/>\nProducteur : Alain TAIEB &#8211; Vincent Lamy \/ Riff International production \/ France 3<\/p>\n<h2>MENTIONS ATTRIBUEES PAR LE JURY MEDICAL<\/h2>\n<p>MENTION SPECIALE<\/p>\n<p>Attribu\u00e9 \u00e0\u00a0TREATMENT CONCEPT FOR EXTRACTED IMPACTED LOWER WISDOM TEETH<br \/>\nAuteur : Dr. Gerd BASTING &#8211; Dr. SCHULTZE-MOSGAU<br \/>\nOrigine : Allemagne<\/p>\n<p>MENTION SPECIALE<\/p>\n<p>Attribu\u00e9 \u00e0\u00a0PASSION AND PAIN<br \/>\nAuteur : Noud HOLTMAN<br \/>\nProducteur : Idtv-DITS\/Ireen van Ditshuyzen<br \/>\nOrigine : Pays-Bas<\/p>\n<p>MENTION SPECIALE<\/p>\n<p>Attribu\u00e9 \u00e0\u00a0RENAISSANCE<br \/>\nAuteur : Fr\u00e9d\u00e9ric CALVACHE NAVARRO<br \/>\nProducteur : Fr\u00e9d\u00e9ric CALVACHE NAVARRO<br \/>\nOrigine : Belgique<\/p>\n<p>MENTION SPECIALE<\/p>\n<p>Attribu\u00e9 \u00e0\u00a0HEALTH CARE BY TRIAL AND ERROR<br \/>\nAuteur : Hans ARENDS &#8211; Fenny VLIETSTRA<br \/>\nProducteur : International Documentary Services (IDS)<br \/>\nOrigine : Pays-Bas<\/p>\n<h2>MENTIONS ATTRIBUEES PAR LE JURY EDUCATION A LA SANTE<\/h2>\n<p>MENTION SPECIALE<\/p>\n<p>Attribu\u00e9 \u00e0\u00a0HEALTH SQUAD<br \/>\nAuteur : Larry MASTERSON<br \/>\nProducteur : Nemeton Productions<br \/>\nOrigine : Irlande<\/p>\n<p>MENTION SPECIALE<\/p>\n<p>Attribu\u00e9 \u00e0\u00a0BATTAMBANG&#8217;S PROSTHETIC WORKSHOP, TRANS-FEMORAL PROSTHESIS<br \/>\nAuteur : Eric VANDER BORGHT<br \/>\nProducteur : La croix rouge<br \/>\nOrigine : Suisse<\/p>\n<p>MENTION SPECIALE<\/p>\n<p>Attribu\u00e9 \u00e0\u00a0COEUR DE CELLULE, NAISSANCE D&#8217;UNE PROTEINE<br \/>\nAuteur : Laure DELESALLE &#8211; Alain CHARRIER &#8211; P. MAURY<br \/>\nProducteur : CSI &#8211; DPA Nelly DUMAS<br \/>\nOrigine : France<\/p>\n<p>MENTION SPECIALE<\/p>\n<p>Attribu\u00e9 \u00e0\u00a0FOETAL MOVEMENTS &#8211; DEVELOPMENT OF MOTILITY AND POSTURE IN THE HUMAN BODY<br \/>\nAuteur : Audiovisueel Centrum VU<br \/>\nProducteur : Mirjam Mooij<br \/>\nOrigine : Pays-Bas<\/p>\n<h2>MENTIONS ATTRIBUEES PAR LE JURY MULTIMEDIA<\/h2>\n<p>MENTION SPECIALE<\/p>\n<p>Attribu\u00e9 \u00e0\u00a0UNIVERS PARALLELES &#8211; LE MONDE PERCU PAR LES ANIMAUX<br \/>\nAuteur : Raymond TERCAFS<br \/>\nR\u00e9alisateur : Raymond TERCAFS<br \/>\nProducteur : Raymond TERCAFS<\/p>\n<p>MENTION SPECIALE<br \/>\nSite institutionnel de l&#8217;h\u00f4pital des M\u00e9tallurgistes Pierre Rouqu\u00e8s &#8211; Maternit\u00e9 des Bluets<\/p>\n<p>Attribu\u00e9 \u00e0\u00a0WWW.BLUETS.ORG<br \/>\nAuteur : Docteur Paule HERSCHKORN-BARNU et Madame Maria MARTINEZ<br \/>\nOrigine : France<\/p>\n<p>[\/et_pb_text][\/et_pb_column][\/et_pb_row][\/et_pb_section]<\/p>\n","protected":false},"excerpt":{"rendered":"<p>PREMIER PRIX DANS LA CATEGORIE EDUCATION A LA SANTE Troph\u00e9e remis par Mme la Ministre Nicole Mar\u00e9chal Attribu\u00e9 \u00e0\u00a0THE FIRE KEEPS BURNING INSIDE Auteur : Mark DAMEN, Greet ROUFFAER R\u00e9alisateur : Mark DAMEN Producteur : Het Greet Rouffaer Origine : Belgique DEUXIEME PRIX DANS LA CATEGORIE EDUCATION A LA SANTE Attribu\u00e9 \u00e0\u00a0LIFE&#8217;S A TWICH Auteur [&hellip;]<\/p>\n","protected":false},"author":1,"featured_media":0,"parent":0,"menu_order":0,"comment_status":"closed","ping_status":"closed","template":"","meta":{"_acf_changed":false,"_et_pb_use_builder":"on","_et_pb_old_content":"","_et_gb_content_width":"","_lmt_disableupdate":"","_lmt_disable":"","_monsterinsights_skip_tracking":false,"_monsterinsights_sitenote_active":false,"_monsterinsights_sitenote_note":"","_monsterinsights_sitenote_category":0,"footnotes":"","_wp_rev_ctl_limit":""},"class_list":["post-17251","page","type-page","status-publish","hentry"],"acf":[],"yoast_head":"<!-- This site is optimized with the Yoast SEO plugin v25.0 - https:\/\/yoast.com\/wordpress\/plugins\/seo\/ -->\n<title>Imag\u00e9sant\u00e9 2004 - Festival Imag\u00e9sant\u00e9<\/title>\n<meta name=\"robots\" content=\"index, follow, max-snippet:-1, max-image-preview:large, max-video-preview:-1\" \/>\n<link rel=\"canonical\" href=\"https:\/\/www.imagesante.be\/fr\/imagesante-2004\/\" \/>\n<meta property=\"og:locale\" content=\"fr_FR\" \/>\n<meta property=\"og:type\" content=\"article\" \/>\n<meta property=\"og:title\" content=\"Imag\u00e9sant\u00e9 2004 - Festival Imag\u00e9sant\u00e9\" \/>\n<meta property=\"og:url\" content=\"https:\/\/www.imagesante.be\/fr\/imagesante-2004\/\" \/>\n<meta property=\"og:site_name\" content=\"Festival Imag\u00e9sant\u00e9\" \/>\n<meta property=\"article:modified_time\" content=\"2019-11-13T13:23:43+00:00\" \/>\n<meta name=\"twitter:card\" content=\"summary_large_image\" \/>\n<script type=\"application\/ld+json\" class=\"yoast-schema-graph\">{\"@context\":\"https:\/\/schema.org\",\"@graph\":[{\"@type\":\"WebPage\",\"@id\":\"https:\/\/www.imagesante.be\/fr\/imagesante-2004\/\",\"url\":\"https:\/\/www.imagesante.be\/fr\/imagesante-2004\/\",\"name\":\"Imag\u00e9sant\u00e9 2004 - Festival Imag\u00e9sant\u00e9\",\"isPartOf\":{\"@id\":\"https:\/\/www.imagesante.be\/fr\/#website\"},\"datePublished\":\"2019-07-16T09:50:02+00:00\",\"dateModified\":\"2019-11-13T13:23:43+00:00\",\"breadcrumb\":{\"@id\":\"https:\/\/www.imagesante.be\/fr\/imagesante-2004\/#breadcrumb\"},\"inLanguage\":\"fr-FR\",\"potentialAction\":[{\"@type\":\"ReadAction\",\"target\":[\"https:\/\/www.imagesante.be\/fr\/imagesante-2004\/\"]}]},{\"@type\":\"BreadcrumbList\",\"@id\":\"https:\/\/www.imagesante.be\/fr\/imagesante-2004\/#breadcrumb\",\"itemListElement\":[{\"@type\":\"ListItem\",\"position\":1,\"name\":\"Accueil\",\"item\":\"https:\/\/www.imagesante.be\/fr\/\"},{\"@type\":\"ListItem\",\"position\":2,\"name\":\"Imag\u00e9sant\u00e9 2004\"}]},{\"@type\":\"WebSite\",\"@id\":\"https:\/\/www.imagesante.be\/fr\/#website\",\"url\":\"https:\/\/www.imagesante.be\/fr\/\",\"name\":\"Festival Imag\u00e9sant\u00e9\",\"description\":\"\",\"publisher\":{\"@id\":\"https:\/\/www.imagesante.be\/fr\/#organization\"},\"potentialAction\":[{\"@type\":\"SearchAction\",\"target\":{\"@type\":\"EntryPoint\",\"urlTemplate\":\"https:\/\/www.imagesante.be\/fr\/?s={search_term_string}\"},\"query-input\":{\"@type\":\"PropertyValueSpecification\",\"valueRequired\":true,\"valueName\":\"search_term_string\"}}],\"inLanguage\":\"fr-FR\"},{\"@type\":\"Organization\",\"@id\":\"https:\/\/www.imagesante.be\/fr\/#organization\",\"name\":\"Imag\u00e9Sant\u00e9\",\"url\":\"https:\/\/www.imagesante.be\/fr\/\",\"logo\":{\"@type\":\"ImageObject\",\"inLanguage\":\"fr-FR\",\"@id\":\"https:\/\/www.imagesante.be\/fr\/#\/schema\/logo\/image\/\",\"url\":\"https:\/\/www.imagesante.be\/wp-content\/uploads\/2019\/06\/Festival-positif-carre.jpg\",\"contentUrl\":\"https:\/\/www.imagesante.be\/wp-content\/uploads\/2019\/06\/Festival-positif-carre.jpg\",\"width\":498,\"height\":498,\"caption\":\"Imag\u00e9Sant\u00e9\"},\"image\":{\"@id\":\"https:\/\/www.imagesante.be\/fr\/#\/schema\/logo\/image\/\"}}]}<\/script>\n<!-- \/ Yoast SEO plugin. -->","yoast_head_json":{"title":"Imag\u00e9sant\u00e9 2004 - Festival Imag\u00e9sant\u00e9","robots":{"index":"index","follow":"follow","max-snippet":"max-snippet:-1","max-image-preview":"max-image-preview:large","max-video-preview":"max-video-preview:-1"},"canonical":"https:\/\/www.imagesante.be\/fr\/imagesante-2004\/","og_locale":"fr_FR","og_type":"article","og_title":"Imag\u00e9sant\u00e9 2004 - Festival Imag\u00e9sant\u00e9","og_url":"https:\/\/www.imagesante.be\/fr\/imagesante-2004\/","og_site_name":"Festival Imag\u00e9sant\u00e9","article_modified_time":"2019-11-13T13:23:43+00:00","twitter_card":"summary_large_image","schema":{"@context":"https:\/\/schema.org","@graph":[{"@type":"WebPage","@id":"https:\/\/www.imagesante.be\/fr\/imagesante-2004\/","url":"https:\/\/www.imagesante.be\/fr\/imagesante-2004\/","name":"Imag\u00e9sant\u00e9 2004 - Festival Imag\u00e9sant\u00e9","isPartOf":{"@id":"https:\/\/www.imagesante.be\/fr\/#website"},"datePublished":"2019-07-16T09:50:02+00:00","dateModified":"2019-11-13T13:23:43+00:00","breadcrumb":{"@id":"https:\/\/www.imagesante.be\/fr\/imagesante-2004\/#breadcrumb"},"inLanguage":"fr-FR","potentialAction":[{"@type":"ReadAction","target":["https:\/\/www.imagesante.be\/fr\/imagesante-2004\/"]}]},{"@type":"BreadcrumbList","@id":"https:\/\/www.imagesante.be\/fr\/imagesante-2004\/#breadcrumb","itemListElement":[{"@type":"ListItem","position":1,"name":"Accueil","item":"https:\/\/www.imagesante.be\/fr\/"},{"@type":"ListItem","position":2,"name":"Imag\u00e9sant\u00e9 2004"}]},{"@type":"WebSite","@id":"https:\/\/www.imagesante.be\/fr\/#website","url":"https:\/\/www.imagesante.be\/fr\/","name":"Festival Imag\u00e9sant\u00e9","description":"","publisher":{"@id":"https:\/\/www.imagesante.be\/fr\/#organization"},"potentialAction":[{"@type":"SearchAction","target":{"@type":"EntryPoint","urlTemplate":"https:\/\/www.imagesante.be\/fr\/?s={search_term_string}"},"query-input":{"@type":"PropertyValueSpecification","valueRequired":true,"valueName":"search_term_string"}}],"inLanguage":"fr-FR"},{"@type":"Organization","@id":"https:\/\/www.imagesante.be\/fr\/#organization","name":"Imag\u00e9Sant\u00e9","url":"https:\/\/www.imagesante.be\/fr\/","logo":{"@type":"ImageObject","inLanguage":"fr-FR","@id":"https:\/\/www.imagesante.be\/fr\/#\/schema\/logo\/image\/","url":"https:\/\/www.imagesante.be\/wp-content\/uploads\/2019\/06\/Festival-positif-carre.jpg","contentUrl":"https:\/\/www.imagesante.be\/wp-content\/uploads\/2019\/06\/Festival-positif-carre.jpg","width":498,"height":498,"caption":"Imag\u00e9Sant\u00e9"},"image":{"@id":"https:\/\/www.imagesante.be\/fr\/#\/schema\/logo\/image\/"}}]}},"_links":{"self":[{"href":"https:\/\/www.imagesante.be\/fr\/wp-json\/wp\/v2\/pages\/17251","targetHints":{"allow":["GET"]}}],"collection":[{"href":"https:\/\/www.imagesante.be\/fr\/wp-json\/wp\/v2\/pages"}],"about":[{"href":"https:\/\/www.imagesante.be\/fr\/wp-json\/wp\/v2\/types\/page"}],"author":[{"embeddable":true,"href":"https:\/\/www.imagesante.be\/fr\/wp-json\/wp\/v2\/users\/1"}],"replies":[{"embeddable":true,"href":"https:\/\/www.imagesante.be\/fr\/wp-json\/wp\/v2\/comments?post=17251"}],"version-history":[{"count":0,"href":"https:\/\/www.imagesante.be\/fr\/wp-json\/wp\/v2\/pages\/17251\/revisions"}],"wp:attachment":[{"href":"https:\/\/www.imagesante.be\/fr\/wp-json\/wp\/v2\/media?parent=17251"}],"curies":[{"name":"wp","href":"https:\/\/api.w.org\/{rel}","templated":true}]}}