{"id":17246,"date":"2019-07-16T10:49:03","date_gmt":"2019-07-16T09:49:03","guid":{"rendered":"https:\/\/imagesante.beontheweb.be\/?page_id=17246"},"modified":"2019-11-13T14:23:38","modified_gmt":"2019-11-13T13:23:38","slug":"imagesante-2006","status":"publish","type":"page","link":"https:\/\/www.imagesante.be\/fr\/imagesante-2006\/","title":{"rendered":"Imag\u00e9sant\u00e9 2006"},"content":{"rendered":"<p>[et_pb_section fb_built=&#8221;1&#8243; fullwidth=&#8221;on&#8221; module_class=&#8221;banniere_titre&#8221; _builder_version=&#8221;3.29.3&#8243; _dynamic_attributes=&#8221;background_image&#8221; background_image=&#8221;@ET-DC@eyJkeW5hbWljIjp0cnVlLCJjb250ZW50IjoiY3VzdG9tX21ldGFfYmFubmllcmUiLCJzZXR0aW5ncyI6eyJiZWZvcmUiOiIiLCJhZnRlciI6IiIsImVuYWJsZV9odG1sIjoib2ZmIn19@&#8221; height=&#8221;350px&#8221; custom_padding=&#8221;||0px||false|false&#8221; global_module=&#8221;4454&#8243; saved_tabs=&#8221;all&#8221; locked=&#8221;on&#8221; fb_built=&#8221;1&#8243; _i=&#8221;0&#8243; _address=&#8221;0&#8243;][et_pb_fullwidth_header text_orientation=&#8221;center&#8221; button_one_text=&#8221;@ET-DC@eyJkeW5hbWljIjp0cnVlLCJjb250ZW50IjoiY3VzdG9tX21ldGFfcGFnZV9wYXJlbnRlIiwic2V0dGluZ3MiOnsiYmVmb3JlIjoiIiwiYWZ0ZXIiOiIiLCJlbmFibGVfaHRtbCI6Im9mZiJ9fQ==@&#8221; button_one_url=&#8221;@ET-DC@eyJkeW5hbWljIjp0cnVlLCJjb250ZW50IjoiY3VzdG9tX21ldGFfdXJsX3BhZ2VfcGFyZW50ZSIsInNldHRpbmdzIjp7ImJlZm9yZSI6IiIsImFmdGVyIjoiIiwiZW5hYmxlX2h0bWwiOiJvZmYifX0=@&#8221; disabled_on=&#8221;off|off|off&#8221; admin_label=&#8221;Titre + Image&#8221; _builder_version=&#8221;3.29.3&#8243; _dynamic_attributes=&#8221;button_one_text,button_one_url&#8221; title_font=&#8221;BebasNeueRegular||||||||&#8221; title_text_align=&#8221;center&#8221; title_font_size=&#8221;70px&#8221; title_letter_spacing=&#8221;2px&#8221; content_font=&#8221;||||||||&#8221; content_text_align=&#8221;center&#8221; subhead_font=&#8221;||||||||&#8221; subhead_text_align=&#8221;center&#8221; subhead_text_color=&#8221;#ffffff&#8221; background_color=&#8221;rgba(176,148,88,0.42)&#8221; custom_button_one=&#8221;on&#8221; button_one_text_size=&#8221;15px&#8221; button_one_text_color=&#8221;#ffffff&#8221; button_one_bg_color=&#8221;#b09458&#8243; button_one_border_width=&#8221;0px&#8221; button_one_font=&#8221;||||||||&#8221; button_one_icon=&#8221;%%41%%&#8221; button_one_icon_color=&#8221;#ffffff&#8221; button_one_custom_margin=&#8221;160px||||false|false&#8221; button_one_custom_padding=&#8221;|50px||50px|false|false&#8221; height=&#8221;295px&#8221; title_font_size_last_edited=&#8221;on|desktop&#8221; locked=&#8221;off&#8221; button_one_bg_color__hover_enabled=&#8221;on&#8221; button_one_bg_color__hover=&#8221;#ffffff&#8221; button_one_bg_enable_color__hover=&#8221;on&#8221; button_one_text_color__hover_enabled=&#8221;on&#8221; button_one_text_color__hover=&#8221;#b09458&#8243; button_one_icon_color__hover_enabled=&#8221;on&#8221; button_one_icon_color__hover=&#8221;#b09458&#8243; _i=&#8221;0&#8243; _address=&#8221;0.0&#8243;][\/et_pb_fullwidth_header][et_pb_fullwidth_post_title meta=&#8221;off&#8221; featured_image=&#8221;off&#8221; admin_label=&#8221;Titre du poste en pleine largeur&#8221; _builder_version=&#8221;3.29.3&#8243; title_font=&#8221;Bebas|||on|||||&#8221; title_text_align=&#8221;center&#8221; title_text_color=&#8221;#ffffff&#8221; title_font_size=&#8221;35px&#8221; title_letter_spacing=&#8221;5px&#8221; background_color=&#8221;#b09458&#8243; height=&#8221;55px&#8221; max_height=&#8221;55px&#8221; custom_margin=&#8221;0px||95px||false|false&#8221; custom_padding=&#8221;10px||0px||false|false&#8221; title_font_size_phone=&#8221;31px&#8221; title_font_size_last_edited=&#8221;on|desktop&#8221; locked=&#8221;off&#8221; _i=&#8221;1&#8243; _address=&#8221;0.1&#8243; column_structure=&#8221;4_4&#8243;][\/et_pb_fullwidth_post_title][\/et_pb_section][et_pb_section fb_built=&#8221;1&#8243; admin_label=&#8221;Section&#8221; _builder_version=&#8221;3.22.3&#8243; fb_built=&#8221;1&#8243; _i=&#8221;1&#8243; _address=&#8221;1&#8243;][et_pb_row admin_label=&#8221;row&#8221; _builder_version=&#8221;3.25&#8243; background_size=&#8221;initial&#8221; background_position=&#8221;top_left&#8221; background_repeat=&#8221;repeat&#8221; _i=&#8221;0&#8243; _address=&#8221;1.0&#8243;][et_pb_column type=&#8221;4_4&#8243; _builder_version=&#8221;3.25&#8243; custom_padding=&#8221;|||&#8221; custom_padding__hover=&#8221;|||&#8221; _i=&#8221;0&#8243; _address=&#8221;1.0.0&#8243;][et_pb_text admin_label=&#8221;Texte&#8221; _builder_version=&#8221;3.29.3&#8243; background_size=&#8221;initial&#8221; background_position=&#8221;top_left&#8221; background_repeat=&#8221;repeat&#8221; use_border_color=&#8221;off&#8221; border_color=&#8221;#ffffff&#8221; border_style=&#8221;solid&#8221; _i=&#8221;0&#8243; _address=&#8221;1.0.0.0&#8243;]<\/p>\n<h2>PREMIER PRIX &#8211; Mutualit\u00e9s<\/h2>\n<p>Remis par Mr. Edouard DENOEL<\/p>\n<p>Prix LA PREMIERE<br \/>Auteur: Marc COTE<br \/>R\u00e9alisteur : Marc COTE<br \/>Producteur : Wyeth<br \/>Origine : Canada<\/p>\n<h2>MENTION SPECIALE &#8211; Mutualit\u00e9<\/h2>\n<p>Remis \u00e0 LE SOUFFLE DU DESERT<br \/>R\u00e9alisation: Fran\u00e7ois KOHLER<br \/>Producteur: Heinz DILL &#8211; Xavier GRIN (XL Production) &#8211; Yves BISAILLON (ONF)<br \/>Origine : Suisse &#8211; Canada<\/p>\n<h2>PREMIER PRIX &#8211;\u00a0 Enironnement<\/h2>\n<p>Remis \u00e0 LES ENVAHISSEURS INVISIBLES &#8211; BACTERILAND<br \/>Auteur: Thierry BERROD<br \/>R\u00e9alisation: Thierry BERROD<br \/>Producteurs: France 5 &#8211; Mona Lisa Production &#8211; National Geographic Channels &#8211; IRD<br \/>Origine : France<\/p>\n<h2>SECOND PRIX &#8211; Environnement<\/h2>\n<p>Remis \u00e0 ALERTE CANICULE<br \/>Auteur: Jean-Fran\u00e7ois HASSOUN<br \/>R\u00e9alisateur: Jean-Fran\u00e7ois HASSOUN<br \/>Producteurs: Gedeon Programmes &#8211; France 2<br \/>Origine : France<\/p>\n<h2>MENTION &#8211; Environnement<\/h2>\n<p>Remis \u00e0 BRUIT TOXIQUE<br \/>Auteur: Beno\u00eet BATTEUR<br \/>R\u00e9alisateur: Harold CARRASCAL<br \/>Origine : France<\/p>\n<h2>MENTION &#8211; Environnement<\/h2>\n<p>Remis \u00e0 LES ENVAHISSEURS INVISIBLES &#8211; DANGER VIRUS<br \/>Auteurs: Thierry BERROD &#8211; Quincy RUSSEL &#8211; Pierre Fran\u00e7ois GAUDRY<br \/>R\u00e9alisateurs: Thierry BERROD &#8211; Quincy RUSSEL &#8211; Pierre Fran\u00e7ois GAUDRY<br \/>Produteurs: France 5 &#8211; Mona Lisa Production &#8211; National Geographic Channels &#8211; CNRS Image<br \/>Origine : France<\/p>\n<h2>PREMIER PRIX &#8211;\u00a0 &#8220;Disability&#8221;<\/h2>\n<p>Remis \u00e0 LE BONHEUR D&#8217;ALEXANDRE<br \/>Auteur : Jo\u00ebl CALMETTES<br \/>R\u00e9alisateur: Jo\u00ebl CALMETTES<br \/>Producteur: Jo\u00ebl CALMETTES<br \/>Origine : France<\/p>\n<h2>MENTION &#8211; &#8220;Disability&#8221;<\/h2>\n<p>Remis \u00e0 MAX, ENTRE CIEL ET TERRE<br \/>Auteurs: Jean-Luc SLOCK et 35 enfants<br \/>R\u00e9alisateurs: Jean-Luc SLOCK et 35 enfants<br \/>Producteur: V\u00e9ronique MICHEL<br \/>Origine : Belgique<\/p>\n<h2>MENTION &#8211; &#8220;Disability&#8221;<\/h2>\n<p>Remis \u00e0 L&#8217;ECHANGE DES REGARDS<br \/>Auteur: St\u00e9phane CAZES<br \/>R\u00e9alisateur: St\u00e9phane CAZES<br \/>Producteur: St\u00e9phane CAZES<br \/>Origine : France<\/p>\n<h2>MENTION &#8211; &#8220;Disability&#8221;<\/h2>\n<p>Remis \u00e0 ENDOMMAGE&#8230; PRISE 2<br \/>Auteurs: Jonathan FINKELSTEIN &amp; Paul NADLER<br \/>R\u00e9alisateur: Paul NADLER<br \/>Producteur: Jonathan FINKELSTEIN<br \/>Origine : Canada<\/p>\n<h2>PRIX SPECIAL DE LA WAMHF (WORLD ASSOCIATION FOR MEDICAL &amp; HEALTH FILMS)<\/h2>\n<p>Remis par Irma DE CEBALLOS &#8211; Director of the &#8220;Videomed Cordoba Festival&#8221; &#8211; Argentina<\/p>\n<p>Remis \u00e0 THE STOMACH &#8211; THE ELABORATE MECHANISM OF DIGESTION<br \/>Auteur: Tomoko KAWAMURA<br \/>R\u00e9alisateurs: Junichiro TAKEDA &amp; Hiroshi NISHI &amp; ICAM Co<br \/>Origine : Japon<\/p>\n<h2>PREMIER PRIX &#8211;\u00a0 &#8220;Focus Ado&#8221;<\/h2>\n<p>Remis \u00e0 DU BAISER AU BEBE, L&#8217;AVENTURE INTERIEURE<br \/>Auteur: Thierry BERROD &#8211; Quincy RUSSEL &#8211; Pierre Fran\u00e7ois GAUDRY<br \/>R\u00e9alisateur: Thierry BERROD &#8211; Quincy RUSSEL<br \/>Producteur: Mona Lisa Production &#8211; France 5 &#8211; Discovery International<br \/>Origine : France &#8211; Japon<\/p>\n<h2>MENTION &#8211; &#8220;Focus Ado&#8221;<\/h2>\n<p>Remis \u00e0 LES GRANDES HEURES DE LA MEDECINE<br \/>Auteurs: Uwe KERSKEN &#8211; Christian FEYERABEND &#8211; Daniela TWENTE<br \/>R\u00e9alisateurs: Uwe KERSKEN &#8211; Christian FEYERABEND<br \/>Producteurs: Gruppe 5 Filmproduktion K\u00f6ln en collaboration avec ARTE &#8211; NDR &#8211; SWR &#8211; GUD<br \/>Origine : Allemagne<\/p>\n<h2>TROPHEES MIF-SCIENCES<\/h2>\n<p>PREMIER PRIX &#8211; MIF-SCIENCES<br \/>Remis \u00e0 EINSTEIN , TOUTATIS ET LES AUTRES: CECI N&#8217;EST PAS EINSTEIN<br \/>Auteur: Catherine FOL<br \/>R\u00e9alisateur: Catherine FOL<br \/>Producteurs: ONF du Canada \/ Compagnie des Taxis-Brousse &#8211; Arte France<br \/>Origines : Canada &#8211; France<\/p>\n<p>DEXIEME PRIX &#8211; MIF-SCIENCES<br \/>Remis \u00e0 ALERTE CANICULE<br \/>Auteur : Jean-Fran\u00e7ois HASSOUN<br \/>R\u00e9alisateur : Jean-Fran\u00e7ois HASSOUN<br \/>Producteur : Gedeon Programmes &#8211; France 2<br \/>Origine : France<\/p>\n<p>1er MENTION &#8211; MIF-SCIENCES<br \/>Remis \u00e0 LES SECRETS DU KARAKOUM<br \/>Auteur: Marc JAMPOLSKY<br \/>R\u00e9alisateur: Marc JAMPOLSKY<br \/>Producteur: Gedeon Programmes &#8211; Arte<br \/>Origine : France<\/p>\n<p>2eme MENTION &#8211; MIF-SCIENCES<br \/>Remis \u00e0\u00a0 SECRETS D&#8217;HOMME, LA PROSTATE<br \/>Auteur: H\u00e9l\u00e8ne DE CRECY &amp; Alain DE SEDOUY<br \/>Producteur: France 3 Ouest &#8211; Films du Bouloi &#8211; Aeternam Films &#8211; Mif-Sciences<br \/>Origine : France<\/p>\n<p>3eme MENTION &#8211; MIF-SCIENCES<br \/>Remis \u00e0 C&#8217;EST PAS SORCIER : LE BAMBOU, UNE HERBE GEANTE !<br \/>Auteurs : Fr\u00e9d\u00e9ric COURANT &#8211; Jamy GOURMAUD &#8211; Sabine QUINDOU &#8211; E. PERNOUD<br \/>R\u00e9alisateur: F. DAVIN<br \/>Producteur: Alain TAIEB &#8211; Vincent LAMY &#8211; Riff International Production &#8211; France 3<br \/>Origine : France<\/p>\n<h2>PRIX CATEGORIE &#8211; M\u00e9decine<\/h2>\n<p>PREMIER PRIX &#8211; M\u00e9decine<br \/>Remis par Mr. Jean-Claude MARCOURT<\/p>\n<p>Remis \u00e0 LA MALADIE MYSTERIEUSE<br \/>Auteur: Harrikrisna ANENDEN<br \/>R\u00e9alisateur: Harrikrisna ANENDEN<br \/>Producteur: OMS<br \/>Origine : Afrique<\/p>\n<p>2\u00e8me PRIX &#8211; M\u00e9decine<br \/>Remis par Mr. Jean SEQUARIS &#8211; Chairman of the supervisory board of the CHU of Li\u00e8ge<\/p>\n<p>Remis \u00e0 MEDECINE SOUS INFLUENCE<br \/>R\u00e9alisateur: Lina B. MORECO<br \/>Producteur: Yves BISAILLON (office National du Film du Canada)<br \/>Origine : Canada<\/p>\n<p>3\u00e8me PRIX &#8211; M\u00e9decine<br \/>Remis par Pr. Gustave MOONEN &#8211; Dean of the faculty of medicine of Li\u00e8ge &#8211; Ulg<\/p>\n<p>Remis \u00e0 INTERIEUR CORPS<br \/>Auteur: Henri Louis POIRIER<br \/>R\u00e9alisateur: Henri Louis POIRIER<br \/>Producteur: Cit\u00e9 des sciences et de l&#8217;industrie \/ Py Films<br \/>Origine : France<\/p>\n<p>1ere MENTION &#8211; M\u00e9decine<br \/>Remis \u00e0 SECRETS D&#8217;HOMME, LA PROSTATE<br \/>Auteur: H\u00e9l\u00e8ne DE CRECY &amp; Alain DE SEDOUY<br \/>Producteur: France 3 Ouest &#8211; Films du Bouloi &#8211; Aeternam Films &#8211; Mif-Sciences<br \/>Origine : France<\/p>\n<p>2eme MENTION\u00a0 &#8211; M\u00e9decine<br \/>Remis \u00e0 LE JOUR D&#8217;AVANT<br \/>Auteur: Pascal CESARO<br \/>R\u00e9alisateur: Pascal CESARO<br \/>Producteur: 13 Production<br \/>Origine : France<\/p>\n<p>3eme MENTION &#8211; M\u00e9decine<br \/>Awarded to\u00a0QUATRE, DEUX, UN<br \/>Author : Pr. Michel MEURISSE<br \/>Realisation : Pierre JAMART<br \/>Producer : CHU de Li\u00e8ge<br \/>Origine : Belgique<\/p>\n<p>4eme MENTION &#8211; M\u00e9decine<br \/>Remis \u00e0 N&#8217;OUBLIE PAS QUE TU DOIS MOURIR<br \/>Auteur: Benjamin LUYPAERT<br \/>R\u00e9alisateur: Benjamin LUYPAERT<br \/>Producteur: Patrice GOLBERG<br \/>Origine : Belgique<\/p>\n<p>5\u00e8me MENTION &#8211; M\u00e9decine<br \/>Remis \u00e0 POSTERIOR INTRAVAGINAL SLING PLASTY<br \/>Auteur: Fran\u00e7ois MONNEINS<br \/>R\u00e9alisateur: Kilynx Multim\u00e9dia<br \/>Producteur: Kilynx Multim\u00e9dia<br \/>Origine : France<\/p>\n<p>PRIX SPECIAL: MEILLEURE ACTRICE<br \/>Remis \u00e0 OTO-RINO POUR LES MARMOTS<br \/>Auteurs : Beno\u00eet BATTEUR &amp; Emmanuelle STRAMANDINOLI<br \/>R\u00e9alisateur: Asle LOOF<br \/>Origine : France<\/p>\n<h2>PRIX CAT\u00c9GORIE &#8211; \u00c9ducation \u00e0 la sant\u00e9<\/h2>\n<p>PREMIER PRIX &#8211; \u00c9ducation \u00e0 la sant\u00e9<br \/>Remis par Madame\u00a0 Marie-Dominque SIMONET &#8211; Ministre de la recherche, des technologies et des relations ext\u00e9rieure &#8211; Region Wallonne<\/p>\n<p>Remis \u00e0 DANS LA FORCE DE L&#8217;\u00c2GE<br \/>Auteur: Juliette SENIK<br \/>R\u00e9alisateur: Juliette SENIK<br \/>\u00a0 Producteurs : Michel ROTMAN &amp; Marie-H\u00e9l\u00e8ne RANC<br \/>Origine : France<\/p>\n<p>2\u00e8me Prix &#8211; \u00c9ducation \u00e0 la sant\u00e9<\/p>\n<p>remitted by Mr. Georges Pire &#8211; Permanent deputy of the\u00a0Province\u00a0of Li\u00e8ge in the charge of Health &#8211; Project president of\u00a0&#8220;Li\u00e8ge Province Sant\u00e9&#8221;\u00a0of l&#8217;OMS<\/p>\n<p>Awarded to\u00a0TRILOGIE : LE MICRO A TA PORTEE<br \/>Author : Berni GOLDBLAT<br \/>Realisation : Berni GOLDBLAT<br \/>Producer : Cinomade<br \/>Origin : Burkina Faso<\/p>\n<p>THIRD PRIZE IN THE CATEGORY &#8220;HEALTH EDUCATION&#8221;<br \/>remitted by M. Bernard RENTIER &#8211; Headmaster of the Universit\u00e9 de Li\u00e8ge<\/p>\n<p>Awarded to\u00a0INFORMER PAR LE JEU A L&#8217;HOPITAL. POUR PREPARER LES ENFANTS A UN SOIN, UN EXAMEN, UNE OPERATION&#8230;<br \/>Author : Fran\u00e7oise GALLAND &amp; B\u00e9n\u00e9dicte MINGUET<br \/>Realisation : Richard HAMON<br \/>Producer : Association SPARADRAP<br \/>Origin : France &#8211; Belgium<\/p>\n<p>FIRST\u00a0MENTION\u00a0\u00a0IN THE CATEGORY &#8220;HEALTH EDUCATION&#8221;<br \/>Awarded to\u00a0TABAC, LA CONSPIRATION<br \/>Author : Nadia COLLOT<br \/>Realisation : Nadia COLLOT<br \/>Producer : Marie-H\u00e9l\u00e8ne RANC &amp; Joanne CARRIERE<br \/>Origin : France<\/p>\n<p>SECOND\u00a0MENTION IN THE CATEGORY &#8220;HEALTH EDUCATION&#8221;<br \/>Awarded to\u00a0QUAND LA SALLE DE REEDUCATION SE TRANSFORME EN CHAPITEAU&#8230;<br \/>Author : Sandrine ALBERGE BOUDART-Marie-Laure COURTIER-Laurence BOUTRY-Marie DUCLAUX<br \/>Realisation : Pierre BOUTILLER<br \/>Producer : Jo\u00ebl DOUCHET<br \/>Origin : France<\/p>\n<p>THIRD MENTION IN THE CATEGORY &#8220;HEALTH EDUCATION&#8221;<br \/>Awarded to\u00a0DUEL EN DEUX VOIX<br \/>Author : Catherine VEAUX-LOGEAT<br \/>Realisation : Catherine VEAUX-LOGEAT<br \/>Producer : Vid\u00e9o Femmes<br \/>Origin : Canada<\/p>\n<h2>AWARDED MENTIONS BY THE &#8220;MULTIMEDIA&#8221; JURY<\/h2>\n<p>THIRD MENTION IN THE CATEGORY &#8220;CD-ROMS &amp; DVD-ROMS&#8221;<br \/>Awarded to\u00a0ELEMENTAIRE, M. MENDELEIEV ! UNE APPROCHE DES ELEMENTS CHIMIQUES ET DE LEUR CLASSEMENT<br \/>Realisation : Ren\u00e9 CAHAY-R\u00e9n\u00e9 LINARD-Fran\u00e7ois REMY-Nicolas MARECHAL-Brigitte MONFORT<br \/>Producer : LEM ULG<br \/>Origin : Belgium<\/p>\n<p>SECOND MENTION\u00a0\u00a0IN THE CATEGORY &#8220;CD-ROMS &amp; DVD-ROMS&#8221;<br \/>Awarded to\u00a0TECHNIQUES POUR LABORATOIRE ISOLE : HEMATOLOGIE ET PARASITES SANGUICOLES<br \/>Origin : France<\/p>\n<p>FIRST\u00a0MENTION IN THE CATEGORY &#8220;CD-ROMS &amp; DVD-ROMS&#8221;<br \/>Awarded to\u00a0CHIMITHERAPIES ANTICANCEREUSES : DE LA MAITRISE DU RISQUE A L&#8217;OPTIMILISATION DE LA QUALITE<\/p>\n<p>FIRST\u00a0MENTION\u00a0IN THE CATEGORY\u00a0INTERNET PAGE<br \/>Awarded to\u00a0WWW.FIVFRANCE.COM<\/p>\n<p>FIRST PRIZE IN THE CATEGORY &#8220;BEST INTERNET PAGE&#8221;<br \/>remitted\u00a0by Mrs. Marie-Dominique SIMONET &#8211; Minister of reserach, of technologies and\u00a0external relations &#8211; Region of Wallonia<\/p>\n<p>Awarded to\u00a0WWW.SOLIDARIS.BE &#8211; CORPS-CITE<\/p>\n<p>FIRST PRIZE IN\u00a0THE CATEGORY &#8220;BEST\u00a0CD-ROM&#8221;<br \/>remitted\u00a0by Mrs. Marie-Dominique SIMONET &#8211; Minister of reserach, of technologies and\u00a0external relations &#8211; Region of Wallonia<\/p>\n<p>Awarded to\u00a0EMBRYOLOGIE HUMAINE, VOLUME 1 L&#8217;EMBRYOGENESE<br \/>Realisation : Philippe PLATEAUX<br \/>Producer : Service du Film de Recherche Scientifique-Universit\u00e9 Ren\u00e9 DESCARTES (Paris)<br \/>Origin : France<\/p>\n<p>[\/et_pb_text][\/et_pb_column][\/et_pb_row][\/et_pb_section]<\/p>\n","protected":false},"excerpt":{"rendered":"<p>PREMIER PRIX &#8211; Mutualit\u00e9s Remis par Mr. Edouard DENOEL Prix LA PREMIEREAuteur: Marc COTER\u00e9alisteur : Marc COTEProducteur : WyethOrigine : Canada MENTION SPECIALE &#8211; Mutualit\u00e9 Remis \u00e0 LE SOUFFLE DU DESERTR\u00e9alisation: Fran\u00e7ois KOHLERProducteur: Heinz DILL &#8211; Xavier GRIN (XL Production) &#8211; Yves BISAILLON (ONF)Origine : Suisse &#8211; Canada PREMIER PRIX &#8211;\u00a0 Enironnement Remis \u00e0 LES [&hellip;]<\/p>\n","protected":false},"author":1,"featured_media":21345,"parent":0,"menu_order":0,"comment_status":"closed","ping_status":"closed","template":"","meta":{"_acf_changed":false,"_et_pb_use_builder":"on","_et_pb_old_content":"","_et_gb_content_width":"","_lmt_disableupdate":"","_lmt_disable":"","_monsterinsights_skip_tracking":false,"_monsterinsights_sitenote_active":false,"_monsterinsights_sitenote_note":"","_monsterinsights_sitenote_category":0,"footnotes":"","_wp_rev_ctl_limit":""},"class_list":["post-17246","page","type-page","status-publish","has-post-thumbnail","hentry"],"acf":[],"yoast_head":"<!-- This site is optimized with the Yoast SEO plugin v25.0 - https:\/\/yoast.com\/wordpress\/plugins\/seo\/ -->\n<title>Imag\u00e9sant\u00e9 2006 - Festival Imag\u00e9sant\u00e9<\/title>\n<meta name=\"robots\" content=\"index, follow, max-snippet:-1, max-image-preview:large, max-video-preview:-1\" \/>\n<link rel=\"canonical\" href=\"https:\/\/www.imagesante.be\/fr\/imagesante-2006\/\" \/>\n<meta property=\"og:locale\" content=\"fr_FR\" \/>\n<meta property=\"og:type\" content=\"article\" \/>\n<meta property=\"og:title\" content=\"Imag\u00e9sant\u00e9 2006 - Festival Imag\u00e9sant\u00e9\" \/>\n<meta property=\"og:url\" content=\"https:\/\/www.imagesante.be\/fr\/imagesante-2006\/\" \/>\n<meta property=\"og:site_name\" content=\"Festival Imag\u00e9sant\u00e9\" \/>\n<meta property=\"article:modified_time\" content=\"2019-11-13T13:23:38+00:00\" \/>\n<meta property=\"og:image\" content=\"https:\/\/www.imagesante.be\/wp-content\/uploads\/2019\/10\/IMG_4970.jpg\" \/>\n\t<meta property=\"og:image:width\" content=\"2000\" \/>\n\t<meta property=\"og:image:height\" content=\"1334\" \/>\n\t<meta property=\"og:image:type\" content=\"image\/jpeg\" \/>\n<meta name=\"twitter:card\" content=\"summary_large_image\" \/>\n<script type=\"application\/ld+json\" class=\"yoast-schema-graph\">{\"@context\":\"https:\/\/schema.org\",\"@graph\":[{\"@type\":\"WebPage\",\"@id\":\"https:\/\/www.imagesante.be\/fr\/imagesante-2006\/\",\"url\":\"https:\/\/www.imagesante.be\/fr\/imagesante-2006\/\",\"name\":\"Imag\u00e9sant\u00e9 2006 - Festival Imag\u00e9sant\u00e9\",\"isPartOf\":{\"@id\":\"https:\/\/www.imagesante.be\/fr\/#website\"},\"primaryImageOfPage\":{\"@id\":\"https:\/\/www.imagesante.be\/fr\/imagesante-2006\/#primaryimage\"},\"image\":{\"@id\":\"https:\/\/www.imagesante.be\/fr\/imagesante-2006\/#primaryimage\"},\"thumbnailUrl\":\"https:\/\/www.imagesante.be\/wp-content\/uploads\/2019\/10\/IMG_4970.jpg\",\"datePublished\":\"2019-07-16T09:49:03+00:00\",\"dateModified\":\"2019-11-13T13:23:38+00:00\",\"breadcrumb\":{\"@id\":\"https:\/\/www.imagesante.be\/fr\/imagesante-2006\/#breadcrumb\"},\"inLanguage\":\"fr-FR\",\"potentialAction\":[{\"@type\":\"ReadAction\",\"target\":[\"https:\/\/www.imagesante.be\/fr\/imagesante-2006\/\"]}]},{\"@type\":\"ImageObject\",\"inLanguage\":\"fr-FR\",\"@id\":\"https:\/\/www.imagesante.be\/fr\/imagesante-2006\/#primaryimage\",\"url\":\"https:\/\/www.imagesante.be\/wp-content\/uploads\/2019\/10\/IMG_4970.jpg\",\"contentUrl\":\"https:\/\/www.imagesante.be\/wp-content\/uploads\/2019\/10\/IMG_4970.jpg\",\"width\":2000,\"height\":1334,\"caption\":\"Campus14\"},{\"@type\":\"BreadcrumbList\",\"@id\":\"https:\/\/www.imagesante.be\/fr\/imagesante-2006\/#breadcrumb\",\"itemListElement\":[{\"@type\":\"ListItem\",\"position\":1,\"name\":\"Accueil\",\"item\":\"https:\/\/www.imagesante.be\/fr\/\"},{\"@type\":\"ListItem\",\"position\":2,\"name\":\"Imag\u00e9sant\u00e9 2006\"}]},{\"@type\":\"WebSite\",\"@id\":\"https:\/\/www.imagesante.be\/fr\/#website\",\"url\":\"https:\/\/www.imagesante.be\/fr\/\",\"name\":\"Festival Imag\u00e9sant\u00e9\",\"description\":\"\",\"publisher\":{\"@id\":\"https:\/\/www.imagesante.be\/fr\/#organization\"},\"potentialAction\":[{\"@type\":\"SearchAction\",\"target\":{\"@type\":\"EntryPoint\",\"urlTemplate\":\"https:\/\/www.imagesante.be\/fr\/?s={search_term_string}\"},\"query-input\":{\"@type\":\"PropertyValueSpecification\",\"valueRequired\":true,\"valueName\":\"search_term_string\"}}],\"inLanguage\":\"fr-FR\"},{\"@type\":\"Organization\",\"@id\":\"https:\/\/www.imagesante.be\/fr\/#organization\",\"name\":\"Imag\u00e9Sant\u00e9\",\"url\":\"https:\/\/www.imagesante.be\/fr\/\",\"logo\":{\"@type\":\"ImageObject\",\"inLanguage\":\"fr-FR\",\"@id\":\"https:\/\/www.imagesante.be\/fr\/#\/schema\/logo\/image\/\",\"url\":\"https:\/\/www.imagesante.be\/wp-content\/uploads\/2019\/06\/Festival-positif-carre.jpg\",\"contentUrl\":\"https:\/\/www.imagesante.be\/wp-content\/uploads\/2019\/06\/Festival-positif-carre.jpg\",\"width\":498,\"height\":498,\"caption\":\"Imag\u00e9Sant\u00e9\"},\"image\":{\"@id\":\"https:\/\/www.imagesante.be\/fr\/#\/schema\/logo\/image\/\"}}]}<\/script>\n<!-- \/ Yoast SEO plugin. -->","yoast_head_json":{"title":"Imag\u00e9sant\u00e9 2006 - Festival Imag\u00e9sant\u00e9","robots":{"index":"index","follow":"follow","max-snippet":"max-snippet:-1","max-image-preview":"max-image-preview:large","max-video-preview":"max-video-preview:-1"},"canonical":"https:\/\/www.imagesante.be\/fr\/imagesante-2006\/","og_locale":"fr_FR","og_type":"article","og_title":"Imag\u00e9sant\u00e9 2006 - Festival Imag\u00e9sant\u00e9","og_url":"https:\/\/www.imagesante.be\/fr\/imagesante-2006\/","og_site_name":"Festival Imag\u00e9sant\u00e9","article_modified_time":"2019-11-13T13:23:38+00:00","og_image":[{"width":2000,"height":1334,"url":"https:\/\/www.imagesante.be\/wp-content\/uploads\/2019\/10\/IMG_4970.jpg","type":"image\/jpeg"}],"twitter_card":"summary_large_image","schema":{"@context":"https:\/\/schema.org","@graph":[{"@type":"WebPage","@id":"https:\/\/www.imagesante.be\/fr\/imagesante-2006\/","url":"https:\/\/www.imagesante.be\/fr\/imagesante-2006\/","name":"Imag\u00e9sant\u00e9 2006 - Festival Imag\u00e9sant\u00e9","isPartOf":{"@id":"https:\/\/www.imagesante.be\/fr\/#website"},"primaryImageOfPage":{"@id":"https:\/\/www.imagesante.be\/fr\/imagesante-2006\/#primaryimage"},"image":{"@id":"https:\/\/www.imagesante.be\/fr\/imagesante-2006\/#primaryimage"},"thumbnailUrl":"https:\/\/www.imagesante.be\/wp-content\/uploads\/2019\/10\/IMG_4970.jpg","datePublished":"2019-07-16T09:49:03+00:00","dateModified":"2019-11-13T13:23:38+00:00","breadcrumb":{"@id":"https:\/\/www.imagesante.be\/fr\/imagesante-2006\/#breadcrumb"},"inLanguage":"fr-FR","potentialAction":[{"@type":"ReadAction","target":["https:\/\/www.imagesante.be\/fr\/imagesante-2006\/"]}]},{"@type":"ImageObject","inLanguage":"fr-FR","@id":"https:\/\/www.imagesante.be\/fr\/imagesante-2006\/#primaryimage","url":"https:\/\/www.imagesante.be\/wp-content\/uploads\/2019\/10\/IMG_4970.jpg","contentUrl":"https:\/\/www.imagesante.be\/wp-content\/uploads\/2019\/10\/IMG_4970.jpg","width":2000,"height":1334,"caption":"Campus14"},{"@type":"BreadcrumbList","@id":"https:\/\/www.imagesante.be\/fr\/imagesante-2006\/#breadcrumb","itemListElement":[{"@type":"ListItem","position":1,"name":"Accueil","item":"https:\/\/www.imagesante.be\/fr\/"},{"@type":"ListItem","position":2,"name":"Imag\u00e9sant\u00e9 2006"}]},{"@type":"WebSite","@id":"https:\/\/www.imagesante.be\/fr\/#website","url":"https:\/\/www.imagesante.be\/fr\/","name":"Festival Imag\u00e9sant\u00e9","description":"","publisher":{"@id":"https:\/\/www.imagesante.be\/fr\/#organization"},"potentialAction":[{"@type":"SearchAction","target":{"@type":"EntryPoint","urlTemplate":"https:\/\/www.imagesante.be\/fr\/?s={search_term_string}"},"query-input":{"@type":"PropertyValueSpecification","valueRequired":true,"valueName":"search_term_string"}}],"inLanguage":"fr-FR"},{"@type":"Organization","@id":"https:\/\/www.imagesante.be\/fr\/#organization","name":"Imag\u00e9Sant\u00e9","url":"https:\/\/www.imagesante.be\/fr\/","logo":{"@type":"ImageObject","inLanguage":"fr-FR","@id":"https:\/\/www.imagesante.be\/fr\/#\/schema\/logo\/image\/","url":"https:\/\/www.imagesante.be\/wp-content\/uploads\/2019\/06\/Festival-positif-carre.jpg","contentUrl":"https:\/\/www.imagesante.be\/wp-content\/uploads\/2019\/06\/Festival-positif-carre.jpg","width":498,"height":498,"caption":"Imag\u00e9Sant\u00e9"},"image":{"@id":"https:\/\/www.imagesante.be\/fr\/#\/schema\/logo\/image\/"}}]}},"_links":{"self":[{"href":"https:\/\/www.imagesante.be\/fr\/wp-json\/wp\/v2\/pages\/17246","targetHints":{"allow":["GET"]}}],"collection":[{"href":"https:\/\/www.imagesante.be\/fr\/wp-json\/wp\/v2\/pages"}],"about":[{"href":"https:\/\/www.imagesante.be\/fr\/wp-json\/wp\/v2\/types\/page"}],"author":[{"embeddable":true,"href":"https:\/\/www.imagesante.be\/fr\/wp-json\/wp\/v2\/users\/1"}],"replies":[{"embeddable":true,"href":"https:\/\/www.imagesante.be\/fr\/wp-json\/wp\/v2\/comments?post=17246"}],"version-history":[{"count":0,"href":"https:\/\/www.imagesante.be\/fr\/wp-json\/wp\/v2\/pages\/17246\/revisions"}],"wp:featuredmedia":[{"embeddable":true,"href":"https:\/\/www.imagesante.be\/fr\/wp-json\/wp\/v2\/media\/21345"}],"wp:attachment":[{"href":"https:\/\/www.imagesante.be\/fr\/wp-json\/wp\/v2\/media?parent=17246"}],"curies":[{"name":"wp","href":"https:\/\/api.w.org\/{rel}","templated":true}]}}