{"id":17231,"date":"2019-07-16T10:44:22","date_gmt":"2019-07-16T09:44:22","guid":{"rendered":"https:\/\/imagesante.beontheweb.be\/?page_id=17231"},"modified":"2019-11-13T14:22:26","modified_gmt":"2019-11-13T13:22:26","slug":"imagesante-2012","status":"publish","type":"page","link":"https:\/\/www.imagesante.be\/fr\/imagesante-2012\/","title":{"rendered":"Imag\u00e9sant\u00e9 2012"},"content":{"rendered":"<p>[et_pb_section fb_built=&#8221;1&#8243; fullwidth=&#8221;on&#8221; module_class=&#8221;banniere_titre&#8221; _builder_version=&#8221;3.29.3&#8243; _dynamic_attributes=&#8221;background_image&#8221; background_image=&#8221;@ET-DC@eyJkeW5hbWljIjp0cnVlLCJjb250ZW50IjoiY3VzdG9tX21ldGFfYmFubmllcmUiLCJzZXR0aW5ncyI6eyJiZWZvcmUiOiIiLCJhZnRlciI6IiIsImVuYWJsZV9odG1sIjoib2ZmIn19@&#8221; height=&#8221;350px&#8221; custom_padding=&#8221;||0px||false|false&#8221; global_module=&#8221;4454&#8243; saved_tabs=&#8221;all&#8221; locked=&#8221;on&#8221; fb_built=&#8221;1&#8243; _i=&#8221;0&#8243; _address=&#8221;0&#8243;][et_pb_fullwidth_header text_orientation=&#8221;center&#8221; button_one_text=&#8221;@ET-DC@eyJkeW5hbWljIjp0cnVlLCJjb250ZW50IjoiY3VzdG9tX21ldGFfcGFnZV9wYXJlbnRlIiwic2V0dGluZ3MiOnsiYmVmb3JlIjoiIiwiYWZ0ZXIiOiIiLCJlbmFibGVfaHRtbCI6Im9mZiJ9fQ==@&#8221; button_one_url=&#8221;@ET-DC@eyJkeW5hbWljIjp0cnVlLCJjb250ZW50IjoiY3VzdG9tX21ldGFfdXJsX3BhZ2VfcGFyZW50ZSIsInNldHRpbmdzIjp7ImJlZm9yZSI6IiIsImFmdGVyIjoiIiwiZW5hYmxlX2h0bWwiOiJvZmYifX0=@&#8221; disabled_on=&#8221;off|off|off&#8221; admin_label=&#8221;Titre + Image&#8221; _builder_version=&#8221;3.29.3&#8243; _dynamic_attributes=&#8221;button_one_text,button_one_url&#8221; title_font=&#8221;BebasNeueRegular||||||||&#8221; title_text_align=&#8221;center&#8221; title_font_size=&#8221;70px&#8221; title_letter_spacing=&#8221;2px&#8221; content_font=&#8221;||||||||&#8221; content_text_align=&#8221;center&#8221; subhead_font=&#8221;||||||||&#8221; subhead_text_align=&#8221;center&#8221; subhead_text_color=&#8221;#ffffff&#8221; background_color=&#8221;rgba(176,148,88,0.42)&#8221; custom_button_one=&#8221;on&#8221; button_one_text_size=&#8221;15px&#8221; button_one_text_color=&#8221;#ffffff&#8221; button_one_bg_color=&#8221;#b09458&#8243; button_one_border_width=&#8221;0px&#8221; button_one_font=&#8221;||||||||&#8221; button_one_icon=&#8221;%%41%%&#8221; button_one_icon_color=&#8221;#ffffff&#8221; button_one_custom_margin=&#8221;160px||||false|false&#8221; button_one_custom_padding=&#8221;|50px||50px|false|false&#8221; height=&#8221;295px&#8221; title_font_size_last_edited=&#8221;on|desktop&#8221; locked=&#8221;off&#8221; button_one_bg_color__hover_enabled=&#8221;on&#8221; button_one_bg_color__hover=&#8221;#ffffff&#8221; button_one_bg_enable_color__hover=&#8221;on&#8221; button_one_text_color__hover_enabled=&#8221;on&#8221; button_one_text_color__hover=&#8221;#b09458&#8243; button_one_icon_color__hover_enabled=&#8221;on&#8221; button_one_icon_color__hover=&#8221;#b09458&#8243; _i=&#8221;0&#8243; _address=&#8221;0.0&#8243;][\/et_pb_fullwidth_header][et_pb_fullwidth_post_title meta=&#8221;off&#8221; featured_image=&#8221;off&#8221; admin_label=&#8221;Titre du poste en pleine largeur&#8221; _builder_version=&#8221;3.29.3&#8243; title_font=&#8221;Bebas|||on|||||&#8221; title_text_align=&#8221;center&#8221; title_text_color=&#8221;#ffffff&#8221; title_font_size=&#8221;35px&#8221; title_letter_spacing=&#8221;5px&#8221; background_color=&#8221;#b09458&#8243; height=&#8221;55px&#8221; max_height=&#8221;55px&#8221; custom_margin=&#8221;0px||95px||false|false&#8221; custom_padding=&#8221;10px||0px||false|false&#8221; title_font_size_phone=&#8221;31px&#8221; title_font_size_last_edited=&#8221;on|desktop&#8221; locked=&#8221;off&#8221; _i=&#8221;1&#8243; _address=&#8221;0.1&#8243; column_structure=&#8221;4_4&#8243;][\/et_pb_fullwidth_post_title][\/et_pb_section][et_pb_section fb_built=&#8221;1&#8243; admin_label=&#8221;Section&#8221; _builder_version=&#8221;3.22.3&#8243; fb_built=&#8221;1&#8243; _i=&#8221;1&#8243; _address=&#8221;1&#8243;][et_pb_row admin_label=&#8221;row&#8221; _builder_version=&#8221;3.25&#8243; background_size=&#8221;initial&#8221; background_position=&#8221;top_left&#8221; background_repeat=&#8221;repeat&#8221; _i=&#8221;0&#8243; _address=&#8221;1.0&#8243;][et_pb_column type=&#8221;4_4&#8243; _builder_version=&#8221;3.25&#8243; custom_padding=&#8221;|||&#8221; custom_padding__hover=&#8221;|||&#8221; _i=&#8221;0&#8243; _address=&#8221;1.0.0&#8243;][et_pb_text admin_label=&#8221;Texte&#8221; _builder_version=&#8221;3.29.3&#8243; background_size=&#8221;initial&#8221; background_position=&#8221;top_left&#8221; background_repeat=&#8221;repeat&#8221; use_border_color=&#8221;off&#8221; border_color=&#8221;#ffffff&#8221; border_style=&#8221;solid&#8221; _i=&#8221;0&#8243; _address=&#8221;1.0.0.0&#8243;]<\/p>\n<h2>Cat\u00e9gorie &#8220;G\u00e9nie M\u00e9canique &amp; Sant\u00e9&#8221;<\/h2>\n<ul>\n<li>1er prix &#8211; prix Mecatech attribu\u00e9 au film\u00a0&#8220;Des id\u00e9es plein la Tech&#8221;<\/li>\n<li>Mention sp\u00e9ciale pour\u00a0&#8220;L&#8217;oeil de Monsieur Dieu&#8221;<\/li>\n<\/ul>\n<h2>Cat\u00e9gorie &#8220;Recherche &amp; Sant\u00e9&#8221; :<\/h2>\n<ul>\n<li>1er prix attribu\u00e9 au film\u00a0&#8220;Consultation in utero&#8221;<\/li>\n<li>Mention sp\u00e9ciale pour\u00a0&#8220;Les \u00e9pilepsies&#8221;<\/li>\n<li>Mention sp\u00e9ciale pour\u00a0&#8220;Donated to science&#8221;<\/li>\n<\/ul>\n<h2>Cat\u00e9gorie &#8220;Environnement &amp; Sant\u00e9&#8221;:<\/h2>\n<ul>\n<li>1er prix &#8211; prix Sofico\/RTBF attribu\u00e9 au film\u00a0&#8220;Taste the Waste&#8221;<\/li>\n<li>Mention sp\u00e9ciale pour\u00a0&#8220;Au pays du nucl\u00e9aire&#8221;<\/li>\n<li>Mention sp\u00e9ciale pour\u00a0&#8220;Pesticide mon amour&#8221;<\/li>\n<li>Mention sp\u00e9ciale pour\u00a0&#8220;Terrain de jeu toxique&#8221;<\/li>\n<\/ul>\n<h2>Cat\u00e9gorie &#8220;Sant\u00e9 Mentale&#8221;<\/h2>\n<ul>\n<li>1er prix attribu\u00e9 au film\u00a0&#8220;Les voix de ma soeur&#8221;<\/li>\n<li>2\u00e8me prix attribu\u00e9 au film\u00a0&#8220;Flying Anne&#8221;<\/li>\n<li>Mention sp\u00e9ciale pour\u00a0&#8220;Paquita y todo to demas&#8221;<\/li>\n<li>Mention sp\u00e9ciale pour\u00a0&#8220;La terre de la folie&#8221;<\/li>\n<\/ul>\n<h2>Cat\u00e9gorie &#8220;Travail &amp; Sant\u00e9&#8221;<\/h2>\n<ul>\n<li>1er prix attribu\u00e9 au film\u00a0&#8220;Victime de la mode: le vrai prix du jean d\u00e9lav\u00e9&#8221;<\/li>\n<li>Mention sp\u00e9ciale pour\u00a0&#8220;Mon travail, ma peine&#8221;<\/li>\n<li>Mention sp\u00e9ciale pour\u00a0&#8220;J&#8217;en crois pas mes deux yeux&#8221;<\/li>\n<\/ul>\n<h2>Cat\u00e9gorie &#8220;Emissions TV &amp; Sant\u00e9&#8221;<\/h2>\n<ul>\n<li>1er prix attribu\u00e9 au reportage\u00a0&#8220;Etat de sant\u00e9 : Maladies cardio-vasculaires, ennemi public n\u00b0 1&#8221;<\/li>\n<li>Mention sp\u00e9cial pour &#8220;Temps Pr\u00e9sent: Dignitas, la mort sur ordonnance&#8221;<\/li>\n<li>Mention sp\u00e9ciale pour &#8220;Les c\u00e9r\u00e9brr-l\u00e9s\u00e9s&#8221;<\/li>\n<li>Mention sp\u00e9ciale pour\u00a0&#8220;Enqu\u00eates Extraordinaires: Les gu\u00e9risseurs&#8221;<\/li>\n<\/ul>\n<h2>Cat\u00e9gorie &#8220;Alimentation &amp; Sant\u00e9&#8221;<\/h2>\n<ul>\n<li>1er attribu\u00e9 au film\u00a0&#8220;Corps \u00e9tranger&#8221;<\/li>\n<li>Mention sp\u00e9ciale pour\u00a0\u00a0&#8220;Je pr\u00e9f\u00e8re manger \u00e0 la cantine&#8221;<\/li>\n<li>Mention sp\u00e9ciale pour\u00a0&#8220;LoveMEATender&#8221;<\/li>\n<\/ul>\n<h2>Cat\u00e9gorie &#8220;M\u00e9decine Humanitaire&#8221;<\/h2>\n<ul>\n<li>1er attribu\u00e9 au film\u00a0&#8220;Secret de femmes, paroles d&#8217;hommes&#8221;<\/li>\n<li>Mention sp\u00e9ciale pour\u00a0&#8220;Le ventre des femmes&#8221;<\/li>\n<\/ul>\n<h2>Cat\u00e9gorie &#8220;Promotion &amp; Pr\u00e9vention Sant\u00e9&#8221;<\/h2>\n<ul>\n<li>1er prix des Mutualit\u00e9s attribu\u00e9 au film\u00a0&#8220;La Naissance, une r\u00e9volution!&#8221;<\/li>\n<li>1er prix attribu\u00e9 au film\u00a0&#8220;Le sens de l&#8217;\u00e2ge&#8221;<\/li>\n<li>2\u00e8me prix attribu\u00e9 au film\u00a0&#8220;Maladies \u00e0 vendre&#8221;<\/li>\n<li>Mention sp\u00e9ciale pour\u00a0&#8220;Den Ko, parlons d&#8217;enfants&#8221;<\/li>\n<li>Mention sp\u00e9ciale pour\u00a0&#8220;Sexe, amour et handicap&#8221;<\/li>\n<li>Mention sp\u00e9ciale des mutualit\u00e9s\u00a0&#8220;G\u00e9n\u00e9ration Gamers&#8221;<\/li>\n<\/ul>\n<p>[\/et_pb_text][\/et_pb_column][\/et_pb_row][\/et_pb_section]<\/p>\n","protected":false},"excerpt":{"rendered":"<p>Cat\u00e9gorie &#8220;G\u00e9nie M\u00e9canique &amp; Sant\u00e9&#8221; 1er prix &#8211; prix Mecatech attribu\u00e9 au film\u00a0&#8220;Des id\u00e9es plein la Tech&#8221; Mention sp\u00e9ciale pour\u00a0&#8220;L&#8217;oeil de Monsieur Dieu&#8221; Cat\u00e9gorie &#8220;Recherche &amp; Sant\u00e9&#8221; : 1er prix attribu\u00e9 au film\u00a0&#8220;Consultation in utero&#8221; Mention sp\u00e9ciale pour\u00a0&#8220;Les \u00e9pilepsies&#8221; Mention sp\u00e9ciale pour\u00a0&#8220;Donated to science&#8221; Cat\u00e9gorie &#8220;Environnement &amp; Sant\u00e9&#8221;: 1er prix &#8211; prix Sofico\/RTBF attribu\u00e9 au [&hellip;]<\/p>\n","protected":false},"author":1,"featured_media":0,"parent":0,"menu_order":0,"comment_status":"closed","ping_status":"closed","template":"","meta":{"_acf_changed":false,"_et_pb_use_builder":"on","_et_pb_old_content":"","_et_gb_content_width":"","_lmt_disableupdate":"","_lmt_disable":"","_monsterinsights_skip_tracking":false,"_monsterinsights_sitenote_active":false,"_monsterinsights_sitenote_note":"","_monsterinsights_sitenote_category":0,"footnotes":"","_wp_rev_ctl_limit":""},"class_list":["post-17231","page","type-page","status-publish","hentry"],"acf":[],"yoast_head":"<!-- This site is optimized with the Yoast SEO plugin v25.0 - https:\/\/yoast.com\/wordpress\/plugins\/seo\/ -->\n<title>Imag\u00e9sant\u00e9 2012 - Festival Imag\u00e9sant\u00e9<\/title>\n<meta name=\"robots\" content=\"index, follow, max-snippet:-1, max-image-preview:large, max-video-preview:-1\" \/>\n<link rel=\"canonical\" href=\"https:\/\/www.imagesante.be\/fr\/imagesante-2012\/\" \/>\n<meta property=\"og:locale\" content=\"fr_FR\" \/>\n<meta property=\"og:type\" content=\"article\" \/>\n<meta property=\"og:title\" content=\"Imag\u00e9sant\u00e9 2012 - Festival Imag\u00e9sant\u00e9\" \/>\n<meta property=\"og:url\" content=\"https:\/\/www.imagesante.be\/fr\/imagesante-2012\/\" \/>\n<meta property=\"og:site_name\" content=\"Festival Imag\u00e9sant\u00e9\" \/>\n<meta property=\"article:modified_time\" content=\"2019-11-13T13:22:26+00:00\" \/>\n<meta name=\"twitter:card\" content=\"summary_large_image\" \/>\n<script type=\"application\/ld+json\" class=\"yoast-schema-graph\">{\"@context\":\"https:\/\/schema.org\",\"@graph\":[{\"@type\":\"WebPage\",\"@id\":\"https:\/\/www.imagesante.be\/fr\/imagesante-2012\/\",\"url\":\"https:\/\/www.imagesante.be\/fr\/imagesante-2012\/\",\"name\":\"Imag\u00e9sant\u00e9 2012 - Festival Imag\u00e9sant\u00e9\",\"isPartOf\":{\"@id\":\"https:\/\/www.imagesante.be\/fr\/#website\"},\"datePublished\":\"2019-07-16T09:44:22+00:00\",\"dateModified\":\"2019-11-13T13:22:26+00:00\",\"breadcrumb\":{\"@id\":\"https:\/\/www.imagesante.be\/fr\/imagesante-2012\/#breadcrumb\"},\"inLanguage\":\"fr-FR\",\"potentialAction\":[{\"@type\":\"ReadAction\",\"target\":[\"https:\/\/www.imagesante.be\/fr\/imagesante-2012\/\"]}]},{\"@type\":\"BreadcrumbList\",\"@id\":\"https:\/\/www.imagesante.be\/fr\/imagesante-2012\/#breadcrumb\",\"itemListElement\":[{\"@type\":\"ListItem\",\"position\":1,\"name\":\"Accueil\",\"item\":\"https:\/\/www.imagesante.be\/fr\/\"},{\"@type\":\"ListItem\",\"position\":2,\"name\":\"Imag\u00e9sant\u00e9 2012\"}]},{\"@type\":\"WebSite\",\"@id\":\"https:\/\/www.imagesante.be\/fr\/#website\",\"url\":\"https:\/\/www.imagesante.be\/fr\/\",\"name\":\"Festival Imag\u00e9sant\u00e9\",\"description\":\"\",\"publisher\":{\"@id\":\"https:\/\/www.imagesante.be\/fr\/#organization\"},\"potentialAction\":[{\"@type\":\"SearchAction\",\"target\":{\"@type\":\"EntryPoint\",\"urlTemplate\":\"https:\/\/www.imagesante.be\/fr\/?s={search_term_string}\"},\"query-input\":{\"@type\":\"PropertyValueSpecification\",\"valueRequired\":true,\"valueName\":\"search_term_string\"}}],\"inLanguage\":\"fr-FR\"},{\"@type\":\"Organization\",\"@id\":\"https:\/\/www.imagesante.be\/fr\/#organization\",\"name\":\"Imag\u00e9Sant\u00e9\",\"url\":\"https:\/\/www.imagesante.be\/fr\/\",\"logo\":{\"@type\":\"ImageObject\",\"inLanguage\":\"fr-FR\",\"@id\":\"https:\/\/www.imagesante.be\/fr\/#\/schema\/logo\/image\/\",\"url\":\"https:\/\/www.imagesante.be\/wp-content\/uploads\/2019\/06\/Festival-positif-carre.jpg\",\"contentUrl\":\"https:\/\/www.imagesante.be\/wp-content\/uploads\/2019\/06\/Festival-positif-carre.jpg\",\"width\":498,\"height\":498,\"caption\":\"Imag\u00e9Sant\u00e9\"},\"image\":{\"@id\":\"https:\/\/www.imagesante.be\/fr\/#\/schema\/logo\/image\/\"}}]}<\/script>\n<!-- \/ Yoast SEO plugin. -->","yoast_head_json":{"title":"Imag\u00e9sant\u00e9 2012 - Festival Imag\u00e9sant\u00e9","robots":{"index":"index","follow":"follow","max-snippet":"max-snippet:-1","max-image-preview":"max-image-preview:large","max-video-preview":"max-video-preview:-1"},"canonical":"https:\/\/www.imagesante.be\/fr\/imagesante-2012\/","og_locale":"fr_FR","og_type":"article","og_title":"Imag\u00e9sant\u00e9 2012 - Festival Imag\u00e9sant\u00e9","og_url":"https:\/\/www.imagesante.be\/fr\/imagesante-2012\/","og_site_name":"Festival Imag\u00e9sant\u00e9","article_modified_time":"2019-11-13T13:22:26+00:00","twitter_card":"summary_large_image","schema":{"@context":"https:\/\/schema.org","@graph":[{"@type":"WebPage","@id":"https:\/\/www.imagesante.be\/fr\/imagesante-2012\/","url":"https:\/\/www.imagesante.be\/fr\/imagesante-2012\/","name":"Imag\u00e9sant\u00e9 2012 - Festival Imag\u00e9sant\u00e9","isPartOf":{"@id":"https:\/\/www.imagesante.be\/fr\/#website"},"datePublished":"2019-07-16T09:44:22+00:00","dateModified":"2019-11-13T13:22:26+00:00","breadcrumb":{"@id":"https:\/\/www.imagesante.be\/fr\/imagesante-2012\/#breadcrumb"},"inLanguage":"fr-FR","potentialAction":[{"@type":"ReadAction","target":["https:\/\/www.imagesante.be\/fr\/imagesante-2012\/"]}]},{"@type":"BreadcrumbList","@id":"https:\/\/www.imagesante.be\/fr\/imagesante-2012\/#breadcrumb","itemListElement":[{"@type":"ListItem","position":1,"name":"Accueil","item":"https:\/\/www.imagesante.be\/fr\/"},{"@type":"ListItem","position":2,"name":"Imag\u00e9sant\u00e9 2012"}]},{"@type":"WebSite","@id":"https:\/\/www.imagesante.be\/fr\/#website","url":"https:\/\/www.imagesante.be\/fr\/","name":"Festival Imag\u00e9sant\u00e9","description":"","publisher":{"@id":"https:\/\/www.imagesante.be\/fr\/#organization"},"potentialAction":[{"@type":"SearchAction","target":{"@type":"EntryPoint","urlTemplate":"https:\/\/www.imagesante.be\/fr\/?s={search_term_string}"},"query-input":{"@type":"PropertyValueSpecification","valueRequired":true,"valueName":"search_term_string"}}],"inLanguage":"fr-FR"},{"@type":"Organization","@id":"https:\/\/www.imagesante.be\/fr\/#organization","name":"Imag\u00e9Sant\u00e9","url":"https:\/\/www.imagesante.be\/fr\/","logo":{"@type":"ImageObject","inLanguage":"fr-FR","@id":"https:\/\/www.imagesante.be\/fr\/#\/schema\/logo\/image\/","url":"https:\/\/www.imagesante.be\/wp-content\/uploads\/2019\/06\/Festival-positif-carre.jpg","contentUrl":"https:\/\/www.imagesante.be\/wp-content\/uploads\/2019\/06\/Festival-positif-carre.jpg","width":498,"height":498,"caption":"Imag\u00e9Sant\u00e9"},"image":{"@id":"https:\/\/www.imagesante.be\/fr\/#\/schema\/logo\/image\/"}}]}},"_links":{"self":[{"href":"https:\/\/www.imagesante.be\/fr\/wp-json\/wp\/v2\/pages\/17231","targetHints":{"allow":["GET"]}}],"collection":[{"href":"https:\/\/www.imagesante.be\/fr\/wp-json\/wp\/v2\/pages"}],"about":[{"href":"https:\/\/www.imagesante.be\/fr\/wp-json\/wp\/v2\/types\/page"}],"author":[{"embeddable":true,"href":"https:\/\/www.imagesante.be\/fr\/wp-json\/wp\/v2\/users\/1"}],"replies":[{"embeddable":true,"href":"https:\/\/www.imagesante.be\/fr\/wp-json\/wp\/v2\/comments?post=17231"}],"version-history":[{"count":0,"href":"https:\/\/www.imagesante.be\/fr\/wp-json\/wp\/v2\/pages\/17231\/revisions"}],"wp:attachment":[{"href":"https:\/\/www.imagesante.be\/fr\/wp-json\/wp\/v2\/media?parent=17231"}],"curies":[{"name":"wp","href":"https:\/\/api.w.org\/{rel}","templated":true}]}}