{"id":17226,"date":"2019-07-16T10:43:23","date_gmt":"2019-07-16T09:43:23","guid":{"rendered":"https:\/\/imagesante.beontheweb.be\/?page_id=17226"},"modified":"2019-11-13T14:22:00","modified_gmt":"2019-11-13T13:22:00","slug":"imagesante-2014","status":"publish","type":"page","link":"https:\/\/www.imagesante.be\/fr\/imagesante-2014\/","title":{"rendered":"Imag\u00e9sant\u00e9 2014"},"content":{"rendered":"<p>[et_pb_section fb_built=&#8221;1&#8243; fullwidth=&#8221;on&#8221; module_class=&#8221;banniere_titre&#8221; _builder_version=&#8221;3.29.3&#8243; _dynamic_attributes=&#8221;background_image&#8221; background_image=&#8221;@ET-DC@eyJkeW5hbWljIjp0cnVlLCJjb250ZW50IjoiY3VzdG9tX21ldGFfYmFubmllcmUiLCJzZXR0aW5ncyI6eyJiZWZvcmUiOiIiLCJhZnRlciI6IiIsImVuYWJsZV9odG1sIjoib2ZmIn19@&#8221; height=&#8221;350px&#8221; custom_padding=&#8221;||0px||false|false&#8221; global_module=&#8221;4454&#8243; saved_tabs=&#8221;all&#8221; locked=&#8221;on&#8221; fb_built=&#8221;1&#8243; _i=&#8221;0&#8243; _address=&#8221;0&#8243;][et_pb_fullwidth_header text_orientation=&#8221;center&#8221; button_one_text=&#8221;@ET-DC@eyJkeW5hbWljIjp0cnVlLCJjb250ZW50IjoiY3VzdG9tX21ldGFfcGFnZV9wYXJlbnRlIiwic2V0dGluZ3MiOnsiYmVmb3JlIjoiIiwiYWZ0ZXIiOiIiLCJlbmFibGVfaHRtbCI6Im9mZiJ9fQ==@&#8221; button_one_url=&#8221;@ET-DC@eyJkeW5hbWljIjp0cnVlLCJjb250ZW50IjoiY3VzdG9tX21ldGFfdXJsX3BhZ2VfcGFyZW50ZSIsInNldHRpbmdzIjp7ImJlZm9yZSI6IiIsImFmdGVyIjoiIiwiZW5hYmxlX2h0bWwiOiJvZmYifX0=@&#8221; disabled_on=&#8221;off|off|off&#8221; admin_label=&#8221;Titre + Image&#8221; _builder_version=&#8221;3.29.3&#8243; _dynamic_attributes=&#8221;button_one_text,button_one_url&#8221; title_font=&#8221;BebasNeueRegular||||||||&#8221; title_text_align=&#8221;center&#8221; title_font_size=&#8221;70px&#8221; title_letter_spacing=&#8221;2px&#8221; content_font=&#8221;||||||||&#8221; content_text_align=&#8221;center&#8221; subhead_font=&#8221;||||||||&#8221; subhead_text_align=&#8221;center&#8221; subhead_text_color=&#8221;#ffffff&#8221; background_color=&#8221;rgba(176,148,88,0.42)&#8221; custom_button_one=&#8221;on&#8221; button_one_text_size=&#8221;15px&#8221; button_one_text_color=&#8221;#ffffff&#8221; button_one_bg_color=&#8221;#b09458&#8243; button_one_border_width=&#8221;0px&#8221; button_one_font=&#8221;||||||||&#8221; button_one_icon=&#8221;%%41%%&#8221; button_one_icon_color=&#8221;#ffffff&#8221; button_one_custom_margin=&#8221;160px||||false|false&#8221; button_one_custom_padding=&#8221;|50px||50px|false|false&#8221; height=&#8221;295px&#8221; title_font_size_last_edited=&#8221;on|desktop&#8221; locked=&#8221;off&#8221; button_one_bg_color__hover_enabled=&#8221;on&#8221; button_one_bg_color__hover=&#8221;#ffffff&#8221; button_one_bg_enable_color__hover=&#8221;on&#8221; button_one_text_color__hover_enabled=&#8221;on&#8221; button_one_text_color__hover=&#8221;#b09458&#8243; button_one_icon_color__hover_enabled=&#8221;on&#8221; button_one_icon_color__hover=&#8221;#b09458&#8243; _i=&#8221;0&#8243; _address=&#8221;0.0&#8243;][\/et_pb_fullwidth_header][et_pb_fullwidth_post_title meta=&#8221;off&#8221; featured_image=&#8221;off&#8221; admin_label=&#8221;Titre du poste en pleine largeur&#8221; _builder_version=&#8221;3.29.3&#8243; title_font=&#8221;Bebas|||on|||||&#8221; title_text_align=&#8221;center&#8221; title_text_color=&#8221;#ffffff&#8221; title_font_size=&#8221;35px&#8221; title_letter_spacing=&#8221;5px&#8221; background_color=&#8221;#b09458&#8243; height=&#8221;55px&#8221; max_height=&#8221;55px&#8221; custom_margin=&#8221;0px||95px||false|false&#8221; custom_padding=&#8221;10px||0px||false|false&#8221; title_font_size_phone=&#8221;31px&#8221; title_font_size_last_edited=&#8221;on|desktop&#8221; locked=&#8221;off&#8221; _i=&#8221;1&#8243; _address=&#8221;0.1&#8243; column_structure=&#8221;4_4&#8243;][\/et_pb_fullwidth_post_title][\/et_pb_section][et_pb_section fb_built=&#8221;1&#8243; admin_label=&#8221;Section&#8221; _builder_version=&#8221;3.22.3&#8243; fb_built=&#8221;1&#8243; _i=&#8221;1&#8243; _address=&#8221;1&#8243;][et_pb_row admin_label=&#8221;row&#8221; _builder_version=&#8221;3.25&#8243; background_size=&#8221;initial&#8221; background_position=&#8221;top_left&#8221; background_repeat=&#8221;repeat&#8221; _i=&#8221;0&#8243; _address=&#8221;1.0&#8243;][et_pb_column type=&#8221;4_4&#8243; _builder_version=&#8221;3.25&#8243; custom_padding=&#8221;|||&#8221; custom_padding__hover=&#8221;|||&#8221; _i=&#8221;0&#8243; _address=&#8221;1.0.0&#8243;][et_pb_text admin_label=&#8221;Texte&#8221; _builder_version=&#8221;3.29.3&#8243; background_size=&#8221;initial&#8221; background_position=&#8221;top_left&#8221; background_repeat=&#8221;repeat&#8221; use_border_color=&#8221;off&#8221; border_color=&#8221;#ffffff&#8221; border_style=&#8221;solid&#8221; _i=&#8221;0&#8243; _address=&#8221;1.0.0.0&#8243;]<\/p>\n<h2>Prix du Grand Jury<\/h2>\n<p>Prix attribu\u00e9 au film\u00a0Forget me not<\/p>\n<h2>Prix du Public<\/h2>\n<p>Prix attribu\u00e9 au film\u00a0Le Cerveau d&#8217;Hugo<\/p>\n<h2>Prix des Mutualit\u00e9s<\/h2>\n<p>1er prix attribu\u00e9 au film\u00a0Le ventre, notre deuxi\u00e8me cerveau<\/p>\n<p>Mention sp\u00e9ciale pour le film\u00a0Un monde sans humains?<\/p>\n<h2>S\u00e9lection Sant\u00e9 Mentale<\/h2>\n<p>1er prix attribu\u00e9 au film\u00a0Chez Lise<\/p>\n<p>2\u00e8me prix attribu\u00e9 au film\u00a0Le fils de la Famille<\/p>\n<p>Mention sp\u00e9ciale pour le film\u00a0Les derniers hommes<\/p>\n<p>Mention sp\u00e9ciale pour le film\u00a0Handicap toi-m\u00eame!<\/p>\n<h2>S\u00e9lection M\u00e9decine<\/h2>\n<p>1er prix attribu\u00e9 au film\u00a0Je marcherai jusqu&#8217;\u00e0 la mer<\/p>\n<p>2\u00e8me prix attribu\u00e9 au film\u00a0Somnolence : le cerveau n&#8217;en fais qu&#8217;a sa t\u00eate<\/p>\n<p>Mention sp\u00e9ciale pour le film\u00a0Bientraitance : le malade est une personne<\/p>\n<p>Mention sp\u00e9ciale pour le film\u00a0The Perfect Child<\/p>\n<h2>S\u00e9lection Environnement &amp; Sant\u00e9<\/h2>\n<p>1er prix attribu\u00e9 au film\u00a0Diesel: le scandale fran\u00e7ais<\/p>\n<p>Mention sp\u00e9ciale pour le film\u00a0V\u00e9lotopia<\/p>\n<p>Mention sp\u00e9ciale pour le film\u00a0La mort est dans le pr\u00e9<\/p>\n<p>Mention sp\u00e9ciale pour le film\u00a0Welcome to Fukushima<\/p>\n<h2>S\u00e9lection Bien-\u00eatre de la personne \u00e2g\u00e9e<\/h2>\n<p>1er prix attribu\u00e9 au film\u00a0Forget me not<\/p>\n<p>Mention sp\u00e9ciale pour le film\u00a0Le vieil \u00e2ge et le rire<\/p>\n<h2>S\u00e9lection Sexualit\u00e9 &amp; Sant\u00e9<\/h2>\n<p>1er prix attribu\u00e9 au film\u00a0Vos d\u00e9sirs<\/p>\n<p>Mention sp\u00e9ciale pour le film\u00a0Tronche de vie<\/p>\n<h2>S\u00e9lection Alimentation &amp; Sant\u00e9<\/h2>\n<p>1er prix attribu\u00e9 au film\u00a0Way beyond weight<\/p>\n<p>Mention sp\u00e9ciale pour le film\u00a0Jus d&#8217;orange: une r\u00e9alit\u00e9 acide<\/p>\n<h2>S\u00e9lection Recherche &amp; Sant\u00e9<\/h2>\n<p>1er prix attribu\u00e9 au film\u00a0Pas \u00e0 pas<\/p>\n<p>Mention sp\u00e9ciale pour le film\u00a0Simulation d&#8217;accident moto \u00e0 Francorchamps<\/p>\n<h2>S\u00e9lection Sport &amp; Sant\u00e9<\/h2>\n<p>1er prix attribu\u00e9 au film\u00a0Dragon ladies, nous irons \u00e0 Venise<\/p>\n<p>Mention sp\u00e9ciale pour le film\u00a0Le r\u00eave de Z\u00e9bulon<\/p>\n<p>[\/et_pb_text][\/et_pb_column][\/et_pb_row][\/et_pb_section]<\/p>\n","protected":false},"excerpt":{"rendered":"<p>Prix du Grand Jury Prix attribu\u00e9 au film\u00a0Forget me not Prix du Public Prix attribu\u00e9 au film\u00a0Le Cerveau d&#8217;Hugo Prix des Mutualit\u00e9s 1er prix attribu\u00e9 au film\u00a0Le ventre, notre deuxi\u00e8me cerveau Mention sp\u00e9ciale pour le film\u00a0Un monde sans humains? S\u00e9lection Sant\u00e9 Mentale 1er prix attribu\u00e9 au film\u00a0Chez Lise 2\u00e8me prix attribu\u00e9 au film\u00a0Le fils de [&hellip;]<\/p>\n","protected":false},"author":1,"featured_media":0,"parent":0,"menu_order":0,"comment_status":"closed","ping_status":"closed","template":"","meta":{"_acf_changed":false,"_et_pb_use_builder":"on","_et_pb_old_content":"","_et_gb_content_width":"","_lmt_disableupdate":"","_lmt_disable":"","_monsterinsights_skip_tracking":false,"_monsterinsights_sitenote_active":false,"_monsterinsights_sitenote_note":"","_monsterinsights_sitenote_category":0,"footnotes":"","_wp_rev_ctl_limit":""},"class_list":["post-17226","page","type-page","status-publish","hentry"],"acf":[],"yoast_head":"<!-- This site is optimized with the Yoast SEO plugin v25.0 - https:\/\/yoast.com\/wordpress\/plugins\/seo\/ -->\n<title>Imag\u00e9sant\u00e9 2014 - Festival Imag\u00e9sant\u00e9<\/title>\n<meta name=\"robots\" content=\"index, follow, max-snippet:-1, max-image-preview:large, max-video-preview:-1\" \/>\n<link rel=\"canonical\" href=\"https:\/\/www.imagesante.be\/fr\/imagesante-2014\/\" \/>\n<meta property=\"og:locale\" content=\"fr_FR\" \/>\n<meta property=\"og:type\" content=\"article\" \/>\n<meta property=\"og:title\" content=\"Imag\u00e9sant\u00e9 2014 - Festival Imag\u00e9sant\u00e9\" \/>\n<meta property=\"og:url\" content=\"https:\/\/www.imagesante.be\/fr\/imagesante-2014\/\" \/>\n<meta property=\"og:site_name\" content=\"Festival Imag\u00e9sant\u00e9\" \/>\n<meta property=\"article:modified_time\" content=\"2019-11-13T13:22:00+00:00\" \/>\n<meta name=\"twitter:card\" content=\"summary_large_image\" \/>\n<script type=\"application\/ld+json\" class=\"yoast-schema-graph\">{\"@context\":\"https:\/\/schema.org\",\"@graph\":[{\"@type\":\"WebPage\",\"@id\":\"https:\/\/www.imagesante.be\/fr\/imagesante-2014\/\",\"url\":\"https:\/\/www.imagesante.be\/fr\/imagesante-2014\/\",\"name\":\"Imag\u00e9sant\u00e9 2014 - Festival Imag\u00e9sant\u00e9\",\"isPartOf\":{\"@id\":\"https:\/\/www.imagesante.be\/fr\/#website\"},\"datePublished\":\"2019-07-16T09:43:23+00:00\",\"dateModified\":\"2019-11-13T13:22:00+00:00\",\"breadcrumb\":{\"@id\":\"https:\/\/www.imagesante.be\/fr\/imagesante-2014\/#breadcrumb\"},\"inLanguage\":\"fr-FR\",\"potentialAction\":[{\"@type\":\"ReadAction\",\"target\":[\"https:\/\/www.imagesante.be\/fr\/imagesante-2014\/\"]}]},{\"@type\":\"BreadcrumbList\",\"@id\":\"https:\/\/www.imagesante.be\/fr\/imagesante-2014\/#breadcrumb\",\"itemListElement\":[{\"@type\":\"ListItem\",\"position\":1,\"name\":\"Accueil\",\"item\":\"https:\/\/www.imagesante.be\/fr\/\"},{\"@type\":\"ListItem\",\"position\":2,\"name\":\"Imag\u00e9sant\u00e9 2014\"}]},{\"@type\":\"WebSite\",\"@id\":\"https:\/\/www.imagesante.be\/fr\/#website\",\"url\":\"https:\/\/www.imagesante.be\/fr\/\",\"name\":\"Festival Imag\u00e9sant\u00e9\",\"description\":\"\",\"publisher\":{\"@id\":\"https:\/\/www.imagesante.be\/fr\/#organization\"},\"potentialAction\":[{\"@type\":\"SearchAction\",\"target\":{\"@type\":\"EntryPoint\",\"urlTemplate\":\"https:\/\/www.imagesante.be\/fr\/?s={search_term_string}\"},\"query-input\":{\"@type\":\"PropertyValueSpecification\",\"valueRequired\":true,\"valueName\":\"search_term_string\"}}],\"inLanguage\":\"fr-FR\"},{\"@type\":\"Organization\",\"@id\":\"https:\/\/www.imagesante.be\/fr\/#organization\",\"name\":\"Imag\u00e9Sant\u00e9\",\"url\":\"https:\/\/www.imagesante.be\/fr\/\",\"logo\":{\"@type\":\"ImageObject\",\"inLanguage\":\"fr-FR\",\"@id\":\"https:\/\/www.imagesante.be\/fr\/#\/schema\/logo\/image\/\",\"url\":\"https:\/\/www.imagesante.be\/wp-content\/uploads\/2019\/06\/Festival-positif-carre.jpg\",\"contentUrl\":\"https:\/\/www.imagesante.be\/wp-content\/uploads\/2019\/06\/Festival-positif-carre.jpg\",\"width\":498,\"height\":498,\"caption\":\"Imag\u00e9Sant\u00e9\"},\"image\":{\"@id\":\"https:\/\/www.imagesante.be\/fr\/#\/schema\/logo\/image\/\"}}]}<\/script>\n<!-- \/ Yoast SEO plugin. -->","yoast_head_json":{"title":"Imag\u00e9sant\u00e9 2014 - Festival Imag\u00e9sant\u00e9","robots":{"index":"index","follow":"follow","max-snippet":"max-snippet:-1","max-image-preview":"max-image-preview:large","max-video-preview":"max-video-preview:-1"},"canonical":"https:\/\/www.imagesante.be\/fr\/imagesante-2014\/","og_locale":"fr_FR","og_type":"article","og_title":"Imag\u00e9sant\u00e9 2014 - Festival Imag\u00e9sant\u00e9","og_url":"https:\/\/www.imagesante.be\/fr\/imagesante-2014\/","og_site_name":"Festival Imag\u00e9sant\u00e9","article_modified_time":"2019-11-13T13:22:00+00:00","twitter_card":"summary_large_image","schema":{"@context":"https:\/\/schema.org","@graph":[{"@type":"WebPage","@id":"https:\/\/www.imagesante.be\/fr\/imagesante-2014\/","url":"https:\/\/www.imagesante.be\/fr\/imagesante-2014\/","name":"Imag\u00e9sant\u00e9 2014 - Festival Imag\u00e9sant\u00e9","isPartOf":{"@id":"https:\/\/www.imagesante.be\/fr\/#website"},"datePublished":"2019-07-16T09:43:23+00:00","dateModified":"2019-11-13T13:22:00+00:00","breadcrumb":{"@id":"https:\/\/www.imagesante.be\/fr\/imagesante-2014\/#breadcrumb"},"inLanguage":"fr-FR","potentialAction":[{"@type":"ReadAction","target":["https:\/\/www.imagesante.be\/fr\/imagesante-2014\/"]}]},{"@type":"BreadcrumbList","@id":"https:\/\/www.imagesante.be\/fr\/imagesante-2014\/#breadcrumb","itemListElement":[{"@type":"ListItem","position":1,"name":"Accueil","item":"https:\/\/www.imagesante.be\/fr\/"},{"@type":"ListItem","position":2,"name":"Imag\u00e9sant\u00e9 2014"}]},{"@type":"WebSite","@id":"https:\/\/www.imagesante.be\/fr\/#website","url":"https:\/\/www.imagesante.be\/fr\/","name":"Festival Imag\u00e9sant\u00e9","description":"","publisher":{"@id":"https:\/\/www.imagesante.be\/fr\/#organization"},"potentialAction":[{"@type":"SearchAction","target":{"@type":"EntryPoint","urlTemplate":"https:\/\/www.imagesante.be\/fr\/?s={search_term_string}"},"query-input":{"@type":"PropertyValueSpecification","valueRequired":true,"valueName":"search_term_string"}}],"inLanguage":"fr-FR"},{"@type":"Organization","@id":"https:\/\/www.imagesante.be\/fr\/#organization","name":"Imag\u00e9Sant\u00e9","url":"https:\/\/www.imagesante.be\/fr\/","logo":{"@type":"ImageObject","inLanguage":"fr-FR","@id":"https:\/\/www.imagesante.be\/fr\/#\/schema\/logo\/image\/","url":"https:\/\/www.imagesante.be\/wp-content\/uploads\/2019\/06\/Festival-positif-carre.jpg","contentUrl":"https:\/\/www.imagesante.be\/wp-content\/uploads\/2019\/06\/Festival-positif-carre.jpg","width":498,"height":498,"caption":"Imag\u00e9Sant\u00e9"},"image":{"@id":"https:\/\/www.imagesante.be\/fr\/#\/schema\/logo\/image\/"}}]}},"_links":{"self":[{"href":"https:\/\/www.imagesante.be\/fr\/wp-json\/wp\/v2\/pages\/17226","targetHints":{"allow":["GET"]}}],"collection":[{"href":"https:\/\/www.imagesante.be\/fr\/wp-json\/wp\/v2\/pages"}],"about":[{"href":"https:\/\/www.imagesante.be\/fr\/wp-json\/wp\/v2\/types\/page"}],"author":[{"embeddable":true,"href":"https:\/\/www.imagesante.be\/fr\/wp-json\/wp\/v2\/users\/1"}],"replies":[{"embeddable":true,"href":"https:\/\/www.imagesante.be\/fr\/wp-json\/wp\/v2\/comments?post=17226"}],"version-history":[{"count":0,"href":"https:\/\/www.imagesante.be\/fr\/wp-json\/wp\/v2\/pages\/17226\/revisions"}],"wp:attachment":[{"href":"https:\/\/www.imagesante.be\/fr\/wp-json\/wp\/v2\/media?parent=17226"}],"curies":[{"name":"wp","href":"https:\/\/api.w.org\/{rel}","templated":true}]}}