{"id":16668,"date":"2019-07-09T19:04:32","date_gmt":"2019-07-09T18:04:32","guid":{"rendered":"https:\/\/imagesante.beontheweb.be\/?page_id=16668"},"modified":"2025-02-03T20:13:48","modified_gmt":"2025-02-03T19:13:48","slug":"equipe","status":"publish","type":"page","link":"https:\/\/www.imagesante.be\/fr\/equipe\/","title":{"rendered":"Equipe"},"content":{"rendered":"<p>[et_pb_section fb_built=&#8221;1&#8243; fullwidth=&#8221;on&#8221; admin_label=&#8221;Section titre normal&#8221; module_class=&#8221;banniere_titre&#8221; _builder_version=&#8221;4.19.5&#8243; _dynamic_attributes=&#8221;background_image&#8221; background_image=&#8221;@ET-DC@eyJkeW5hbWljIjp0cnVlLCJjb250ZW50IjoiY3VzdG9tX21ldGFfYmFubmllcmUiLCJzZXR0aW5ncyI6eyJiZWZvcmUiOiIiLCJhZnRlciI6IiIsImVuYWJsZV9odG1sIjoib2ZmIn19@&#8221; width=&#8221;100%&#8221; max_width=&#8221;100%&#8221; min_height=&#8221;33px&#8221; height=&#8221;587px&#8221; max_height=&#8221;358px&#8221; custom_margin=&#8221;0px||-20px||false|false&#8221; custom_padding=&#8221;270px||0px||false|false&#8221; global_module=&#8221;4454&#8243; saved_tabs=&#8221;all&#8221; locked=&#8221;off&#8221; collapsed=&#8221;off&#8221; global_colors_info=&#8221;{}&#8221;][et_pb_fullwidth_post_title meta=&#8221;off&#8221; featured_image=&#8221;off&#8221; admin_label=&#8221;Titre du poste en pleine largeur&#8221; module_class=&#8221;page_title&#8221; _builder_version=&#8221;4.19.5&#8243; title_font=&#8221;|700||on|||||&#8221; title_text_align=&#8221;center&#8221; title_text_color=&#8221;#ffffff&#8221; title_font_size=&#8221;35px&#8221; title_letter_spacing=&#8221;5px&#8221; background_color=&#8221;#b09458&#8243; max_width=&#8221;100%&#8221; min_height=&#8221;100px&#8221; height=&#8221;100px&#8221; max_height=&#8221;100px&#8221; custom_margin=&#8221;0px||||false|false&#8221; custom_padding=&#8221;5px||0px||false|false&#8221; title_font_size_tablet=&#8221;&#8221; title_font_size_phone=&#8221;31px&#8221; title_font_size_last_edited=&#8221;on|phone&#8221; custom_css_post_title=&#8221;min-height: 4vw;||display: flex;||align-items: center;||justify-content: center;&#8221; locked=&#8221;off&#8221; global_colors_info=&#8221;{}&#8221;][\/et_pb_fullwidth_post_title][\/et_pb_section][et_pb_section fb_built=&#8221;1&#8243; _builder_version=&#8221;4.19.4&#8243; _module_preset=&#8221;default&#8221; global_colors_info=&#8221;{}&#8221;][et_pb_row _builder_version=&#8221;4.19.4&#8243; _module_preset=&#8221;default&#8221; global_colors_info=&#8221;{}&#8221;][et_pb_column type=&#8221;4_4&#8243; _builder_version=&#8221;4.19.4&#8243; _module_preset=&#8221;default&#8221; global_colors_info=&#8221;{}&#8221;][et_pb_text _builder_version=&#8221;4.27.4&#8243; _module_preset=&#8221;default&#8221; global_colors_info=&#8221;{}&#8221;]<\/p>\n<!-- Gridbuilder \u1d42\u1d3e Plugin (https:\/\/wpgridbuilder.com) -->\n<div class=\"wp-grid-builder wpgb-grid-10\" data-options=\"{&quot;id&quot;:10,&quot;type&quot;:&quot;masonry&quot;,&quot;source&quot;:&quot;post_type&quot;,&quot;loader&quot;:0,&quot;layout&quot;:&quot;vertical&quot;,&quot;reveal&quot;:0,&quot;isMainQuery&quot;:0,&quot;lazyLoad&quot;:0,&quot;cardSizes&quot;:{&quot;9999&quot;:{&quot;columns&quot;:4,&quot;height&quot;:240,&quot;gutter&quot;:20,&quot;ratio&quot;:&quot;1.33333&quot;},&quot;1200&quot;:{&quot;columns&quot;:4,&quot;height&quot;:240,&quot;gutter&quot;:20,&quot;ratio&quot;:&quot;1.33333&quot;},&quot;992&quot;:{&quot;columns&quot;:4,&quot;height&quot;:220,&quot;gutter&quot;:20,&quot;ratio&quot;:&quot;1.33333&quot;},&quot;768&quot;:{&quot;columns&quot;:3,&quot;height&quot;:220,&quot;gutter&quot;:20,&quot;ratio&quot;:&quot;1.33333&quot;},&quot;576&quot;:{&quot;columns&quot;:2,&quot;height&quot;:200,&quot;gutter&quot;:20,&quot;ratio&quot;:&quot;1.33333&quot;},&quot;320&quot;:{&quot;columns&quot;:1,&quot;height&quot;:200,&quot;gutter&quot;:20,&quot;ratio&quot;:&quot;1.33333&quot;}},&quot;fitRows&quot;:1,&quot;equalRows&quot;:0,&quot;equalColumns&quot;:1,&quot;fillLastRow&quot;:0,&quot;centerLastRow&quot;:0,&quot;horizontalOrder&quot;:1,&quot;fullWidth&quot;:0,&quot;transitionDelay&quot;:100,&quot;gallerySlideshow&quot;:0,&quot;rowsNumber&quot;:1,&quot;slideAlign&quot;:&quot;left&quot;,&quot;groupCells&quot;:1,&quot;draggable&quot;:1,&quot;initialIndex&quot;:0,&quot;contain&quot;:0,&quot;freeScroll&quot;:0,&quot;freeFriction&quot;:&quot;0.075&quot;,&quot;friction&quot;:&quot;0.285&quot;,&quot;attraction&quot;:&quot;0.025&quot;,&quot;autoPlay&quot;:0,&quot;pageDotAriaLabel&quot;:&quot;Point de page %d&quot;,&quot;isPreview&quot;:false,&quot;isGutenberg&quot;:false,&quot;rightToLeft&quot;:false}\"><div class=\"wpgb-svg-icons\" hidden>\n\t<svg viewBox=\"0 0 120 24\" width=\"0\" height=\"0\">\n\t<defs>\n        <polygon id=\"wpgb-star-svg\" points=\"12 2.5 15.1 8.8 22 9.8 17 14.6 18.2 21.5 12 18.3 5.8 21.5 7 14.6 2 9.8 8.9 8.8\"><\/polygon>\n    <\/defs>\n    <symbol id=\"wpgb-rating-stars-svg\">\n        <use xlink:href=\"#wpgb-star-svg\"><\/use>\n        <use xlink:href=\"#wpgb-star-svg\" x=\"24\"><\/use>\n        <use xlink:href=\"#wpgb-star-svg\" x=\"48\"><\/use>\n        <use xlink:href=\"#wpgb-star-svg\" x=\"72\"><\/use>\n        <use xlink:href=\"#wpgb-star-svg\" x=\"96\"><\/use>\n    <\/symbol>\n<\/svg>\n<\/div>\n<div class=\"wpgb-wrapper\">\n\t<div class=\"wpgb-main\">\n\t<div class=\"wpgb-layout\">\n\t<div class=\"wpgb-viewport\">\n\t\t<div class=\"wpgb-masonry\">\n\t\t\t<article class=\"wpgb-card wpgb-card-10 wpgb-post-32470\" data-col=\"1\" data-row=\"1\" data-format=\"standard\"><div class=\"wpgb-card-wrapper\"><div class=\"wpgb-card-inner\"><div class=\"wpgb-card-media wpgb-scheme-light\"><svg data-ratio style=\"padding-top:100%\" viewBox=\"0 0 1 1\" aria-hidden=\"true\"><\/svg><div class=\"wpgb-card-media-thumbnail\"><a href=\"https:\/\/www.imagesante.be\/wp-content\/uploads\/2019\/07\/philippe_kolh.jpg\" tabindex=\"-1\" class=\"wpgb-handle-lb wpgb-lightbox\" data-type=\"image\" data-rel=\"10\" data-title=\"Philippe KOLH\" title=\"Agrandir la photo\"><div style=\"background-image:url(https:\/\/www.imagesante.be\/wp-content\/uploads\/2019\/07\/philippe_kolh.jpg)\"><\/div><noscript><img decoding=\"async\" class=\"wpgb-noscript-img\" src=\"https:\/\/www.imagesante.be\/wp-content\/uploads\/2019\/07\/philippe_kolh.jpg\" alt=\"Philippe KOLH\" height=\"280\" width=\"280\"><\/noscript><\/a><\/div><div class=\"wpgb-card-media-overlay\"><\/div><\/div><div class=\"wpgb-card-content wpgb-scheme-dark\"><div class=\"wpgb-card-body\"><h4 class=\"wpgb-block-3 wpgb-idle-scheme-1\">Philippe KOLH<\/h4><div class=\"wpgb-block-1 wpgb-idle-scheme-2\">Pr\u00e9sident<\/div><div class=\"wpgb-block-2 wpgb-idle-scheme-2\">philippe.kolh@chu.ulg.ac.be<\/div><\/div><\/div><\/div><\/div><\/article><article class=\"wpgb-card wpgb-card-10 wpgb-post-32472\" data-col=\"1\" data-row=\"1\" data-format=\"standard\"><div class=\"wpgb-card-wrapper\"><div class=\"wpgb-card-inner\"><div class=\"wpgb-card-media wpgb-scheme-light\"><svg data-ratio style=\"padding-top:100%\" viewBox=\"0 0 1 1\" aria-hidden=\"true\"><\/svg><div class=\"wpgb-card-media-thumbnail\"><a href=\"https:\/\/www.imagesante.be\/wp-content\/uploads\/2022\/12\/Muriel-Defosse-photo-centree.JPG.jpg\" tabindex=\"-1\" class=\"wpgb-handle-lb wpgb-lightbox\" data-type=\"image\" data-rel=\"10\" data-title=\"Muriel Defosse\" title=\"Agrandir la photo\"><div style=\"background-image:url(https:\/\/www.imagesante.be\/wp-content\/uploads\/2022\/12\/Muriel-Defosse-photo-centree.JPG-300x294.jpg)\"><\/div><noscript><img decoding=\"async\" class=\"wpgb-noscript-img\" src=\"https:\/\/www.imagesante.be\/wp-content\/uploads\/2022\/12\/Muriel-Defosse-photo-centree.JPG-300x294.jpg\" alt=\"Muriel Defosse\" height=\"294\" width=\"300\"><\/noscript><\/a><\/div><div class=\"wpgb-card-media-overlay\"><\/div><\/div><div class=\"wpgb-card-content wpgb-scheme-dark\"><div class=\"wpgb-card-body\"><h4 class=\"wpgb-block-3 wpgb-idle-scheme-1\">Muriel DEFOSSE<\/h4><div class=\"wpgb-block-1 wpgb-idle-scheme-2\">Directrice du Festival<\/div><div class=\"wpgb-block-2 wpgb-idle-scheme-2\">mdefosse@enjeu.be<\/div><div class=\"wpgb-block-4 wpgb-idle-scheme-2\">GSM : 0032 (0)488 95 96 57<\/div><div class=\"wpgb-block-5 wpgb-idle-scheme-2\">T\u00e9l. : 0032 (0)4 254 97 82<\/div><\/div><\/div><\/div><\/div><\/article><article class=\"wpgb-card wpgb-card-10 wpgb-post-32474\" data-col=\"1\" data-row=\"1\" data-format=\"standard\"><div class=\"wpgb-card-wrapper\"><div class=\"wpgb-card-inner\"><div class=\"wpgb-card-media wpgb-scheme-light\"><svg data-ratio style=\"padding-top:100%\" viewBox=\"0 0 1 1\" aria-hidden=\"true\"><\/svg><div class=\"wpgb-card-media-thumbnail\"><a href=\"https:\/\/www.imagesante.be\/wp-content\/uploads\/2019\/07\/4img_9988_pierre_carre.jpg\" tabindex=\"-1\" class=\"wpgb-handle-lb wpgb-lightbox\" data-type=\"image\" data-rel=\"10\" data-title=\"Pierre LUTHERS\" title=\"Agrandir la photo\"><div style=\"background-image:url(https:\/\/www.imagesante.be\/wp-content\/uploads\/2019\/07\/4img_9988_pierre_carre.jpg)\"><\/div><noscript><img decoding=\"async\" class=\"wpgb-noscript-img\" src=\"https:\/\/www.imagesante.be\/wp-content\/uploads\/2019\/07\/4img_9988_pierre_carre.jpg\" alt=\"Pierre LUTHERS\" height=\"280\" width=\"280\"><\/noscript><\/a><\/div><div class=\"wpgb-card-media-overlay\"><\/div><\/div><div class=\"wpgb-card-content wpgb-scheme-dark\"><div class=\"wpgb-card-body\"><h4 class=\"wpgb-block-3 wpgb-idle-scheme-1\">Pierre LUTHERS<\/h4><div class=\"wpgb-block-1 wpgb-idle-scheme-2\">Relations publiques<\/div><div class=\"wpgb-block-2 wpgb-idle-scheme-2\">pl@enjeu.be<\/div><div class=\"wpgb-block-4 wpgb-idle-scheme-2\">GSM : 0032 (0)496 27 57 00<\/div><\/div><\/div><\/div><\/div><\/article><article class=\"wpgb-card wpgb-card-10 wpgb-post-32484\" data-col=\"1\" data-row=\"1\" data-format=\"standard\"><div class=\"wpgb-card-wrapper\"><div class=\"wpgb-card-inner\"><div class=\"wpgb-card-media wpgb-scheme-light\"><svg data-ratio style=\"padding-top:100%\" viewBox=\"0 0 1 1\" aria-hidden=\"true\"><\/svg><div class=\"wpgb-card-media-thumbnail\"><a href=\"https:\/\/www.imagesante.be\/wp-content\/uploads\/2022\/12\/Catherine-Bergoens.jpg\" tabindex=\"-1\" class=\"wpgb-handle-lb wpgb-lightbox\" data-type=\"image\" data-rel=\"10\" data-title=\"Catherine Bergoens\" title=\"Agrandir la photo\"><div style=\"background-image:url(https:\/\/www.imagesante.be\/wp-content\/uploads\/2022\/12\/Catherine-Bergoens-300x300.jpg)\"><\/div><noscript><img decoding=\"async\" class=\"wpgb-noscript-img\" src=\"https:\/\/www.imagesante.be\/wp-content\/uploads\/2022\/12\/Catherine-Bergoens-300x300.jpg\" alt=\"\" height=\"300\" width=\"300\"><\/noscript><\/a><\/div><div class=\"wpgb-card-media-overlay\"><\/div><\/div><div class=\"wpgb-card-content wpgb-scheme-dark\"><div class=\"wpgb-card-body\"><h4 class=\"wpgb-block-3 wpgb-idle-scheme-1\">Catherine BERGOENS<\/h4><div class=\"wpgb-block-1 wpgb-idle-scheme-2\">Responsable production<\/div><div class=\"wpgb-block-2 wpgb-idle-scheme-2\">cbergoens@enjeu.be<\/div><div class=\"wpgb-block-4 wpgb-idle-scheme-2\">GSM : 0032 (0)478 33 36 24<\/div><\/div><\/div><\/div><\/div><\/article><article class=\"wpgb-card wpgb-card-10 wpgb-post-32476\" data-col=\"1\" data-row=\"1\" data-format=\"standard\"><div class=\"wpgb-card-wrapper\"><div class=\"wpgb-card-inner\"><div class=\"wpgb-card-media wpgb-scheme-light\"><svg data-ratio style=\"padding-top:100%\" viewBox=\"0 0 1 1\" aria-hidden=\"true\"><\/svg><div class=\"wpgb-card-media-thumbnail\"><a href=\"https:\/\/www.imagesante.be\/wp-content\/uploads\/2022\/12\/Enjeu-Equipe-52.jpg\" tabindex=\"-1\" class=\"wpgb-handle-lb wpgb-lightbox\" data-type=\"image\" data-rel=\"10\" data-title=\"Jordan SAUVAGE\" title=\"Agrandir la photo\"><div style=\"background-image:url(https:\/\/www.imagesante.be\/wp-content\/uploads\/2022\/12\/Enjeu-Equipe-52-300x300.jpg)\"><\/div><noscript><img decoding=\"async\" class=\"wpgb-noscript-img\" src=\"https:\/\/www.imagesante.be\/wp-content\/uploads\/2022\/12\/Enjeu-Equipe-52-300x300.jpg\" alt=\"Jordan SAUVAGE\" height=\"300\" width=\"300\"><\/noscript><\/a><\/div><div class=\"wpgb-card-media-overlay\"><\/div><\/div><div class=\"wpgb-card-content wpgb-scheme-dark\"><div class=\"wpgb-card-body\"><h4 class=\"wpgb-block-3 wpgb-idle-scheme-1\">Jordan SAUVAGE<\/h4><div class=\"wpgb-block-1 wpgb-idle-scheme-2\">Responsable du programme scolaire<\/div><div class=\"wpgb-block-2 wpgb-idle-scheme-2\">js@enjeu.be<\/div><div class=\"wpgb-block-4 wpgb-idle-scheme-2\">GSM : 0032 (0)497 26 95 84<\/div><div class=\"wpgb-block-5 wpgb-idle-scheme-2\">T\u00e9l. : 0032 (0)4 254 98 01<\/div><\/div><\/div><\/div><\/div><\/article><article class=\"wpgb-card wpgb-card-10 wpgb-post-32478\" data-col=\"1\" data-row=\"1\" data-format=\"standard\"><div class=\"wpgb-card-wrapper\"><div class=\"wpgb-card-inner\"><div class=\"wpgb-card-media wpgb-scheme-light\"><svg data-ratio style=\"padding-top:100%\" viewBox=\"0 0 1 1\" aria-hidden=\"true\"><\/svg><div class=\"wpgb-card-media-thumbnail\"><a href=\"https:\/\/www.imagesante.be\/wp-content\/uploads\/2019\/07\/2img_0922_vero2_carre.jpg\" tabindex=\"-1\" class=\"wpgb-handle-lb wpgb-lightbox\" data-type=\"image\" data-rel=\"10\" data-title=\"V\u00e9ronique KUSTER\" title=\"Agrandir la photo\"><div style=\"background-image:url(https:\/\/www.imagesante.be\/wp-content\/uploads\/2019\/07\/2img_0922_vero2_carre.jpg)\"><\/div><noscript><img decoding=\"async\" class=\"wpgb-noscript-img\" src=\"https:\/\/www.imagesante.be\/wp-content\/uploads\/2019\/07\/2img_0922_vero2_carre.jpg\" alt=\"V\u00e9ronique KUSTER\" height=\"280\" width=\"280\"><\/noscript><\/a><\/div><div class=\"wpgb-card-media-overlay\"><\/div><\/div><div class=\"wpgb-card-content wpgb-scheme-dark\"><div class=\"wpgb-card-body\"><h4 class=\"wpgb-block-3 wpgb-idle-scheme-1\">V\u00e9ronique KUSTER<\/h4><div class=\"wpgb-block-1 wpgb-idle-scheme-2\">Responsable administrative<\/div><div class=\"wpgb-block-2 wpgb-idle-scheme-2\">vk@enjeu.be<\/div><div class=\"wpgb-block-4 wpgb-idle-scheme-2\">GSM : 0032 (0)496 75 74 13<\/div><div class=\"wpgb-block-5 wpgb-idle-scheme-2\">T\u00e9l. : 0032 (0)4 254 97 97<\/div><\/div><\/div><\/div><\/div><\/article><article class=\"wpgb-card wpgb-card-10 wpgb-post-32480\" data-col=\"1\" data-row=\"1\" data-format=\"standard\"><div class=\"wpgb-card-wrapper\"><div class=\"wpgb-card-inner\"><div class=\"wpgb-card-media wpgb-scheme-light\"><svg data-ratio style=\"padding-top:100%\" viewBox=\"0 0 1 1\" aria-hidden=\"true\"><\/svg><div class=\"wpgb-card-media-thumbnail\"><a href=\"https:\/\/www.imagesante.be\/wp-content\/uploads\/2022\/12\/Catherine-Henry.jpeg\" tabindex=\"-1\" class=\"wpgb-handle-lb wpgb-lightbox\" data-type=\"image\" data-rel=\"10\" data-title=\"Catherine Henry\" title=\"Agrandir la photo\"><div style=\"background-image:url(https:\/\/www.imagesante.be\/wp-content\/uploads\/2022\/12\/Catherine-Henry-300x300.jpeg)\"><\/div><noscript><img decoding=\"async\" class=\"wpgb-noscript-img\" src=\"https:\/\/www.imagesante.be\/wp-content\/uploads\/2022\/12\/Catherine-Henry-300x300.jpeg\" alt=\"\" height=\"300\" width=\"300\"><\/noscript><\/a><\/div><div class=\"wpgb-card-media-overlay\"><\/div><\/div><div class=\"wpgb-card-content wpgb-scheme-dark\"><div class=\"wpgb-card-body\"><h4 class=\"wpgb-block-3 wpgb-idle-scheme-1\">Catherine HENRY<\/h4><div class=\"wpgb-block-1 wpgb-idle-scheme-2\">Responsable logistique<\/div><div class=\"wpgb-block-2 wpgb-idle-scheme-2\">c.henry@enjeu.be<\/div><div class=\"wpgb-block-5 wpgb-idle-scheme-2\">T\u00e9l. : 0032 (0)497 45 98 54<\/div><\/div><\/div><\/div><\/div><\/article>\t\t<\/div>\n\t<\/div>\n\t<\/div>\n\t<\/div>\n\t\t<\/div>\n<\/div>\n\n<p>[\/et_pb_text][\/et_pb_column][\/et_pb_row][\/et_pb_section]<\/p>\n","protected":false},"excerpt":{"rendered":"<p>Imag\u00e9sant\u00e9 pr\u00e9sente une programmation de 25 documentaires en comp\u00e9tition provenant des quatre coins du monde<\/p>\n","protected":false},"author":1,"featured_media":0,"parent":0,"menu_order":0,"comment_status":"closed","ping_status":"closed","template":"","meta":{"_acf_changed":false,"_et_pb_use_builder":"on","_et_pb_old_content":"","_et_gb_content_width":"","_lmt_disableupdate":"no","_lmt_disable":"","_monsterinsights_skip_tracking":false,"_monsterinsights_sitenote_active":false,"_monsterinsights_sitenote_note":"","_monsterinsights_sitenote_category":0,"footnotes":"","_wp_rev_ctl_limit":""},"class_list":["post-16668","page","type-page","status-publish","hentry"],"acf":[],"yoast_head":"<!-- This site is optimized with the Yoast SEO plugin v25.0 - https:\/\/yoast.com\/wordpress\/plugins\/seo\/ -->\n<title>Equipe - Festival Imag\u00e9sant\u00e9<\/title>\n<meta name=\"description\" content=\"Imag\u00e9sant\u00e9 pr\u00e9sente une programmation de 25 documentaires en comp\u00e9tition provenant des quatre coins du monde\" \/>\n<meta name=\"robots\" content=\"index, follow, max-snippet:-1, max-image-preview:large, max-video-preview:-1\" \/>\n<link rel=\"canonical\" href=\"https:\/\/www.imagesante.be\/fr\/equipe\/\" \/>\n<meta property=\"og:locale\" content=\"fr_FR\" \/>\n<meta property=\"og:type\" content=\"article\" \/>\n<meta property=\"og:title\" content=\"Equipe - Festival Imag\u00e9sant\u00e9\" \/>\n<meta property=\"og:description\" content=\"Imag\u00e9sant\u00e9 pr\u00e9sente une programmation de 25 documentaires en comp\u00e9tition provenant des quatre coins du monde\" \/>\n<meta property=\"og:url\" content=\"https:\/\/www.imagesante.be\/fr\/equipe\/\" \/>\n<meta property=\"og:site_name\" content=\"Festival Imag\u00e9sant\u00e9\" \/>\n<meta property=\"article:modified_time\" content=\"2025-02-03T19:13:48+00:00\" \/>\n<meta name=\"twitter:card\" content=\"summary_large_image\" \/>\n<script type=\"application\/ld+json\" class=\"yoast-schema-graph\">{\"@context\":\"https:\/\/schema.org\",\"@graph\":[{\"@type\":\"WebPage\",\"@id\":\"https:\/\/www.imagesante.be\/fr\/equipe\/\",\"url\":\"https:\/\/www.imagesante.be\/fr\/equipe\/\",\"name\":\"Equipe - Festival Imag\u00e9sant\u00e9\",\"isPartOf\":{\"@id\":\"https:\/\/www.imagesante.be\/fr\/#website\"},\"datePublished\":\"2019-07-09T18:04:32+00:00\",\"dateModified\":\"2025-02-03T19:13:48+00:00\",\"description\":\"Imag\u00e9sant\u00e9 pr\u00e9sente une programmation de 25 documentaires en comp\u00e9tition provenant des quatre coins du monde\",\"breadcrumb\":{\"@id\":\"https:\/\/www.imagesante.be\/fr\/equipe\/#breadcrumb\"},\"inLanguage\":\"fr-FR\",\"potentialAction\":[{\"@type\":\"ReadAction\",\"target\":[\"https:\/\/www.imagesante.be\/fr\/equipe\/\"]}]},{\"@type\":\"BreadcrumbList\",\"@id\":\"https:\/\/www.imagesante.be\/fr\/equipe\/#breadcrumb\",\"itemListElement\":[{\"@type\":\"ListItem\",\"position\":1,\"name\":\"Accueil\",\"item\":\"https:\/\/www.imagesante.be\/fr\/\"},{\"@type\":\"ListItem\",\"position\":2,\"name\":\"Equipe\"}]},{\"@type\":\"WebSite\",\"@id\":\"https:\/\/www.imagesante.be\/fr\/#website\",\"url\":\"https:\/\/www.imagesante.be\/fr\/\",\"name\":\"Festival Imag\u00e9sant\u00e9\",\"description\":\"\",\"publisher\":{\"@id\":\"https:\/\/www.imagesante.be\/fr\/#organization\"},\"potentialAction\":[{\"@type\":\"SearchAction\",\"target\":{\"@type\":\"EntryPoint\",\"urlTemplate\":\"https:\/\/www.imagesante.be\/fr\/?s={search_term_string}\"},\"query-input\":{\"@type\":\"PropertyValueSpecification\",\"valueRequired\":true,\"valueName\":\"search_term_string\"}}],\"inLanguage\":\"fr-FR\"},{\"@type\":\"Organization\",\"@id\":\"https:\/\/www.imagesante.be\/fr\/#organization\",\"name\":\"Imag\u00e9Sant\u00e9\",\"url\":\"https:\/\/www.imagesante.be\/fr\/\",\"logo\":{\"@type\":\"ImageObject\",\"inLanguage\":\"fr-FR\",\"@id\":\"https:\/\/www.imagesante.be\/fr\/#\/schema\/logo\/image\/\",\"url\":\"https:\/\/www.imagesante.be\/wp-content\/uploads\/2019\/06\/Festival-positif-carre.jpg\",\"contentUrl\":\"https:\/\/www.imagesante.be\/wp-content\/uploads\/2019\/06\/Festival-positif-carre.jpg\",\"width\":498,\"height\":498,\"caption\":\"Imag\u00e9Sant\u00e9\"},\"image\":{\"@id\":\"https:\/\/www.imagesante.be\/fr\/#\/schema\/logo\/image\/\"}}]}<\/script>\n<!-- \/ Yoast SEO plugin. -->","yoast_head_json":{"title":"Equipe - Festival Imag\u00e9sant\u00e9","description":"Imag\u00e9sant\u00e9 pr\u00e9sente une programmation de 25 documentaires en comp\u00e9tition provenant des quatre coins du monde","robots":{"index":"index","follow":"follow","max-snippet":"max-snippet:-1","max-image-preview":"max-image-preview:large","max-video-preview":"max-video-preview:-1"},"canonical":"https:\/\/www.imagesante.be\/fr\/equipe\/","og_locale":"fr_FR","og_type":"article","og_title":"Equipe - Festival Imag\u00e9sant\u00e9","og_description":"Imag\u00e9sant\u00e9 pr\u00e9sente une programmation de 25 documentaires en comp\u00e9tition provenant des quatre coins du monde","og_url":"https:\/\/www.imagesante.be\/fr\/equipe\/","og_site_name":"Festival Imag\u00e9sant\u00e9","article_modified_time":"2025-02-03T19:13:48+00:00","twitter_card":"summary_large_image","schema":{"@context":"https:\/\/schema.org","@graph":[{"@type":"WebPage","@id":"https:\/\/www.imagesante.be\/fr\/equipe\/","url":"https:\/\/www.imagesante.be\/fr\/equipe\/","name":"Equipe - Festival Imag\u00e9sant\u00e9","isPartOf":{"@id":"https:\/\/www.imagesante.be\/fr\/#website"},"datePublished":"2019-07-09T18:04:32+00:00","dateModified":"2025-02-03T19:13:48+00:00","description":"Imag\u00e9sant\u00e9 pr\u00e9sente une programmation de 25 documentaires en comp\u00e9tition provenant des quatre coins du monde","breadcrumb":{"@id":"https:\/\/www.imagesante.be\/fr\/equipe\/#breadcrumb"},"inLanguage":"fr-FR","potentialAction":[{"@type":"ReadAction","target":["https:\/\/www.imagesante.be\/fr\/equipe\/"]}]},{"@type":"BreadcrumbList","@id":"https:\/\/www.imagesante.be\/fr\/equipe\/#breadcrumb","itemListElement":[{"@type":"ListItem","position":1,"name":"Accueil","item":"https:\/\/www.imagesante.be\/fr\/"},{"@type":"ListItem","position":2,"name":"Equipe"}]},{"@type":"WebSite","@id":"https:\/\/www.imagesante.be\/fr\/#website","url":"https:\/\/www.imagesante.be\/fr\/","name":"Festival Imag\u00e9sant\u00e9","description":"","publisher":{"@id":"https:\/\/www.imagesante.be\/fr\/#organization"},"potentialAction":[{"@type":"SearchAction","target":{"@type":"EntryPoint","urlTemplate":"https:\/\/www.imagesante.be\/fr\/?s={search_term_string}"},"query-input":{"@type":"PropertyValueSpecification","valueRequired":true,"valueName":"search_term_string"}}],"inLanguage":"fr-FR"},{"@type":"Organization","@id":"https:\/\/www.imagesante.be\/fr\/#organization","name":"Imag\u00e9Sant\u00e9","url":"https:\/\/www.imagesante.be\/fr\/","logo":{"@type":"ImageObject","inLanguage":"fr-FR","@id":"https:\/\/www.imagesante.be\/fr\/#\/schema\/logo\/image\/","url":"https:\/\/www.imagesante.be\/wp-content\/uploads\/2019\/06\/Festival-positif-carre.jpg","contentUrl":"https:\/\/www.imagesante.be\/wp-content\/uploads\/2019\/06\/Festival-positif-carre.jpg","width":498,"height":498,"caption":"Imag\u00e9Sant\u00e9"},"image":{"@id":"https:\/\/www.imagesante.be\/fr\/#\/schema\/logo\/image\/"}}]}},"_links":{"self":[{"href":"https:\/\/www.imagesante.be\/fr\/wp-json\/wp\/v2\/pages\/16668","targetHints":{"allow":["GET"]}}],"collection":[{"href":"https:\/\/www.imagesante.be\/fr\/wp-json\/wp\/v2\/pages"}],"about":[{"href":"https:\/\/www.imagesante.be\/fr\/wp-json\/wp\/v2\/types\/page"}],"author":[{"embeddable":true,"href":"https:\/\/www.imagesante.be\/fr\/wp-json\/wp\/v2\/users\/1"}],"replies":[{"embeddable":true,"href":"https:\/\/www.imagesante.be\/fr\/wp-json\/wp\/v2\/comments?post=16668"}],"version-history":[{"count":2,"href":"https:\/\/www.imagesante.be\/fr\/wp-json\/wp\/v2\/pages\/16668\/revisions"}],"predecessor-version":[{"id":37683,"href":"https:\/\/www.imagesante.be\/fr\/wp-json\/wp\/v2\/pages\/16668\/revisions\/37683"}],"wp:attachment":[{"href":"https:\/\/www.imagesante.be\/fr\/wp-json\/wp\/v2\/media?parent=16668"}],"curies":[{"name":"wp","href":"https:\/\/api.w.org\/{rel}","templated":true}]}}