{"id":36886,"date":"2019-07-11T08:57:42","date_gmt":"2019-07-11T06:57:42","guid":{"rendered":"http:\/\/www.imagesante.be\/archives\/"},"modified":"2025-02-04T16:34:08","modified_gmt":"2025-02-04T15:34:08","slug":"archives","status":"publish","type":"page","link":"https:\/\/www.imagesante.be\/en\/archives\/","title":{"rendered":"Archives"},"content":{"rendered":"<p>[et_pb_section fb_built=&#8221;1&#8243; fullwidth=&#8221;on&#8221; admin_label=&#8221;Section titre normal&#8221; module_class=&#8221;banniere_titre&#8221; _builder_version=&#8221;4.27.4&#8243; _dynamic_attributes=&#8221;background_image&#8221; background_image=&#8221;@ET-DC@eyJkeW5hbWljIjp0cnVlLCJjb250ZW50IjoiY3VzdG9tX21ldGFfYmFubmllcmUiLCJzZXR0aW5ncyI6eyJiZWZvcmUiOiIiLCJhZnRlciI6IiIsImVuYWJsZV9odG1sIjoib2ZmIn19@&#8221; width=&#8221;100%&#8221; max_width=&#8221;100%&#8221; min_height=&#8221;33px&#8221; height=&#8221;587px&#8221; max_height=&#8221;358px&#8221; custom_margin=&#8221;0px||-20px||false|false&#8221; custom_padding=&#8221;270px||0px||false|false&#8221; global_module=&#8221;4454&#8243; saved_tabs=&#8221;all&#8221; locked=&#8221;off&#8221; collapsed=&#8221;off&#8221; global_colors_info=&#8221;{}&#8221;][et_pb_fullwidth_post_title meta=&#8221;off&#8221; featured_image=&#8221;off&#8221; admin_label=&#8221;Titre du poste en pleine largeur&#8221; module_class=&#8221;page_title&#8221; _builder_version=&#8221;4.27.4&#8243; title_font=&#8221;|700||on|||||&#8221; title_text_align=&#8221;center&#8221; title_text_color=&#8221;#ffffff&#8221; title_font_size=&#8221;35px&#8221; title_letter_spacing=&#8221;5px&#8221; background_color=&#8221;#b09458&#8243; max_width=&#8221;100%&#8221; min_height=&#8221;100px&#8221; height=&#8221;100px&#8221; max_height=&#8221;100px&#8221; custom_margin=&#8221;0px||||false|false&#8221; custom_padding=&#8221;5px||0px||false|false&#8221; title_font_size_tablet=&#8221;&#8221; title_font_size_phone=&#8221;31px&#8221; title_font_size_last_edited=&#8221;on|phone&#8221; custom_css_post_title=&#8221;min-height: 4vw;||display: flex;||align-items: center;||justify-content: center;&#8221; locked=&#8221;off&#8221; global_colors_info=&#8221;{}&#8221;][\/et_pb_fullwidth_post_title][\/et_pb_section][et_pb_section fb_built=&#8221;1&#8243; admin_label=&#8221;Section&#8221; _builder_version=&#8221;4.16&#8243; global_colors_info=&#8221;{}&#8221;][et_pb_row column_structure=&#8221;1_4,1_4,1_4,1_4&#8243; admin_label=&#8221;row&#8221; _builder_version=&#8221;4.16&#8243; background_size=&#8221;initial&#8221; background_position=&#8221;top_left&#8221; background_repeat=&#8221;repeat&#8221; global_colors_info=&#8221;{}&#8221;][et_pb_column type=&#8221;1_4&#8243; _builder_version=&#8221;4.16&#8243; custom_padding=&#8221;|||&#8221; global_colors_info=&#8221;{}&#8221; custom_padding__hover=&#8221;|||&#8221;][et_pb_blurb title=&#8221;Imag\u00e9Sant\u00e9 2023&#8243; url=&#8221;@ET-DC@eyJkeW5hbWljIjp0cnVlLCJjb250ZW50IjoicG9zdF9saW5rX3VybF9wYWdlIiwic2V0dGluZ3MiOnsicG9zdF9pZCI6IjM3MzQ0In19@&#8221; image=&#8221;https:\/\/www.imagesante.be\/wp-content\/uploads\/2019\/07\/FU5A8770.jpg&#8221; admin_label=&#8221;2023&#8243; module_class=&#8221;resume_photo_large&#8221; _builder_version=&#8221;4.27.4&#8243; _dynamic_attributes=&#8221;url,link_option_url&#8221; header_level=&#8221;h3&#8243; header_font=&#8221;||||||||&#8221; header_text_align=&#8221;center&#8221; link_option_url=&#8221;@ET-DC@eyJkeW5hbWljIjp0cnVlLCJjb250ZW50IjoicG9zdF9saW5rX3VybF9wYWdlIiwic2V0dGluZ3MiOnsicG9zdF9pZCI6IjM3MzQ0In19@&#8221; border_width_all=&#8221;1px&#8221; border_color_all=&#8221;#b09458&#8243; global_colors_info=&#8221;{}&#8221;][\/et_pb_blurb][\/et_pb_column][et_pb_column type=&#8221;1_4&#8243; _builder_version=&#8221;4.16&#8243; custom_padding=&#8221;|||&#8221; global_colors_info=&#8221;{}&#8221; custom_padding__hover=&#8221;|||&#8221;][et_pb_blurb title=&#8221;Imag\u00e9sant\u00e9 2021&#8243; image=&#8221;https:\/\/www.imagesante.be\/wp-content\/uploads\/2019\/07\/FU5A8770.jpg&#8221; admin_label=&#8221;2018&#8243; module_class=&#8221;resume_photo_large&#8221; _builder_version=&#8221;4.27.4&#8243; header_level=&#8221;h3&#8243; header_font=&#8221;||||||||&#8221; header_text_align=&#8221;center&#8221; link_option_url=&#8221;@ET-DC@eyJkeW5hbWljIjp0cnVlLCJjb250ZW50IjoicG9zdF9saW5rX3VybF9wYWdlIiwic2V0dGluZ3MiOnsicG9zdF9pZCI6IjM3Nzc1In19@&#8221; hover_enabled=&#8221;0&#8243; border_width_all=&#8221;1px&#8221; border_color_all=&#8221;#b09458&#8243; global_colors_info=&#8221;{}&#8221; _dynamic_attributes=&#8221;link_option_url&#8221; sticky_enabled=&#8221;0&#8243;][\/et_pb_blurb][\/et_pb_column][et_pb_column type=&#8221;1_4&#8243; _builder_version=&#8221;4.16&#8243; custom_padding=&#8221;|||&#8221; global_colors_info=&#8221;{}&#8221; custom_padding__hover=&#8221;|||&#8221;][et_pb_blurb title=&#8221;Imag\u00e9sant\u00e9 2018&#8243; url=&#8221;https:\/\/www.imagesante.be\/en\/imagesante-2018\/&#8221; image=&#8221;https:\/\/www.imagesante.be\/wp-content\/uploads\/2019\/07\/FU5A8770.jpg&#8221; admin_label=&#8221;2018&#8243; module_class=&#8221;resume_photo_large&#8221; _builder_version=&#8221;4.16&#8243; header_level=&#8221;h3&#8243; header_font=&#8221;||||||||&#8221; header_text_align=&#8221;center&#8221; link_option_url=&#8221;https:\/\/www.imagesante.be\/en\/imagesante-2018\/&#8221; border_width_all=&#8221;1px&#8221; border_color_all=&#8221;#b09458&#8243; global_colors_info=&#8221;{}&#8221;][\/et_pb_blurb][\/et_pb_column][et_pb_column type=&#8221;1_4&#8243; _builder_version=&#8221;4.16&#8243; custom_padding=&#8221;|||&#8221; global_colors_info=&#8221;{}&#8221; custom_padding__hover=&#8221;|||&#8221;][et_pb_blurb title=&#8221;Imag\u00e9sant\u00e9 2016&#8243; url=&#8221;https:\/\/www.imagesante.be\/en\/imagesante-2016\/&#8221; image=&#8221;https:\/\/www.imagesante.be\/wp-content\/uploads\/2019\/07\/fu5a0170.jpg&#8221; admin_label=&#8221;2016&#8243; module_class=&#8221;resume_photo_large&#8221; _builder_version=&#8221;4.16&#8243; header_level=&#8221;h3&#8243; header_font=&#8221;||||||||&#8221; header_text_align=&#8221;center&#8221; link_option_url=&#8221;https:\/\/www.imagesante.be\/en\/imagesante-2016\/&#8221; border_width_all=&#8221;1px&#8221; border_color_all=&#8221;#b09458&#8243; global_colors_info=&#8221;{}&#8221;][\/et_pb_blurb][\/et_pb_column][\/et_pb_row][et_pb_row column_structure=&#8221;1_4,1_4,1_4,1_4&#8243; admin_label=&#8221;row&#8221; _builder_version=&#8221;4.16&#8243; background_size=&#8221;initial&#8221; background_position=&#8221;top_left&#8221; background_repeat=&#8221;repeat&#8221; global_colors_info=&#8221;{}&#8221;][et_pb_column type=&#8221;1_4&#8243; _builder_version=&#8221;4.16&#8243; custom_padding=&#8221;|||&#8221; global_colors_info=&#8221;{}&#8221; custom_padding__hover=&#8221;|||&#8221;][et_pb_blurb title=&#8221;Imag\u00e9sant\u00e9 2014&#8243; url=&#8221;https:\/\/www.imagesante.be\/en\/imagesante-2014\/&#8221; image=&#8221;https:\/\/www.imagesante.be\/wp-content\/uploads\/2019\/10\/fu5a6273.jpg&#8221; admin_label=&#8221;2014&#8243; module_class=&#8221;resume_photo_large&#8221; _builder_version=&#8221;4.16&#8243; header_level=&#8221;h3&#8243; header_font=&#8221;||||||||&#8221; header_text_align=&#8221;center&#8221; link_option_url=&#8221;https:\/\/www.imagesante.be\/en\/imagesante-2014\/&#8221; border_width_all=&#8221;1px&#8221; border_color_all=&#8221;#b09458&#8243; global_colors_info=&#8221;{}&#8221;][\/et_pb_blurb][\/et_pb_column][et_pb_column type=&#8221;1_4&#8243; _builder_version=&#8221;4.16&#8243; custom_padding=&#8221;|||&#8221; global_colors_info=&#8221;{}&#8221; custom_padding__hover=&#8221;|||&#8221;][et_pb_blurb title=&#8221;Imag\u00e9sant\u00e9 2012&#8243; url=&#8221;https:\/\/www.imagesante.be\/en\/imagesante-2012\/&#8221; image=&#8221;https:\/\/www.imagesante.be\/wp-content\/uploads\/2019\/10\/fu5a6871.jpg&#8221; admin_label=&#8221;2012&#8243; module_class=&#8221;resume_photo_large&#8221; _builder_version=&#8221;4.16&#8243; header_level=&#8221;h3&#8243; header_font=&#8221;||||||||&#8221; header_text_align=&#8221;center&#8221; link_option_url=&#8221;https:\/\/www.imagesante.be\/en\/imagesante-2012\/&#8221; border_width_all=&#8221;1px&#8221; border_color_all=&#8221;#b09458&#8243; global_colors_info=&#8221;{}&#8221;][\/et_pb_blurb][\/et_pb_column][et_pb_column type=&#8221;1_4&#8243; _builder_version=&#8221;4.16&#8243; custom_padding=&#8221;|||&#8221; global_colors_info=&#8221;{}&#8221; custom_padding__hover=&#8221;|||&#8221;][et_pb_blurb title=&#8221;Imag\u00e9sant\u00e9 2010&#8243; url=&#8221;https:\/\/www.imagesante.be\/en\/imagesante-2010\/&#8221; image=&#8221;https:\/\/www.imagesante.be\/wp-content\/uploads\/2019\/10\/imagesante_2018_24-03_web-210.jpg&#8221; admin_label=&#8221;2010&#8243; module_class=&#8221;resume_photo_large&#8221; _builder_version=&#8221;4.16&#8243; header_level=&#8221;h3&#8243; header_font=&#8221;||||||||&#8221; header_text_align=&#8221;center&#8221; link_option_url=&#8221;https:\/\/www.imagesante.be\/en\/imagesante-2010\/&#8221; border_width_all=&#8221;1px&#8221; border_color_all=&#8221;#b09458&#8243; global_colors_info=&#8221;{}&#8221;][\/et_pb_blurb][\/et_pb_column][et_pb_column type=&#8221;1_4&#8243; _builder_version=&#8221;4.16&#8243; custom_padding=&#8221;|||&#8221; global_colors_info=&#8221;{}&#8221; custom_padding__hover=&#8221;|||&#8221;][et_pb_blurb title=&#8221;Imag\u00e9sant\u00e9 2008&#8243; url=&#8221;https:\/\/www.imagesante.be\/en\/imagesante-2008\/&#8221; image=&#8221;https:\/\/www.imagesante.be\/wp-content\/uploads\/2019\/10\/imagesante_operations_direct_17-18-03_web-3.jpg&#8221; admin_label=&#8221;2008&#8243; module_class=&#8221;resume_photo_large&#8221; _builder_version=&#8221;4.16&#8243; header_level=&#8221;h3&#8243; header_font=&#8221;||||||||&#8221; header_text_align=&#8221;center&#8221; link_option_url=&#8221;https:\/\/www.imagesante.be\/en\/imagesante-2008\/&#8221; border_width_all=&#8221;1px&#8221; border_color_all=&#8221;#b09458&#8243; global_colors_info=&#8221;{}&#8221;][\/et_pb_blurb][\/et_pb_column][\/et_pb_row][et_pb_row column_structure=&#8221;1_4,1_4,1_4,1_4&#8243; admin_label=&#8221;row&#8221; _builder_version=&#8221;4.16&#8243; background_size=&#8221;initial&#8221; background_position=&#8221;top_left&#8221; background_repeat=&#8221;repeat&#8221; global_colors_info=&#8221;{}&#8221;][et_pb_column type=&#8221;1_4&#8243; _builder_version=&#8221;4.16&#8243; custom_padding=&#8221;|||&#8221; global_colors_info=&#8221;{}&#8221; custom_padding__hover=&#8221;|||&#8221;][et_pb_blurb title=&#8221;Imag\u00e9sant\u00e9 2006&#8243; url=&#8221;https:\/\/www.imagesante.be\/en\/imagesante-2006\/&#8221; image=&#8221;https:\/\/www.imagesante.be\/wp-content\/uploads\/2019\/10\/IMG_4970.jpg&#8221; admin_label=&#8221;2006&#8243; module_class=&#8221;resume_photo_large&#8221; _builder_version=&#8221;4.16&#8243; header_level=&#8221;h3&#8243; header_font=&#8221;||||||||&#8221; header_text_align=&#8221;center&#8221; link_option_url=&#8221;https:\/\/www.imagesante.be\/en\/imagesante-2006\/&#8221; border_width_all=&#8221;1px&#8221; border_color_all=&#8221;#b09458&#8243; global_colors_info=&#8221;{}&#8221;][\/et_pb_blurb][\/et_pb_column][et_pb_column type=&#8221;1_4&#8243; _builder_version=&#8221;4.16&#8243; custom_padding=&#8221;|||&#8221; global_colors_info=&#8221;{}&#8221; custom_padding__hover=&#8221;|||&#8221;][et_pb_blurb title=&#8221;Imag\u00e9sant\u00e9 2004&#8243; url=&#8221;https:\/\/www.imagesante.be\/en\/imagesante-2004\/&#8221; image=&#8221;https:\/\/www.imagesante.be\/wp-content\/uploads\/2019\/10\/imagesante_2018_soiree22-03_web-28.jpg&#8221; admin_label=&#8221;2004&#8243; module_class=&#8221;resume_photo_large&#8221; _builder_version=&#8221;4.16&#8243; header_level=&#8221;h3&#8243; header_font=&#8221;||||||||&#8221; header_text_align=&#8221;center&#8221; link_option_url=&#8221;https:\/\/www.imagesante.be\/en\/imagesante-2004\/&#8221; border_width_all=&#8221;1px&#8221; border_color_all=&#8221;#b09458&#8243; global_colors_info=&#8221;{}&#8221;][\/et_pb_blurb][\/et_pb_column][et_pb_column type=&#8221;1_4&#8243; _builder_version=&#8221;4.16&#8243; custom_padding=&#8221;|||&#8221; global_colors_info=&#8221;{}&#8221; custom_padding__hover=&#8221;|||&#8221;][et_pb_blurb title=&#8221;Imag\u00e9sant\u00e9 2002&#8243; url=&#8221;https:\/\/www.imagesante.be\/en\/imagesante-2002\/&#8221; image=&#8221;https:\/\/www.imagesante.be\/wp-content\/uploads\/2019\/10\/IMG_2303.jpg&#8221; admin_label=&#8221;2002&#8243; module_class=&#8221;resume_photo_large&#8221; _builder_version=&#8221;4.16&#8243; header_level=&#8221;h3&#8243; header_font=&#8221;||||||||&#8221; header_text_align=&#8221;center&#8221; link_option_url=&#8221;https:\/\/www.imagesante.be\/en\/imagesante-2002\/&#8221; border_width_all=&#8221;1px&#8221; border_color_all=&#8221;#b09458&#8243; global_colors_info=&#8221;{}&#8221;][\/et_pb_blurb][\/et_pb_column][et_pb_column type=&#8221;1_4&#8243; _builder_version=&#8221;4.16&#8243; custom_padding=&#8221;|||&#8221; global_colors_info=&#8221;{}&#8221; custom_padding__hover=&#8221;|||&#8221;][\/et_pb_column][\/et_pb_row][\/et_pb_section]<\/p>\n","protected":false},"excerpt":{"rendered":"<p>Festival Imag\u00e9sant\u00e9 archives<\/p>\n","protected":false},"author":1,"featured_media":0,"parent":0,"menu_order":0,"comment_status":"closed","ping_status":"closed","template":"","meta":{"_acf_changed":false,"_et_pb_use_builder":"on","_et_pb_old_content":"","_et_gb_content_width":"","_lmt_disableupdate":"","_lmt_disable":"","_monsterinsights_skip_tracking":false,"_monsterinsights_sitenote_active":false,"_monsterinsights_sitenote_note":"","_monsterinsights_sitenote_category":0,"footnotes":"","_wp_rev_ctl_limit":""},"class_list":["post-36886","page","type-page","status-publish","hentry"],"acf":[],"yoast_head":"<!-- This site is optimized with the Yoast SEO plugin v25.0 - https:\/\/yoast.com\/wordpress\/plugins\/seo\/ -->\n<title>Archives - Festival Imag\u00e9sant\u00e9<\/title>\n<meta name=\"description\" content=\"Festival Imag\u00e9sant\u00e9 archives\" \/>\n<meta name=\"robots\" content=\"index, follow, max-snippet:-1, max-image-preview:large, max-video-preview:-1\" \/>\n<link rel=\"canonical\" href=\"https:\/\/www.imagesante.be\/en\/archives\/\" \/>\n<meta property=\"og:locale\" content=\"en_US\" \/>\n<meta property=\"og:type\" content=\"article\" \/>\n<meta property=\"og:title\" content=\"Archives - Festival Imag\u00e9sant\u00e9\" \/>\n<meta property=\"og:description\" content=\"Festival Imag\u00e9sant\u00e9 archives\" \/>\n<meta property=\"og:url\" content=\"https:\/\/www.imagesante.be\/en\/archives\/\" \/>\n<meta property=\"og:site_name\" content=\"Festival Imag\u00e9sant\u00e9\" \/>\n<meta property=\"article:modified_time\" content=\"2025-02-04T15:34:08+00:00\" \/>\n<meta name=\"twitter:card\" content=\"summary_large_image\" \/>\n<script type=\"application\/ld+json\" class=\"yoast-schema-graph\">{\"@context\":\"https:\/\/schema.org\",\"@graph\":[{\"@type\":\"WebPage\",\"@id\":\"https:\/\/www.imagesante.be\/en\/archives\/\",\"url\":\"https:\/\/www.imagesante.be\/en\/archives\/\",\"name\":\"Archives - Festival Imag\u00e9sant\u00e9\",\"isPartOf\":{\"@id\":\"https:\/\/www.imagesante.be\/en\/#website\"},\"datePublished\":\"2019-07-11T06:57:42+00:00\",\"dateModified\":\"2025-02-04T15:34:08+00:00\",\"description\":\"Festival Imag\u00e9sant\u00e9 archives\",\"breadcrumb\":{\"@id\":\"https:\/\/www.imagesante.be\/en\/archives\/#breadcrumb\"},\"inLanguage\":\"en-US\",\"potentialAction\":[{\"@type\":\"ReadAction\",\"target\":[\"https:\/\/www.imagesante.be\/en\/archives\/\"]}]},{\"@type\":\"BreadcrumbList\",\"@id\":\"https:\/\/www.imagesante.be\/en\/archives\/#breadcrumb\",\"itemListElement\":[{\"@type\":\"ListItem\",\"position\":1,\"name\":\"Accueil\",\"item\":\"https:\/\/www.imagesante.be\/en\/home\/\"},{\"@type\":\"ListItem\",\"position\":2,\"name\":\"Archives\"}]},{\"@type\":\"WebSite\",\"@id\":\"https:\/\/www.imagesante.be\/en\/#website\",\"url\":\"https:\/\/www.imagesante.be\/en\/\",\"name\":\"Festival Imag\u00e9sant\u00e9\",\"description\":\"\",\"publisher\":{\"@id\":\"https:\/\/www.imagesante.be\/en\/#organization\"},\"potentialAction\":[{\"@type\":\"SearchAction\",\"target\":{\"@type\":\"EntryPoint\",\"urlTemplate\":\"https:\/\/www.imagesante.be\/en\/?s={search_term_string}\"},\"query-input\":{\"@type\":\"PropertyValueSpecification\",\"valueRequired\":true,\"valueName\":\"search_term_string\"}}],\"inLanguage\":\"en-US\"},{\"@type\":\"Organization\",\"@id\":\"https:\/\/www.imagesante.be\/en\/#organization\",\"name\":\"Imag\u00e9Sant\u00e9\",\"url\":\"https:\/\/www.imagesante.be\/en\/\",\"logo\":{\"@type\":\"ImageObject\",\"inLanguage\":\"en-US\",\"@id\":\"https:\/\/www.imagesante.be\/en\/#\/schema\/logo\/image\/\",\"url\":\"https:\/\/www.imagesante.be\/wp-content\/uploads\/2019\/06\/Festival-positif-carre.jpg\",\"contentUrl\":\"https:\/\/www.imagesante.be\/wp-content\/uploads\/2019\/06\/Festival-positif-carre.jpg\",\"width\":498,\"height\":498,\"caption\":\"Imag\u00e9Sant\u00e9\"},\"image\":{\"@id\":\"https:\/\/www.imagesante.be\/en\/#\/schema\/logo\/image\/\"}}]}<\/script>\n<!-- \/ Yoast SEO plugin. -->","yoast_head_json":{"title":"Archives - Festival Imag\u00e9sant\u00e9","description":"Festival Imag\u00e9sant\u00e9 archives","robots":{"index":"index","follow":"follow","max-snippet":"max-snippet:-1","max-image-preview":"max-image-preview:large","max-video-preview":"max-video-preview:-1"},"canonical":"https:\/\/www.imagesante.be\/en\/archives\/","og_locale":"en_US","og_type":"article","og_title":"Archives - Festival Imag\u00e9sant\u00e9","og_description":"Festival Imag\u00e9sant\u00e9 archives","og_url":"https:\/\/www.imagesante.be\/en\/archives\/","og_site_name":"Festival Imag\u00e9sant\u00e9","article_modified_time":"2025-02-04T15:34:08+00:00","twitter_card":"summary_large_image","schema":{"@context":"https:\/\/schema.org","@graph":[{"@type":"WebPage","@id":"https:\/\/www.imagesante.be\/en\/archives\/","url":"https:\/\/www.imagesante.be\/en\/archives\/","name":"Archives - Festival Imag\u00e9sant\u00e9","isPartOf":{"@id":"https:\/\/www.imagesante.be\/en\/#website"},"datePublished":"2019-07-11T06:57:42+00:00","dateModified":"2025-02-04T15:34:08+00:00","description":"Festival Imag\u00e9sant\u00e9 archives","breadcrumb":{"@id":"https:\/\/www.imagesante.be\/en\/archives\/#breadcrumb"},"inLanguage":"en-US","potentialAction":[{"@type":"ReadAction","target":["https:\/\/www.imagesante.be\/en\/archives\/"]}]},{"@type":"BreadcrumbList","@id":"https:\/\/www.imagesante.be\/en\/archives\/#breadcrumb","itemListElement":[{"@type":"ListItem","position":1,"name":"Accueil","item":"https:\/\/www.imagesante.be\/en\/home\/"},{"@type":"ListItem","position":2,"name":"Archives"}]},{"@type":"WebSite","@id":"https:\/\/www.imagesante.be\/en\/#website","url":"https:\/\/www.imagesante.be\/en\/","name":"Festival Imag\u00e9sant\u00e9","description":"","publisher":{"@id":"https:\/\/www.imagesante.be\/en\/#organization"},"potentialAction":[{"@type":"SearchAction","target":{"@type":"EntryPoint","urlTemplate":"https:\/\/www.imagesante.be\/en\/?s={search_term_string}"},"query-input":{"@type":"PropertyValueSpecification","valueRequired":true,"valueName":"search_term_string"}}],"inLanguage":"en-US"},{"@type":"Organization","@id":"https:\/\/www.imagesante.be\/en\/#organization","name":"Imag\u00e9Sant\u00e9","url":"https:\/\/www.imagesante.be\/en\/","logo":{"@type":"ImageObject","inLanguage":"en-US","@id":"https:\/\/www.imagesante.be\/en\/#\/schema\/logo\/image\/","url":"https:\/\/www.imagesante.be\/wp-content\/uploads\/2019\/06\/Festival-positif-carre.jpg","contentUrl":"https:\/\/www.imagesante.be\/wp-content\/uploads\/2019\/06\/Festival-positif-carre.jpg","width":498,"height":498,"caption":"Imag\u00e9Sant\u00e9"},"image":{"@id":"https:\/\/www.imagesante.be\/en\/#\/schema\/logo\/image\/"}}]}},"_links":{"self":[{"href":"https:\/\/www.imagesante.be\/en\/wp-json\/wp\/v2\/pages\/36886","targetHints":{"allow":["GET"]}}],"collection":[{"href":"https:\/\/www.imagesante.be\/en\/wp-json\/wp\/v2\/pages"}],"about":[{"href":"https:\/\/www.imagesante.be\/en\/wp-json\/wp\/v2\/types\/page"}],"author":[{"embeddable":true,"href":"https:\/\/www.imagesante.be\/en\/wp-json\/wp\/v2\/users\/1"}],"replies":[{"embeddable":true,"href":"https:\/\/www.imagesante.be\/en\/wp-json\/wp\/v2\/comments?post=36886"}],"version-history":[{"count":6,"href":"https:\/\/www.imagesante.be\/en\/wp-json\/wp\/v2\/pages\/36886\/revisions"}],"predecessor-version":[{"id":38431,"href":"https:\/\/www.imagesante.be\/en\/wp-json\/wp\/v2\/pages\/36886\/revisions\/38431"}],"wp:attachment":[{"href":"https:\/\/www.imagesante.be\/en\/wp-json\/wp\/v2\/media?parent=36886"}],"curies":[{"name":"wp","href":"https:\/\/api.w.org\/{rel}","templated":true}]}}