{"id":36777,"date":"2019-06-18T15:32:27","date_gmt":"2019-06-18T13:32:27","guid":{"rendered":"http:\/\/www.imagesante.be\/imagesante-a-film-festival\/"},"modified":"2025-03-07T08:20:25","modified_gmt":"2025-03-07T07:20:25","slug":"imagesante-a-film-festival","status":"publish","type":"page","link":"https:\/\/www.imagesante.be\/en\/imagesante-a-film-festival\/","title":{"rendered":"Imag\u00e9sant\u00e9: a film festival"},"content":{"rendered":"<p>[et_pb_section fb_built=&#8221;1&#8243; fullwidth=&#8221;on&#8221; admin_label=&#8221;Section titre normal&#8221; module_class=&#8221;banniere_titre&#8221; _builder_version=&#8221;4.27.4&#8243; _dynamic_attributes=&#8221;background_image&#8221; background_image=&#8221;@ET-DC@eyJkeW5hbWljIjp0cnVlLCJjb250ZW50IjoiY3VzdG9tX21ldGFfYmFubmllcmUiLCJzZXR0aW5ncyI6eyJiZWZvcmUiOiIiLCJhZnRlciI6IiIsImVuYWJsZV9odG1sIjoib2ZmIn19@&#8221; width=&#8221;100%&#8221; max_width=&#8221;100%&#8221; min_height=&#8221;33px&#8221; height=&#8221;587px&#8221; max_height=&#8221;358px&#8221; custom_margin=&#8221;0px||-20px||false|false&#8221; custom_padding=&#8221;270px||0px||false|false&#8221; global_module=&#8221;4454&#8243; saved_tabs=&#8221;all&#8221; locked=&#8221;off&#8221; collapsed=&#8221;off&#8221; global_colors_info=&#8221;{}&#8221;][et_pb_fullwidth_post_title meta=&#8221;off&#8221; featured_image=&#8221;off&#8221; admin_label=&#8221;Titre du poste en pleine largeur&#8221; module_class=&#8221;page_title&#8221; _builder_version=&#8221;4.27.4&#8243; title_font=&#8221;|700||on|||||&#8221; title_text_align=&#8221;center&#8221; title_text_color=&#8221;#ffffff&#8221; title_font_size=&#8221;35px&#8221; title_letter_spacing=&#8221;5px&#8221; background_color=&#8221;#b09458&#8243; max_width=&#8221;100%&#8221; min_height=&#8221;100px&#8221; height=&#8221;100px&#8221; max_height=&#8221;100px&#8221; custom_margin=&#8221;0px||||false|false&#8221; custom_padding=&#8221;5px||0px||false|false&#8221; title_font_size_tablet=&#8221;&#8221; title_font_size_phone=&#8221;31px&#8221; title_font_size_last_edited=&#8221;on|phone&#8221; custom_css_post_title=&#8221;min-height: 4vw;||display: flex;||align-items: center;||justify-content: center;&#8221; locked=&#8221;off&#8221; global_colors_info=&#8221;{}&#8221;][\/et_pb_fullwidth_post_title][\/et_pb_section][et_pb_section fb_built=&#8221;1&#8243; admin_label=&#8221;Le Festival du Film Documentaire&#8221; _builder_version=&#8221;4.16&#8243; global_colors_info=&#8221;{}&#8221;][et_pb_row admin_label=&#8221;row&#8221; _builder_version=&#8221;4.16&#8243; background_size=&#8221;initial&#8221; background_position=&#8221;top_left&#8221; background_repeat=&#8221;repeat&#8221; global_colors_info=&#8221;{}&#8221;][et_pb_column type=&#8221;4_4&#8243; _builder_version=&#8221;4.16&#8243; custom_padding=&#8221;|||&#8221; global_colors_info=&#8221;{}&#8221; custom_padding__hover=&#8221;|||&#8221;][et_pb_text admin_label=&#8221;Texte&#8221; _builder_version=&#8221;4.19.4&#8243; background_size=&#8221;initial&#8221; background_position=&#8221;top_left&#8221; background_repeat=&#8221;repeat&#8221; use_border_color=&#8221;off&#8221; border_color=&#8221;#ffffff&#8221; border_style=&#8221;solid&#8221; global_colors_info=&#8221;{}&#8221;]<\/p>\n<p>It presents 22 documentary films, selected for their quality and commitment, offering festival-goers a crossroads between cinema, science and health. An exciting journey designed to awaken the mind and the eye to issues of health and well-being.<\/p>\n<p>[\/et_pb_text][\/et_pb_column][\/et_pb_row][\/et_pb_section][et_pb_section fb_built=&#8221;1&#8243; _builder_version=&#8221;4.19.4&#8243; _module_preset=&#8221;default&#8221; global_colors_info=&#8221;{}&#8221;][et_pb_row column_structure=&#8221;1_3,1_3,1_3&#8243; _builder_version=&#8221;4.19.4&#8243; _module_preset=&#8221;default&#8221; global_colors_info=&#8221;{}&#8221;][et_pb_column type=&#8221;1_3&#8243; _builder_version=&#8221;4.19.4&#8243; _module_preset=&#8221;default&#8221; global_colors_info=&#8221;{}&#8221;][et_pb_number_counter title=&#8221;documentary films&#8221; number=&#8221;22&#8243; admin_label=&#8221;Compteur + de 22 films documentaires&#8221; _builder_version=&#8221;4.19.4&#8243; _module_preset=&#8221;aae19fd6-0b2a-49d8-bc65-0c5df275e3ec&#8221; global_colors_info=&#8221;{}&#8221;][\/et_pb_number_counter][\/et_pb_column][et_pb_column type=&#8221;1_3&#8243; _builder_version=&#8221;4.19.4&#8243; _module_preset=&#8221;default&#8221; global_colors_info=&#8221;{}&#8221;][et_pb_number_counter title=&#8221;in-person spectators&#8221; number=&#8221;55.000&#8243; admin_label=&#8221;55.000 spectateurs  en pr\u00e9sentiel&#8221; _builder_version=&#8221;4.27.4&#8243; _module_preset=&#8221;aae19fd6-0b2a-49d8-bc65-0c5df275e3ec&#8221; global_colors_info=&#8221;{}&#8221;][\/et_pb_number_counter][\/et_pb_column][et_pb_column type=&#8221;1_3&#8243; _builder_version=&#8221;4.19.4&#8243; _module_preset=&#8221;default&#8221; global_colors_info=&#8221;{}&#8221;][et_pb_number_counter title=&#8221;spectators in streaming&#8221; number=&#8221;120.000&#8243; admin_label=&#8221;120.000 spectateur<br \/>\nen streaming&#8221; _builder_version=&#8221;4.27.4&#8243; _module_preset=&#8221;aae19fd6-0b2a-49d8-bc65-0c5df275e3ec&#8221; global_colors_info=&#8221;{}&#8221;][\/et_pb_number_counter][\/et_pb_column][\/et_pb_row][\/et_pb_section][et_pb_section fb_built=&#8221;1&#8243; _builder_version=&#8221;4.19.4&#8243; _module_preset=&#8221;default&#8221; global_colors_info=&#8221;{}&#8221;][et_pb_row admin_label=&#8221;row&#8221; _builder_version=&#8221;4.16&#8243; background_size=&#8221;initial&#8221; background_position=&#8221;top_left&#8221; background_repeat=&#8221;repeat&#8221; global_colors_info=&#8221;{}&#8221;][et_pb_column type=&#8221;4_4&#8243; _builder_version=&#8221;4.16&#8243; custom_padding=&#8221;|||&#8221; global_colors_info=&#8221;{}&#8221; custom_padding__hover=&#8221;|||&#8221;][et_pb_text admin_label=&#8221;Texte&#8221; _builder_version=&#8221;4.27.4&#8243; background_size=&#8221;initial&#8221; background_position=&#8221;top_left&#8221; background_repeat=&#8221;repeat&#8221; hover_enabled=&#8221;0&#8243; use_border_color=&#8221;off&#8221; border_color=&#8221;#ffffff&#8221; border_style=&#8221;solid&#8221; global_colors_info=&#8221;{}&#8221; sticky_enabled=&#8221;0&#8243;]<\/p>\n<p>&nbsp;<\/p>\n<p>Each screening is an opportunity to meet the film team, health specialists and representatives of associations concerned by the film&#8217;s theme, and to discuss the sensitive issues addressed, including the aging population, mental health-related suffering, overcoming disability, new technologies&#8230;<\/p>\n<p>The festival includes three competitions:<\/p>\n<ul>\n<li>Official Competition<\/li>\n<li>Mountain Climbing Competition: the journey of individuals and communities struggling to reclaim their health.<\/li>\n<li>Lever les Tabous competition: presentation of new therapeutic approaches and other medical advances.<\/li>\n<\/ul>\n<p>In addition to these competitions, we have two cross-disciplinary competitions thanks to the support of our partners:<\/p>\n<ul>\n<li>&#8220;Positive Mental Health&#8221; supported by the Province of Li\u00e8ge<\/li>\n<li>&#8220;Citizen Commitment and Health&#8221; supported by Mutualit\u00e9 chr\u00e9tienne<\/li>\n<li>&#8220;Environment&#8221; supported by the Walloon Region<\/li>\n<\/ul>\n<p>These cross-disciplinary competitions will each reward a film dealing with the theme in question.<\/p>\n<p>Imag\u00e9Sant\u00e9 also includes some 50 live surgical operations, giving visitors the opportunity to see the work of our nursing staff, and to talk to the surgeons in real time.<br \/>These operations are part of the &#8220;Campus&#8221; component of Imag\u00e9sant\u00e9. The aim of the Campus is to offer a wide range of educational workshops and conferences on major contemporary health issues to the 4,000 students who come to the Faculty of Medicine to attend.<\/p>\n<p>Imag\u00e9Sant\u00e9 is also a year-round program, thanks to the Cycle.<br \/>It offers fiction films, systematically punctuated by a discussion linked to the film. The cycle is always an opportunity for rich, intense exchanges.<\/p>\n<p>[\/et_pb_text][\/et_pb_column][\/et_pb_row][\/et_pb_section][et_pb_section fb_built=&#8221;1&#8243; _builder_version=&#8221;4.19.4&#8243; _module_preset=&#8221;default&#8221; global_colors_info=&#8221;{}&#8221;][et_pb_row _builder_version=&#8221;4.19.4&#8243; _module_preset=&#8221;default&#8221; custom_padding=&#8221;15px|||||&#8221; global_colors_info=&#8221;{}&#8221;][et_pb_column type=&#8221;4_4&#8243; _builder_version=&#8221;4.19.4&#8243; _module_preset=&#8221;default&#8221; global_colors_info=&#8221;{}&#8221;][et_pb_text admin_label=&#8221;Le festival ou \u00e7a se passe ?&#8221; _builder_version=&#8221;4.27.4&#8243; _module_preset=&#8221;default&#8221; global_colors_info=&#8221;{}&#8221;]<\/p>\n<h2>Where does the festival take place?<\/h2>\n<p>[\/et_pb_text][\/et_pb_column][\/et_pb_row][et_pb_row column_structure=&#8221;1_3,1_3,1_3&#8243; _builder_version=&#8221;4.19.4&#8243; _module_preset=&#8221;default&#8221; global_colors_info=&#8221;{}&#8221;][et_pb_column type=&#8221;1_3&#8243; _builder_version=&#8221;4.19.4&#8243; _module_preset=&#8221;default&#8221; global_colors_info=&#8221;{}&#8221;][et_pb_image src=&#8221;https:\/\/www.imagesante.be\/wp-content\/uploads\/2022\/12\/58697208_WihcoIF4itoR1ubCGXyrY4BqTL8jcLgQWA-35qsQLLE.jpg&#8221; alt=&#8221;Park&#8221; title_text=&#8221;Park&#8221; _builder_version=&#8221;4.19.4&#8243; _module_preset=&#8221;default&#8221; global_colors_info=&#8221;{}&#8221;][\/et_pb_image][et_pb_text admin_label=&#8221;Festival du film&#8221; _builder_version=&#8221;4.27.4&#8243; _module_preset=&#8221;87101bb2-e144-4977-9ade-710e56bcee08&#8243; global_colors_info=&#8221;{}&#8221;]<\/p>\n<h3>Film Festival<\/h3>\n<p>The films are shown in the Les Grignoux cinemas: Cin\u00e9ma Sauveni\u00e8re, Pl. Xavier Neujean 14 4000 Li\u00e8ge \/ Cin\u00e9ma Churchill, Rue du Mouton Blanc 20 4000 Li\u00e8ge \/ Cin\u00e9ma le Parc, Rue Paul-Joseph Carpay 22 4020 Li\u00e8ge<\/p>\n<p>[\/et_pb_text][\/et_pb_column][et_pb_column type=&#8221;1_3&#8243; _builder_version=&#8221;4.19.4&#8243; _module_preset=&#8221;default&#8221; global_colors_info=&#8221;{}&#8221;][et_pb_image src=&#8221;https:\/\/www.imagesante.be\/wp-content\/uploads\/2022\/12\/georges-truffaut-01.jpg&#8221; alt=&#8221;Mirror City&#8221; title_text=&#8221;Mirror City&#8221; _builder_version=&#8221;4.19.4&#8243; _module_preset=&#8221;default&#8221; global_colors_info=&#8221;{}&#8221;][\/et_pb_image][et_pb_text admin_label=&#8221;Cit\u00e9 miroir&#8221; _builder_version=&#8221;4.19.4&#8243; _module_preset=&#8221;87101bb2-e144-4977-9ade-710e56bcee08&#8243; global_colors_info=&#8221;{}&#8221;]<\/p>\n<h3>Mirror City<\/h3>\n<p>Cit\u00e9 Miroir &#8211; Pl. Xavier Neujean, 22 &#8211; 4000 Li\u00e8ge<\/p>\n<p>[\/et_pb_text][\/et_pb_column][et_pb_column type=&#8221;1_3&#8243; _builder_version=&#8221;4.19.4&#8243; _module_preset=&#8221;default&#8221; global_colors_info=&#8221;{}&#8221;][et_pb_image src=&#8221;https:\/\/www.imagesante.be\/wp-content\/uploads\/2022\/12\/IMG_4970.jpg&#8221; alt=&#8221;Campus&#8221; title_text=&#8221;Campus&#8221; _builder_version=&#8221;4.19.4&#8243; _module_preset=&#8221;default&#8221; global_colors_info=&#8221;{}&#8221;][\/et_pb_image][et_pb_text admin_label=&#8221;Campus&#8221; _builder_version=&#8221;4.19.4&#8243; _module_preset=&#8221;87101bb2-e144-4977-9ade-710e56bcee08&#8243; global_colors_info=&#8221;{}&#8221;]<\/p>\n<h3>Campus<\/h3>\n<p>CHU Li\u00e8ge &#8211; Faculty of Medicine &#8211; Quartier H\u00f4pital &#8211; Avenue Hippocrate 15 &#8211; 4000 Li\u00e8ge<\/p>\n<p>[\/et_pb_text][\/et_pb_column][\/et_pb_row][\/et_pb_section]<\/p>\n","protected":false},"excerpt":{"rendered":"<p>It presents 22 documentary films, selected for their quality and commitment, offering festival-goers a crossroads between cinema, science and health. An exciting journey designed to awaken the mind and the eye to issues of health and well-being.<\/p>\n","protected":false},"author":1,"featured_media":15985,"parent":0,"menu_order":0,"comment_status":"closed","ping_status":"closed","template":"","meta":{"_acf_changed":false,"_et_pb_use_builder":"on","_et_pb_old_content":"","_et_gb_content_width":"","_lmt_disableupdate":"","_lmt_disable":"","_monsterinsights_skip_tracking":false,"_monsterinsights_sitenote_active":false,"_monsterinsights_sitenote_note":"","_monsterinsights_sitenote_category":0,"footnotes":"","_wp_rev_ctl_limit":""},"class_list":["post-36777","page","type-page","status-publish","has-post-thumbnail","hentry"],"acf":[],"yoast_head":"<!-- This site is optimized with the Yoast SEO plugin v25.0 - https:\/\/yoast.com\/wordpress\/plugins\/seo\/ -->\n<title>Imag\u00e9sant\u00e9: a film festival - Festival Imag\u00e9sant\u00e9<\/title>\n<meta name=\"description\" content=\"It presents 22 documentary films, selected for their quality and commitment, offering festival-goers a crossroads between cinema, science and health. An exciting journey designed to awaken the mind and the eye to issues of health and well-being.\" \/>\n<meta name=\"robots\" content=\"index, follow, max-snippet:-1, max-image-preview:large, max-video-preview:-1\" \/>\n<link rel=\"canonical\" href=\"https:\/\/www.imagesante.be\/en\/imagesante-a-film-festival\/\" \/>\n<meta property=\"og:locale\" content=\"en_US\" \/>\n<meta property=\"og:type\" content=\"article\" \/>\n<meta property=\"og:title\" content=\"Imag\u00e9sant\u00e9: a film festival - Festival Imag\u00e9sant\u00e9\" \/>\n<meta property=\"og:description\" content=\"It presents 22 documentary films, selected for their quality and commitment, offering festival-goers a crossroads between cinema, science and health. An exciting journey designed to awaken the mind and the eye to issues of health and well-being.\" \/>\n<meta property=\"og:url\" content=\"https:\/\/www.imagesante.be\/en\/imagesante-a-film-festival\/\" \/>\n<meta property=\"og:site_name\" content=\"Festival Imag\u00e9sant\u00e9\" \/>\n<meta property=\"article:modified_time\" content=\"2025-03-07T07:20:25+00:00\" \/>\n<meta property=\"og:image\" content=\"https:\/\/www.imagesante.be\/wp-content\/uploads\/2019\/06\/Festival-positif-carre.jpg\" \/>\n\t<meta property=\"og:image:width\" content=\"498\" \/>\n\t<meta property=\"og:image:height\" content=\"498\" \/>\n\t<meta property=\"og:image:type\" content=\"image\/jpeg\" \/>\n<meta name=\"twitter:card\" content=\"summary_large_image\" \/>\n<script type=\"application\/ld+json\" class=\"yoast-schema-graph\">{\"@context\":\"https:\/\/schema.org\",\"@graph\":[{\"@type\":\"WebPage\",\"@id\":\"https:\/\/www.imagesante.be\/en\/imagesante-a-film-festival\/\",\"url\":\"https:\/\/www.imagesante.be\/en\/imagesante-a-film-festival\/\",\"name\":\"Imag\u00e9sant\u00e9: a film festival - Festival Imag\u00e9sant\u00e9\",\"isPartOf\":{\"@id\":\"https:\/\/www.imagesante.be\/en\/#website\"},\"primaryImageOfPage\":{\"@id\":\"https:\/\/www.imagesante.be\/en\/imagesante-a-film-festival\/#primaryimage\"},\"image\":{\"@id\":\"https:\/\/www.imagesante.be\/en\/imagesante-a-film-festival\/#primaryimage\"},\"thumbnailUrl\":\"https:\/\/www.imagesante.be\/wp-content\/uploads\/2019\/06\/Festival-positif-carre.jpg\",\"datePublished\":\"2019-06-18T13:32:27+00:00\",\"dateModified\":\"2025-03-07T07:20:25+00:00\",\"description\":\"It presents 22 documentary films, selected for their quality and commitment, offering festival-goers a crossroads between cinema, science and health. An exciting journey designed to awaken the mind and the eye to issues of health and well-being.\",\"breadcrumb\":{\"@id\":\"https:\/\/www.imagesante.be\/en\/imagesante-a-film-festival\/#breadcrumb\"},\"inLanguage\":\"en-US\",\"potentialAction\":[{\"@type\":\"ReadAction\",\"target\":[\"https:\/\/www.imagesante.be\/en\/imagesante-a-film-festival\/\"]}]},{\"@type\":\"ImageObject\",\"inLanguage\":\"en-US\",\"@id\":\"https:\/\/www.imagesante.be\/en\/imagesante-a-film-festival\/#primaryimage\",\"url\":\"https:\/\/www.imagesante.be\/wp-content\/uploads\/2019\/06\/Festival-positif-carre.jpg\",\"contentUrl\":\"https:\/\/www.imagesante.be\/wp-content\/uploads\/2019\/06\/Festival-positif-carre.jpg\",\"width\":498,\"height\":498,\"caption\":\"Imag\u00e9Sant\u00e9 Festival\"},{\"@type\":\"BreadcrumbList\",\"@id\":\"https:\/\/www.imagesante.be\/en\/imagesante-a-film-festival\/#breadcrumb\",\"itemListElement\":[{\"@type\":\"ListItem\",\"position\":1,\"name\":\"Accueil\",\"item\":\"https:\/\/www.imagesante.be\/en\/home\/\"},{\"@type\":\"ListItem\",\"position\":2,\"name\":\"Imag\u00e9sant\u00e9: a film festival\"}]},{\"@type\":\"WebSite\",\"@id\":\"https:\/\/www.imagesante.be\/en\/#website\",\"url\":\"https:\/\/www.imagesante.be\/en\/\",\"name\":\"Festival Imag\u00e9sant\u00e9\",\"description\":\"\",\"publisher\":{\"@id\":\"https:\/\/www.imagesante.be\/en\/#organization\"},\"potentialAction\":[{\"@type\":\"SearchAction\",\"target\":{\"@type\":\"EntryPoint\",\"urlTemplate\":\"https:\/\/www.imagesante.be\/en\/?s={search_term_string}\"},\"query-input\":{\"@type\":\"PropertyValueSpecification\",\"valueRequired\":true,\"valueName\":\"search_term_string\"}}],\"inLanguage\":\"en-US\"},{\"@type\":\"Organization\",\"@id\":\"https:\/\/www.imagesante.be\/en\/#organization\",\"name\":\"Imag\u00e9Sant\u00e9\",\"url\":\"https:\/\/www.imagesante.be\/en\/\",\"logo\":{\"@type\":\"ImageObject\",\"inLanguage\":\"en-US\",\"@id\":\"https:\/\/www.imagesante.be\/en\/#\/schema\/logo\/image\/\",\"url\":\"https:\/\/www.imagesante.be\/wp-content\/uploads\/2019\/06\/Festival-positif-carre.jpg\",\"contentUrl\":\"https:\/\/www.imagesante.be\/wp-content\/uploads\/2019\/06\/Festival-positif-carre.jpg\",\"width\":498,\"height\":498,\"caption\":\"Imag\u00e9Sant\u00e9\"},\"image\":{\"@id\":\"https:\/\/www.imagesante.be\/en\/#\/schema\/logo\/image\/\"}}]}<\/script>\n<!-- \/ Yoast SEO plugin. -->","yoast_head_json":{"title":"Imag\u00e9sant\u00e9: a film festival - Festival Imag\u00e9sant\u00e9","description":"It presents 22 documentary films, selected for their quality and commitment, offering festival-goers a crossroads between cinema, science and health. An exciting journey designed to awaken the mind and the eye to issues of health and well-being.","robots":{"index":"index","follow":"follow","max-snippet":"max-snippet:-1","max-image-preview":"max-image-preview:large","max-video-preview":"max-video-preview:-1"},"canonical":"https:\/\/www.imagesante.be\/en\/imagesante-a-film-festival\/","og_locale":"en_US","og_type":"article","og_title":"Imag\u00e9sant\u00e9: a film festival - Festival Imag\u00e9sant\u00e9","og_description":"It presents 22 documentary films, selected for their quality and commitment, offering festival-goers a crossroads between cinema, science and health. An exciting journey designed to awaken the mind and the eye to issues of health and well-being.","og_url":"https:\/\/www.imagesante.be\/en\/imagesante-a-film-festival\/","og_site_name":"Festival Imag\u00e9sant\u00e9","article_modified_time":"2025-03-07T07:20:25+00:00","og_image":[{"width":498,"height":498,"url":"https:\/\/www.imagesante.be\/wp-content\/uploads\/2019\/06\/Festival-positif-carre.jpg","type":"image\/jpeg"}],"twitter_card":"summary_large_image","schema":{"@context":"https:\/\/schema.org","@graph":[{"@type":"WebPage","@id":"https:\/\/www.imagesante.be\/en\/imagesante-a-film-festival\/","url":"https:\/\/www.imagesante.be\/en\/imagesante-a-film-festival\/","name":"Imag\u00e9sant\u00e9: a film festival - Festival Imag\u00e9sant\u00e9","isPartOf":{"@id":"https:\/\/www.imagesante.be\/en\/#website"},"primaryImageOfPage":{"@id":"https:\/\/www.imagesante.be\/en\/imagesante-a-film-festival\/#primaryimage"},"image":{"@id":"https:\/\/www.imagesante.be\/en\/imagesante-a-film-festival\/#primaryimage"},"thumbnailUrl":"https:\/\/www.imagesante.be\/wp-content\/uploads\/2019\/06\/Festival-positif-carre.jpg","datePublished":"2019-06-18T13:32:27+00:00","dateModified":"2025-03-07T07:20:25+00:00","description":"It presents 22 documentary films, selected for their quality and commitment, offering festival-goers a crossroads between cinema, science and health. An exciting journey designed to awaken the mind and the eye to issues of health and well-being.","breadcrumb":{"@id":"https:\/\/www.imagesante.be\/en\/imagesante-a-film-festival\/#breadcrumb"},"inLanguage":"en-US","potentialAction":[{"@type":"ReadAction","target":["https:\/\/www.imagesante.be\/en\/imagesante-a-film-festival\/"]}]},{"@type":"ImageObject","inLanguage":"en-US","@id":"https:\/\/www.imagesante.be\/en\/imagesante-a-film-festival\/#primaryimage","url":"https:\/\/www.imagesante.be\/wp-content\/uploads\/2019\/06\/Festival-positif-carre.jpg","contentUrl":"https:\/\/www.imagesante.be\/wp-content\/uploads\/2019\/06\/Festival-positif-carre.jpg","width":498,"height":498,"caption":"Imag\u00e9Sant\u00e9 Festival"},{"@type":"BreadcrumbList","@id":"https:\/\/www.imagesante.be\/en\/imagesante-a-film-festival\/#breadcrumb","itemListElement":[{"@type":"ListItem","position":1,"name":"Accueil","item":"https:\/\/www.imagesante.be\/en\/home\/"},{"@type":"ListItem","position":2,"name":"Imag\u00e9sant\u00e9: a film festival"}]},{"@type":"WebSite","@id":"https:\/\/www.imagesante.be\/en\/#website","url":"https:\/\/www.imagesante.be\/en\/","name":"Festival Imag\u00e9sant\u00e9","description":"","publisher":{"@id":"https:\/\/www.imagesante.be\/en\/#organization"},"potentialAction":[{"@type":"SearchAction","target":{"@type":"EntryPoint","urlTemplate":"https:\/\/www.imagesante.be\/en\/?s={search_term_string}"},"query-input":{"@type":"PropertyValueSpecification","valueRequired":true,"valueName":"search_term_string"}}],"inLanguage":"en-US"},{"@type":"Organization","@id":"https:\/\/www.imagesante.be\/en\/#organization","name":"Imag\u00e9Sant\u00e9","url":"https:\/\/www.imagesante.be\/en\/","logo":{"@type":"ImageObject","inLanguage":"en-US","@id":"https:\/\/www.imagesante.be\/en\/#\/schema\/logo\/image\/","url":"https:\/\/www.imagesante.be\/wp-content\/uploads\/2019\/06\/Festival-positif-carre.jpg","contentUrl":"https:\/\/www.imagesante.be\/wp-content\/uploads\/2019\/06\/Festival-positif-carre.jpg","width":498,"height":498,"caption":"Imag\u00e9Sant\u00e9"},"image":{"@id":"https:\/\/www.imagesante.be\/en\/#\/schema\/logo\/image\/"}}]}},"_links":{"self":[{"href":"https:\/\/www.imagesante.be\/en\/wp-json\/wp\/v2\/pages\/36777","targetHints":{"allow":["GET"]}}],"collection":[{"href":"https:\/\/www.imagesante.be\/en\/wp-json\/wp\/v2\/pages"}],"about":[{"href":"https:\/\/www.imagesante.be\/en\/wp-json\/wp\/v2\/types\/page"}],"author":[{"embeddable":true,"href":"https:\/\/www.imagesante.be\/en\/wp-json\/wp\/v2\/users\/1"}],"replies":[{"embeddable":true,"href":"https:\/\/www.imagesante.be\/en\/wp-json\/wp\/v2\/comments?post=36777"}],"version-history":[{"count":15,"href":"https:\/\/www.imagesante.be\/en\/wp-json\/wp\/v2\/pages\/36777\/revisions"}],"predecessor-version":[{"id":39697,"href":"https:\/\/www.imagesante.be\/en\/wp-json\/wp\/v2\/pages\/36777\/revisions\/39697"}],"wp:featuredmedia":[{"embeddable":true,"href":"https:\/\/www.imagesante.be\/en\/wp-json\/wp\/v2\/media\/15985"}],"wp:attachment":[{"href":"https:\/\/www.imagesante.be\/en\/wp-json\/wp\/v2\/media?parent=36777"}],"curies":[{"name":"wp","href":"https:\/\/api.w.org\/{rel}","templated":true}]}}