{"id":36356,"date":"2019-07-16T16:56:48","date_gmt":"2019-07-16T14:56:48","guid":{"rendered":"http:\/\/www.imagesante.be\/frederic-chaudier\/"},"modified":"2024-06-06T12:34:51","modified_gmt":"2024-06-06T10:34:51","slug":"frederic-chaudier","status":"publish","type":"page","link":"https:\/\/www.imagesante.be\/en\/frederic-chaudier\/","title":{"rendered":"Fr\u00e9d\u00e9ric CHAUDIER"},"content":{"rendered":"<p>[et_pb_section fb_built=&#8221;1&#8243; admin_label=&#8221;section&#8221; _builder_version=&#8221;3.22.4&#8243; parallax=&#8221;on&#8221; custom_margin=&#8221;0px||0px&#8221; custom_padding=&#8221;30px||30px|&#8221; global_module=&#8221;17349&#8243; saved_tabs=&#8221;all&#8221;][et_pb_row custom_padding=&#8221;0px||10px|&#8221; custom_margin=&#8221;0px||0px&#8221; column_padding_mobile=&#8221;on&#8221; admin_label=&#8221;row&#8221; _builder_version=&#8221;3.25&#8243; background_size=&#8221;initial&#8221; background_position=&#8221;top_left&#8221; background_repeat=&#8221;repeat&#8221;][et_pb_column type=&#8221;4_4&#8243; _builder_version=&#8221;3.25&#8243; custom_padding=&#8221;|||&#8221; custom_padding__hover=&#8221;|||&#8221;][et_pb_post_title meta=&#8221;off&#8221; featured_image=&#8221;off&#8221; _builder_version=&#8221;3.24.1&#8243; title_font=&#8221;||||||||&#8221; title_text_align=&#8221;center&#8221; title_font_size=&#8221;35px&#8221; background_color=&#8221;rgba(255,255,255,0)&#8221; custom_margin=&#8221;0px||0px|&#8221; custom_padding=&#8221;0px||0px|&#8221; z_index_tablet=&#8221;500&#8243; title_font_size_last_edited=&#8221;off|desktop&#8221;][\/et_pb_post_title][\/et_pb_column][\/et_pb_row][\/et_pb_section][et_pb_section fb_built=&#8221;1&#8243; custom_padding_last_edited=&#8221;on|desktop&#8221; admin_label=&#8221;section&#8221; _builder_version=&#8221;3.22.3&#8243; custom_padding=&#8221;10px|||&#8221; custom_padding_tablet=&#8221;50px|0|50px|0&#8243; transparent_background=&#8221;off&#8221; padding_mobile=&#8221;off&#8221;][et_pb_row column_structure=&#8221;2_5,3_5&#8243; admin_label=&#8221;row&#8221; _builder_version=&#8221;3.25&#8243; background_size=&#8221;initial&#8221; background_position=&#8221;top_left&#8221; background_repeat=&#8221;repeat&#8221;][et_pb_column type=&#8221;2_5&#8243; _builder_version=&#8221;3.25&#8243; custom_padding=&#8221;|||&#8221; custom_padding__hover=&#8221;|||&#8221;][et_pb_image _builder_version=&#8221;3.26&#8243; src=&#8221;@ET-DC@eyJkeW5hbWljIjp0cnVlLCJjb250ZW50IjoicG9zdF9mZWF0dXJlZF9pbWFnZSIsInNldHRpbmdzIjp7fX0=@&#8221; _dynamic_attributes=&#8221;src,alt,title_text&#8221; alt=&#8221;@ET-DC@eyJkeW5hbWljIjp0cnVlLCJjb250ZW50IjoicG9zdF90aXRsZSIsInNldHRpbmdzIjp7ImJlZm9yZSI6IiIsImFmdGVyIjoiIn19@&#8221; title_text=&#8221;@ET-DC@eyJkeW5hbWljIjp0cnVlLCJjb250ZW50IjoicG9zdF90aXRsZSIsInNldHRpbmdzIjp7ImJlZm9yZSI6IiIsImFmdGVyIjoiIn19@&#8221;][\/et_pb_image][\/et_pb_column][et_pb_column type=&#8221;3_5&#8243; _builder_version=&#8221;3.25&#8243; custom_padding=&#8221;|||&#8221; custom_padding__hover=&#8221;|||&#8221;][et_pb_text _builder_version=&#8221;3.26&#8243; module_alignment=&#8221;left&#8221; z_index_tablet=&#8221;500&#8243;]<\/p>\n<p>Director &#8211; Paris<\/p>\n<p>After studying cinematography at the University of Paris III, Fr\u00e9d\u00e9ric CHAUDIER worked as an assistant and then as a director on advertising films, as well as making-of, music videos and art videos.<\/p>\n<p>Director of the documentary film &#8220;Les yeux ouverts&#8221;, in 2011-2013, he wrote the feature film &#8220;La Valse des El\u00e9phants&#8221; and &#8220;L&#8217;Espoir d&#8217;une \u00cele&#8221; for Gaumont. With Flair Productions, he produces and directs a series of 52-minute documentaries devoted to the careers of the great names of French cinema. He is currently finishing shooting a feature-length documentary, a portrait of theater director Stanislas NORDEY, entitled &#8220;Nordey, la pens\u00e9e en mouvement&#8221; (&#8220;Nordey, thought in motion&#8221;), and is currently preparing a documentary on AIDS, to be released in cinema, entitled &#8220;R\u00e9volution Sida&#8221; (&#8220;Aids Revolution&#8221;).<\/p>\n<p>[\/et_pb_text][\/et_pb_column][\/et_pb_row][\/et_pb_section]<\/p>\n","protected":false},"excerpt":{"rendered":"<p>Fr\u00e9d\u00e9ric CHAUDIER<\/p>\n","protected":false},"author":1,"featured_media":0,"parent":0,"menu_order":0,"comment_status":"closed","ping_status":"closed","template":"","meta":{"_acf_changed":false,"_et_pb_use_builder":"on","_et_pb_old_content":"","_et_gb_content_width":"","_lmt_disableupdate":"","_lmt_disable":"","_monsterinsights_skip_tracking":false,"_monsterinsights_sitenote_active":false,"_monsterinsights_sitenote_note":"","_monsterinsights_sitenote_category":0,"footnotes":"","_wp_rev_ctl_limit":""},"class_list":["post-36356","page","type-page","status-publish","hentry"],"acf":[],"yoast_head":"<!-- This site is optimized with the Yoast SEO plugin v25.0 - https:\/\/yoast.com\/wordpress\/plugins\/seo\/ -->\n<title>Fr\u00e9d\u00e9ric CHAUDIER - Festival Imag\u00e9sant\u00e9<\/title>\n<meta name=\"description\" content=\"Fr\u00e9d\u00e9ric CHAUDIER\" \/>\n<meta name=\"robots\" content=\"index, follow, max-snippet:-1, max-image-preview:large, max-video-preview:-1\" \/>\n<link rel=\"canonical\" href=\"https:\/\/www.imagesante.be\/en\/frederic-chaudier\/\" \/>\n<meta property=\"og:locale\" content=\"en_US\" \/>\n<meta property=\"og:type\" content=\"article\" \/>\n<meta property=\"og:title\" content=\"Fr\u00e9d\u00e9ric CHAUDIER - Festival Imag\u00e9sant\u00e9\" \/>\n<meta property=\"og:description\" content=\"Fr\u00e9d\u00e9ric CHAUDIER\" \/>\n<meta property=\"og:url\" content=\"https:\/\/www.imagesante.be\/en\/frederic-chaudier\/\" \/>\n<meta property=\"og:site_name\" content=\"Festival Imag\u00e9sant\u00e9\" \/>\n<meta property=\"article:modified_time\" content=\"2024-06-06T10:34:51+00:00\" \/>\n<meta name=\"twitter:card\" content=\"summary_large_image\" \/>\n<script type=\"application\/ld+json\" class=\"yoast-schema-graph\">{\"@context\":\"https:\/\/schema.org\",\"@graph\":[{\"@type\":\"WebPage\",\"@id\":\"https:\/\/www.imagesante.be\/en\/frederic-chaudier\/\",\"url\":\"https:\/\/www.imagesante.be\/en\/frederic-chaudier\/\",\"name\":\"Fr\u00e9d\u00e9ric CHAUDIER - Festival Imag\u00e9sant\u00e9\",\"isPartOf\":{\"@id\":\"https:\/\/www.imagesante.be\/en\/#website\"},\"datePublished\":\"2019-07-16T14:56:48+00:00\",\"dateModified\":\"2024-06-06T10:34:51+00:00\",\"description\":\"Fr\u00e9d\u00e9ric CHAUDIER\",\"breadcrumb\":{\"@id\":\"https:\/\/www.imagesante.be\/en\/frederic-chaudier\/#breadcrumb\"},\"inLanguage\":\"en-US\",\"potentialAction\":[{\"@type\":\"ReadAction\",\"target\":[\"https:\/\/www.imagesante.be\/en\/frederic-chaudier\/\"]}]},{\"@type\":\"BreadcrumbList\",\"@id\":\"https:\/\/www.imagesante.be\/en\/frederic-chaudier\/#breadcrumb\",\"itemListElement\":[{\"@type\":\"ListItem\",\"position\":1,\"name\":\"Accueil\",\"item\":\"https:\/\/www.imagesante.be\/en\/home\/\"},{\"@type\":\"ListItem\",\"position\":2,\"name\":\"Fr\u00e9d\u00e9ric CHAUDIER\"}]},{\"@type\":\"WebSite\",\"@id\":\"https:\/\/www.imagesante.be\/en\/#website\",\"url\":\"https:\/\/www.imagesante.be\/en\/\",\"name\":\"Festival Imag\u00e9sant\u00e9\",\"description\":\"\",\"publisher\":{\"@id\":\"https:\/\/www.imagesante.be\/en\/#organization\"},\"potentialAction\":[{\"@type\":\"SearchAction\",\"target\":{\"@type\":\"EntryPoint\",\"urlTemplate\":\"https:\/\/www.imagesante.be\/en\/?s={search_term_string}\"},\"query-input\":{\"@type\":\"PropertyValueSpecification\",\"valueRequired\":true,\"valueName\":\"search_term_string\"}}],\"inLanguage\":\"en-US\"},{\"@type\":\"Organization\",\"@id\":\"https:\/\/www.imagesante.be\/en\/#organization\",\"name\":\"Imag\u00e9Sant\u00e9\",\"url\":\"https:\/\/www.imagesante.be\/en\/\",\"logo\":{\"@type\":\"ImageObject\",\"inLanguage\":\"en-US\",\"@id\":\"https:\/\/www.imagesante.be\/en\/#\/schema\/logo\/image\/\",\"url\":\"https:\/\/www.imagesante.be\/wp-content\/uploads\/2019\/06\/Festival-positif-carre.jpg\",\"contentUrl\":\"https:\/\/www.imagesante.be\/wp-content\/uploads\/2019\/06\/Festival-positif-carre.jpg\",\"width\":498,\"height\":498,\"caption\":\"Imag\u00e9Sant\u00e9\"},\"image\":{\"@id\":\"https:\/\/www.imagesante.be\/en\/#\/schema\/logo\/image\/\"}}]}<\/script>\n<!-- \/ Yoast SEO plugin. -->","yoast_head_json":{"title":"Fr\u00e9d\u00e9ric CHAUDIER - Festival Imag\u00e9sant\u00e9","description":"Fr\u00e9d\u00e9ric CHAUDIER","robots":{"index":"index","follow":"follow","max-snippet":"max-snippet:-1","max-image-preview":"max-image-preview:large","max-video-preview":"max-video-preview:-1"},"canonical":"https:\/\/www.imagesante.be\/en\/frederic-chaudier\/","og_locale":"en_US","og_type":"article","og_title":"Fr\u00e9d\u00e9ric CHAUDIER - Festival Imag\u00e9sant\u00e9","og_description":"Fr\u00e9d\u00e9ric CHAUDIER","og_url":"https:\/\/www.imagesante.be\/en\/frederic-chaudier\/","og_site_name":"Festival Imag\u00e9sant\u00e9","article_modified_time":"2024-06-06T10:34:51+00:00","twitter_card":"summary_large_image","schema":{"@context":"https:\/\/schema.org","@graph":[{"@type":"WebPage","@id":"https:\/\/www.imagesante.be\/en\/frederic-chaudier\/","url":"https:\/\/www.imagesante.be\/en\/frederic-chaudier\/","name":"Fr\u00e9d\u00e9ric CHAUDIER - Festival Imag\u00e9sant\u00e9","isPartOf":{"@id":"https:\/\/www.imagesante.be\/en\/#website"},"datePublished":"2019-07-16T14:56:48+00:00","dateModified":"2024-06-06T10:34:51+00:00","description":"Fr\u00e9d\u00e9ric CHAUDIER","breadcrumb":{"@id":"https:\/\/www.imagesante.be\/en\/frederic-chaudier\/#breadcrumb"},"inLanguage":"en-US","potentialAction":[{"@type":"ReadAction","target":["https:\/\/www.imagesante.be\/en\/frederic-chaudier\/"]}]},{"@type":"BreadcrumbList","@id":"https:\/\/www.imagesante.be\/en\/frederic-chaudier\/#breadcrumb","itemListElement":[{"@type":"ListItem","position":1,"name":"Accueil","item":"https:\/\/www.imagesante.be\/en\/home\/"},{"@type":"ListItem","position":2,"name":"Fr\u00e9d\u00e9ric CHAUDIER"}]},{"@type":"WebSite","@id":"https:\/\/www.imagesante.be\/en\/#website","url":"https:\/\/www.imagesante.be\/en\/","name":"Festival Imag\u00e9sant\u00e9","description":"","publisher":{"@id":"https:\/\/www.imagesante.be\/en\/#organization"},"potentialAction":[{"@type":"SearchAction","target":{"@type":"EntryPoint","urlTemplate":"https:\/\/www.imagesante.be\/en\/?s={search_term_string}"},"query-input":{"@type":"PropertyValueSpecification","valueRequired":true,"valueName":"search_term_string"}}],"inLanguage":"en-US"},{"@type":"Organization","@id":"https:\/\/www.imagesante.be\/en\/#organization","name":"Imag\u00e9Sant\u00e9","url":"https:\/\/www.imagesante.be\/en\/","logo":{"@type":"ImageObject","inLanguage":"en-US","@id":"https:\/\/www.imagesante.be\/en\/#\/schema\/logo\/image\/","url":"https:\/\/www.imagesante.be\/wp-content\/uploads\/2019\/06\/Festival-positif-carre.jpg","contentUrl":"https:\/\/www.imagesante.be\/wp-content\/uploads\/2019\/06\/Festival-positif-carre.jpg","width":498,"height":498,"caption":"Imag\u00e9Sant\u00e9"},"image":{"@id":"https:\/\/www.imagesante.be\/en\/#\/schema\/logo\/image\/"}}]}},"_links":{"self":[{"href":"https:\/\/www.imagesante.be\/en\/wp-json\/wp\/v2\/pages\/36356","targetHints":{"allow":["GET"]}}],"collection":[{"href":"https:\/\/www.imagesante.be\/en\/wp-json\/wp\/v2\/pages"}],"about":[{"href":"https:\/\/www.imagesante.be\/en\/wp-json\/wp\/v2\/types\/page"}],"author":[{"embeddable":true,"href":"https:\/\/www.imagesante.be\/en\/wp-json\/wp\/v2\/users\/1"}],"replies":[{"embeddable":true,"href":"https:\/\/www.imagesante.be\/en\/wp-json\/wp\/v2\/comments?post=36356"}],"version-history":[{"count":0,"href":"https:\/\/www.imagesante.be\/en\/wp-json\/wp\/v2\/pages\/36356\/revisions"}],"wp:attachment":[{"href":"https:\/\/www.imagesante.be\/en\/wp-json\/wp\/v2\/media?parent=36356"}],"curies":[{"name":"wp","href":"https:\/\/api.w.org\/{rel}","templated":true}]}}