{"id":36300,"date":"2019-07-16T10:49:03","date_gmt":"2019-07-16T08:49:03","guid":{"rendered":"http:\/\/www.imagesante.be\/imagesante-2006\/"},"modified":"2024-06-06T12:34:41","modified_gmt":"2024-06-06T10:34:41","slug":"imagesante-2006","status":"publish","type":"page","link":"https:\/\/www.imagesante.be\/en\/imagesante-2006\/","title":{"rendered":"Imag\u00e9sant\u00e9 2006"},"content":{"rendered":"<p>[et_pb_section fb_built=&#8221;1&#8243; fullwidth=&#8221;on&#8221; module_class=&#8221;banniere_titre&#8221; _builder_version=&#8221;3.29.3&#8243; _dynamic_attributes=&#8221;background_image&#8221; background_image=&#8221;@ET-DC@eyJkeW5hbWljIjp0cnVlLCJjb250ZW50IjoiY3VzdG9tX21ldGFfYmFubmllcmUiLCJzZXR0aW5ncyI6eyJiZWZvcmUiOiIiLCJhZnRlciI6IiIsImVuYWJsZV9odG1sIjoib2ZmIn19@&#8221; height=&#8221;350px&#8221; custom_padding=&#8221;||0px||false|false&#8221; global_module=&#8221;4454&#8243; saved_tabs=&#8221;all&#8221; locked=&#8221;on&#8221; fb_built=&#8221;1&#8243; _i=&#8221;0&#8243; _address=&#8221;0&#8243;][et_pb_fullwidth_header text_orientation=&#8221;center&#8221; button_one_text=&#8221;@ET-DC@eyJkeW5hbWljIjp0cnVlLCJjb250ZW50IjoiY3VzdG9tX21ldGFfcGFnZV9wYXJlbnRlIiwic2V0dGluZ3MiOnsiYmVmb3JlIjoiIiwiYWZ0ZXIiOiIiLCJlbmFibGVfaHRtbCI6Im9mZiJ9fQ==@&#8221; button_one_url=&#8221;@ET-DC@eyJkeW5hbWljIjp0cnVlLCJjb250ZW50IjoiY3VzdG9tX21ldGFfdXJsX3BhZ2VfcGFyZW50ZSIsInNldHRpbmdzIjp7ImJlZm9yZSI6IiIsImFmdGVyIjoiIiwiZW5hYmxlX2h0bWwiOiJvZmYifX0=@&#8221; disabled_on=&#8221;off|off|off&#8221; admin_label=&#8221;Titre + Image&#8221; _builder_version=&#8221;3.29.3&#8243; _dynamic_attributes=&#8221;button_one_text,button_one_url&#8221; title_font=&#8221;BebasNeueRegular||||||||&#8221; title_text_align=&#8221;center&#8221; title_font_size=&#8221;70px&#8221; title_letter_spacing=&#8221;2px&#8221; content_font=&#8221;||||||||&#8221; content_text_align=&#8221;center&#8221; subhead_font=&#8221;||||||||&#8221; subhead_text_align=&#8221;center&#8221; subhead_text_color=&#8221;#ffffff&#8221; background_color=&#8221;rgba(176,148,88,0.42)&#8221; custom_button_one=&#8221;on&#8221; button_one_text_size=&#8221;15px&#8221; button_one_text_color=&#8221;#ffffff&#8221; button_one_bg_color=&#8221;#b09458&#8243; button_one_border_width=&#8221;0px&#8221; button_one_font=&#8221;||||||||&#8221; button_one_icon=&#8221;%%41%%&#8221; button_one_icon_color=&#8221;#ffffff&#8221; button_one_custom_margin=&#8221;160px||||false|false&#8221; button_one_custom_padding=&#8221;|50px||50px|false|false&#8221; height=&#8221;295px&#8221; title_font_size_last_edited=&#8221;on|desktop&#8221; locked=&#8221;off&#8221; button_one_bg_color__hover_enabled=&#8221;on&#8221; button_one_bg_color__hover=&#8221;#ffffff&#8221; button_one_bg_enable_color__hover=&#8221;on&#8221; button_one_text_color__hover_enabled=&#8221;on&#8221; button_one_text_color__hover=&#8221;#b09458&#8243; button_one_icon_color__hover_enabled=&#8221;on&#8221; button_one_icon_color__hover=&#8221;#b09458&#8243; _i=&#8221;0&#8243; _address=&#8221;0.0&#8243;][\/et_pb_fullwidth_header][et_pb_fullwidth_post_title meta=&#8221;off&#8221; featured_image=&#8221;off&#8221; admin_label=&#8221;Titre du poste en pleine largeur&#8221; _builder_version=&#8221;3.29.3&#8243; title_font=&#8221;Bebas|||on|||||&#8221; title_text_align=&#8221;center&#8221; title_text_color=&#8221;#ffffff&#8221; title_font_size=&#8221;35px&#8221; title_letter_spacing=&#8221;5px&#8221; background_color=&#8221;#b09458&#8243; height=&#8221;55px&#8221; max_height=&#8221;55px&#8221; custom_margin=&#8221;0px||95px||false|false&#8221; custom_padding=&#8221;10px||0px||false|false&#8221; title_font_size_phone=&#8221;31px&#8221; title_font_size_last_edited=&#8221;on|desktop&#8221; locked=&#8221;off&#8221; _i=&#8221;1&#8243; _address=&#8221;0.1&#8243; column_structure=&#8221;4_4&#8243;][\/et_pb_fullwidth_post_title][\/et_pb_section][et_pb_section fb_built=&#8221;1&#8243; admin_label=&#8221;Section&#8221; _builder_version=&#8221;3.22.3&#8243; fb_built=&#8221;1&#8243; _i=&#8221;1&#8243; _address=&#8221;1&#8243;][et_pb_row admin_label=&#8221;row&#8221; _builder_version=&#8221;3.25&#8243; background_size=&#8221;initial&#8221; background_position=&#8221;top_left&#8221; background_repeat=&#8221;repeat&#8221; _i=&#8221;0&#8243; _address=&#8221;1.0&#8243;][et_pb_column type=&#8221;4_4&#8243; _builder_version=&#8221;3.25&#8243; custom_padding=&#8221;|||&#8221; custom_padding__hover=&#8221;|||&#8221; _i=&#8221;0&#8243; _address=&#8221;1.0.0&#8243;][et_pb_text admin_label=&#8221;Texte&#8221; _builder_version=&#8221;3.29.3&#8243; background_size=&#8221;initial&#8221; background_position=&#8221;top_left&#8221; background_repeat=&#8221;repeat&#8221; use_border_color=&#8221;off&#8221; border_color=&#8221;#ffffff&#8221; border_style=&#8221;solid&#8221; _i=&#8221;0&#8243; _address=&#8221;1.0.0.0&#8243;]<\/p>\n<h2>FIRST PRIZE &#8211; Mutualit\u00e9s<\/h2>\n<p>Given by Mr. Edouard DENOEL<\/p>\n<p>Prix LA PREMIERE<br \/>Author: Marc COTE<br \/>Director: Marc COTE<br \/>Producer: Wyeth<br \/>Origin : Canada<\/p>\n<h2>SPECIAL MENTION &#8211; Mutuality<\/h2>\n<p>Given to LE SOUFFLE DU DESERT<br \/>Directed by: Fran\u00e7ois KOHLER<br \/>Producer: Heinz DILL &#8211; Xavier GRIN (XL Production) &#8211; Yves BISAILLON (NFB)<br \/>Origin: Switzerland &#8211; Canada<\/p>\n<h2>FIRST PRIZE &#8211; Environment<\/h2>\n<p>Awarded to LES ENVAHISSEURS INVISIBLES &#8211; BACTERILAND<br \/>Author: Thierry BERROD<br \/>Director: Thierry BERROD<br \/>Producers: France 5 &#8211; Mona Lisa Production &#8211; National Geographic Channels &#8211; IRD<br \/>Origin: France<\/p>\n<h2>SECOND PRIZE &#8211; Environment<\/h2>\n<p>Delivered to ALERTE CANICULE<br \/>Author: Jean-Fran\u00e7ois HASSOUN<br \/>Director: Jean-Fran\u00e7ois HASSOUN<br \/>Producers: Gedeon Programmes &#8211; France 2<br \/>Origin: France<\/p>\n<h2>MENTION &#8211; Environment<\/h2>\n<p>Discounted to TOXIC NOISE<br \/>Author: Beno\u00eet BATTEUR<br \/>Director: Harold CARRASCAL<br \/>Origin: France<\/p>\n<h2>MENTION &#8211; Environment<\/h2>\n<p>Awarded to LES ENVAHISSEURS INVISIBLES &#8211; DANGER VIRUS<br \/>Authors: Thierry BERROD &#8211; Quincy RUSSEL &#8211; Pierre Fran\u00e7ois GAUDRY<br \/>Directors: Thierry BERROD &#8211; Quincy RUSSEL &#8211; Pierre Fran\u00e7ois GAUDRY<br \/>Producers: France 5 &#8211; Mona Lisa Production &#8211; National Geographic Channels &#8211; CNRS Image<br \/>Origin: France<\/p>\n<h2>FIRST PRIZE &#8211; &#8220;Disability<\/h2>\n<p>Presented to LE BONHEUR D&#8217;ALEXANDRE<br \/>Author : Jo\u00ebl CALMETTES<br \/>Director: Jo\u00ebl CALMETTES<br \/>Producer: Jo\u00ebl CALMETTES<br \/>Origin: France<\/p>\n<h2>MENTION &#8211; &#8220;Disability<\/h2>\n<p>Presented to MAX, ENTRE CIEL ET TERRE<br \/>Authors: Jean-Luc SLOCK and 35 children<br \/>Directors: Jean-Luc SLOCK and 35 children<br \/>Producer: V\u00e9ronique MICHEL<br \/>Origin : Belgium<\/p>\n<h2>MENTION &#8211; &#8220;Disability<\/h2>\n<p>Submitted to L&#8217;ECHANGE DES REGARDS<br \/>Author: St\u00e9phane CAZES<br \/>Director: St\u00e9phane CAZES<br \/>Producer: St\u00e9phane CAZES<br \/>Origin: France<\/p>\n<h2>MENTION &#8211; &#8220;Disability<\/h2>\n<p>Given to ENDOMMAGE&#8230; SOCKET 2<br \/>Authors: Jonathan FINKELSTEIN &amp; Paul NADLER<br \/>Director: Paul NADLER<br \/>Producer: Jonathan FINKELSTEIN<br \/>Origin : Canada<\/p>\n<h2>SPECIAL AWARD FROM WAMHF (WORLD ASSOCIATION FOR MEDICAL &amp; HEALTH FILMS)<\/h2>\n<p>Presented by Irma DE CEBALLOS &#8211; Director of the &#8220;Videomed Cordoba Festival&#8221; &#8211; Argentina<\/p>\n<p>Awarded to THE STOMACH &#8211; THE ELABORATE MECHANISM OF DIGESTION<br \/>Author: Tomoko KAWAMURA<br \/>Directors: Junichiro TAKEDA &amp; Hiroshi NISHI &amp; ICAM Co<br \/>Origin: Japan<\/p>\n<h2>FIRST PRIZE &#8211; &#8220;Focus Ado<\/h2>\n<p>Discounted to DU BAISER AU BEBE, L&#8217;AVENTURE INTERIEURE<br \/>Author: Thierry BERROD &#8211; Quincy RUSSEL &#8211; Pierre Fran\u00e7ois GAUDRY<br \/>Director: Thierry BERROD &#8211; Quincy RUSSEL<br \/>Producer: Mona Lisa Production &#8211; France 5 &#8211; Discovery International<br \/>Origin: France &#8211; Japan<\/p>\n<h2>MENTION &#8211; &#8220;Focus Ado<\/h2>\n<p>Delivered to THE GREAT HOURS OF MEDICINE<br \/>Authors: Uwe KERSKEN &#8211; Christian FEYERABEND &#8211; Daniela TWENTE<br \/>Directors: Uwe KERSKEN &#8211; Christian FEYERABEND<br \/>Producers: Gruppe 5 Filmproduktion K\u00f6ln in collaboration with ARTE &#8211; NDR &#8211; SWR &#8211; GUD<br \/>Origin: Germany<\/p>\n<h2>MIF-SCIENCES AWARDS<\/h2>\n<p>FIRST PRIZE &#8211; MIF-SCIENCES<br \/>To EINSTEIN , TOUTATIS AND OTHERS: THIS IS NOT EINSTEIN<br \/>Author: Catherine FOL<br \/>Director: Catherine FOL<br \/>Producers: NFB of Canada \/ Compagnie des Taxis-Brousse &#8211; Arte France<br \/>Origins: Canada &#8211; France<\/p>\n<p>SECOND PRIZE &#8211; MIF-SCIENCES<br \/>Delivered to ALERTE CANICULE<br \/>Author: Jean-Fran\u00e7ois HASSOUN<br \/>Director: Jean-Fran\u00e7ois HASSOUN<br \/>Producer: Gedeon Programmes &#8211; France 2<br \/>Origin: France<\/p>\n<p>1st MENTION &#8211; MIF-SCIENCES<br \/>Presented to LES SECRETS DU KARAKOUM<br \/>Author: Marc JAMPOLSKY<br \/>Director: Marc JAMPOLSKY<br \/>Producer: Gedeon Programmes &#8211; Arte<br \/>Origin: France<\/p>\n<p>2nd MENTION &#8211; MIF-SCIENCES<br \/>Awarded to SECRETS D&#8217;HOMME, LA PROSTATE<br \/>Author: H\u00e9l\u00e8ne DE CRECY &amp; Alain DE SEDOUY<br \/>Producer: France 3 Ouest &#8211; Films du Bouloi &#8211; Aeternam Films &#8211; Mif-Sciences<br \/>Origin: France<\/p>\n<p>3rd MENTION &#8211; MIF-SCIENCES<br \/>Awarded to C&#8217;EST PAS SORCIER: LE BAMBOU, UNE HERBE GEANTE!<br \/>Authors: Fr\u00e9d\u00e9ric COURANT &#8211; Jamy GOURMAUD &#8211; Sabine QUINDOU &#8211; E. PERNOUD<br \/>Director: F. DAVIN<br \/>Producer: Alain TAIEB &#8211; Vincent LAMY &#8211; Riff International Production &#8211; France 3<br \/>Origin: France<\/p>\n<h2>CATEGORY AWARD &#8211; Medicine<\/h2>\n<p>FIRST PRIZE &#8211; Medicine<br \/>Given by Mr. Jean-Claude MARCOURT<\/p>\n<p>Back to MYSTERIOUS DISEASE<br \/>Author: Harrikrisna ANENDEN<br \/>Director: Harrikrisna ANENDEN<br \/>Producer: OMS<br \/>Origin: Africa<\/p>\n<p>2nd PRIZE &#8211; Medicine<br \/>Given by Mr. Jean SEQUARIS &#8211; Chairman of the supervisory board of the CHU of Li\u00e8ge<\/p>\n<p>Submitted to MEDECINE SOUS INFLUENCE<br \/>Director: Lina B. MORECO<br \/>Producer: Yves BISAILLON (National Film Board of Canada)<br \/>Origin : Canada<\/p>\n<p>3rd PRIZE &#8211; Medicine<br \/>Presented by Pr. Gustave MOONEN &#8211; Dean of the faculty of medicine of Li\u00e8ge &#8211; Ulg<\/p>\n<p>Submitted to INTERIEUR CORPS<br \/>Author: Henri Louis POIRIER<br \/>Director: Henri Louis POIRIER<br \/>Producer: Cit\u00e9 des sciences et de l&#8217;industrie \/ Py Films<br \/>Origin: France<\/p>\n<p>1st MENTION &#8211; Medicine<br \/>Awarded to SECRETS D&#8217;HOMME, LA PROSTATE<br \/>Author: H\u00e9l\u00e8ne DE CRECY &amp; Alain DE SEDOUY<br \/>Producer: France 3 Ouest &#8211; Films du Bouloi &#8211; Aeternam Films &#8211; Mif-Sciences<br \/>Origin: France<\/p>\n<p>2nd MENTION &#8211; Medicine<br \/>Delivered to LE JOUR D&#8217;AVANT<br \/>Author: Pascal CESARO<br \/>Director: Pascal CESARO<br \/>Producer: 13 Production<br \/>Origin: France<\/p>\n<p>3rd MENTION &#8211; Medicine<br \/>Awarded to QUATRE, DEUX, UN<br \/>Author : Pr. Michel MEURISSE<br \/>Director: Pierre JAMART<br \/>Producer : CHU de Li\u00e8ge<br \/>Origin : Belgium<\/p>\n<p>4th MENTION &#8211; Medicine<br \/>Discounted to DON&#8217;T FORGET THAT YOU MUST DIE<br \/>Author: Benjamin LUYPAERT<br \/>Director: Benjamin LUYPAERT<br \/>Producer: Patrice GOLBERG<br \/>Origin : Belgium<\/p>\n<p>5th MENTION &#8211; Medicine<br \/>Discount POSTERIOR INTRAVAGINAL SLING PLASTY<br \/>Author: Fran\u00e7ois MONNEINS<br \/>Director: Kilynx Multim\u00e9dia<br \/>Producer: Kilynx Multim\u00e9dia<br \/>Origin: France<\/p>\n<p>SPECIAL AWARD: BEST ACTRESS<br \/>Given to OTO-RINO POUR LES MARMOTS<br \/>Authors: Beno\u00eet BATTEUR &amp; Emmanuelle STRAMANDINOLI<br \/>Director: Asle LOOF<br \/>Origin: France<\/p>\n<h2>CATEGORY AWARD &#8211; Health education<\/h2>\n<p>FIRST PRIZE &#8211; Health education<br \/>Presented by Mrs Marie-Dominque SIMONET &#8211; Minister for Research, Technology and External Relations &#8211; Walloon Region<\/p>\n<p>Back to IN THE FORCE OF AGE<br \/>Author: Juliette SENIK<br \/>Director: Juliette SENIK<br \/>  Producers: Michel ROTMAN &amp; Marie-H\u00e9l\u00e8ne RANC<br \/>Origin: France<\/p>\n<p>2nd Prize &#8211; Health education<\/p>\n<p>remitted by Mr. Georges Pire &#8211; Permanent deputy of the Province of Li\u00e8ge in the charge of Health &#8211; Project president of &#8220;Li\u00e8ge Province Sant\u00e9&#8221; of l&#8217;OMS<\/p>\n<p>Awarded to TRILOGIE : LE MICRO A TA PORTEE<br \/>Author : Berni GOLDBLAT<br \/>Director: Berni GOLDBLAT<br \/>Producer : Cinomade<br \/>Origin : Burkina Faso<\/p>\n<p>THIRD PRIZE IN THE CATEGORY &#8220;HEALTH EDUCATION<br \/>remitted by M. Bernard RENTIER &#8211; Headmaster of the Universit\u00e9 de Li\u00e8ge<\/p>\n<p>Awarded to INFORMER PAR LE JEU A L&#8217;HOPITAL. TO PREPARE CHILDREN FOR A TREATMENT, AN EXAMINATION, AN OPERATION&#8230;<br \/>Author : Fran\u00e7oise GALLAND &amp; B\u00e9n\u00e9dicte MINGUET<br \/>Director: Richard HAMON<br \/>Producer : Association SPARADRAP<br \/>Origin : France &#8211; Belgium<\/p>\n<p>FIRST MENTION IN THE CATEGORY &#8220;HEALTH EDUCATION&#8221;<br \/>Awarded to TABAC, LA CONSPIRATION<br \/>Author : Nadia COLLOT<br \/>Realisation : Nadia COLLOT<br \/>Producer : Marie-H\u00e9l\u00e8ne RANC &amp; Joanne CARRIERE<br \/>Origin : France<\/p>\n<p>SECOND MENTION IN THE CATEGORY &#8220;HEALTH EDUCATION<br \/>Awarded to QUAND LA SALLE DE REEDUCATION SE TRANSFORME EN CHAPITEAU&#8230;<br \/>Author : Sandrine ALBERGE BOUDART-Marie-Laure COURTIER-Laurence BOUTRY-Marie DUCLAUX<br \/>Director: Pierre BOUTILLER<br \/>Producer : Jo\u00ebl DOUCHET<br \/>Origin : France<\/p>\n<p>THIRD MENTION IN THE CATEGORY &#8220;HEALTH EDUCATION<br \/>Awarded to DUEL EN DEUX VOIX<br \/>Author : Catherine VEAUX-LOGEAT<br \/>Realisation : Catherine VEAUX-LOGEAT<br \/>Producer : Vid\u00e9o Femmes<br \/>Origin : Canada<\/p>\n<h2>AWARDED MENTIONS BY THE &#8220;MULTIMEDIA&#8221; JURY<\/h2>\n<p>THIRD MENTION IN THE CATEGORY &#8220;CD-ROMS &amp; DVD-ROMS<br \/>Awarded to ELEMENTAIRE, M. MENDELEIEV ! AN APPROACH TO CHEMICAL ELEMENTS AND THEIR CLASSIFICATION<br \/>Realisation : Ren\u00e9 CAHAY-R\u00e9n\u00e9 LINARD-Fran\u00e7ois REMY-Nicolas MARECHAL-Brigitte MONFORT<br \/>Producer : LEM ULG<br \/>Origin : Belgium<\/p>\n<p>SECOND MENTION IN THE CATEGORY &#8220;CD-ROMS &amp; DVD-ROMS<br \/>Awarded to TECHNIQUES POUR LABORATOIRE ISOLE : HEMATOLOGIE ET PARASITES SANGUICOLES<br \/>Origin : France<\/p>\n<p>FIRST MENTION IN THE CATEGORY &#8220;CD-ROMS &amp; DVD-ROMS&#8221;<br \/>Awarded to ANTICANCERE CHEMICALS: FROM RISK CONTROL TO QUALITY OPTIMIZATION<\/p>\n<p>FIRST MENTION IN THE CATEGORY INTERNET PAGE<br \/>Awarded to WWW.FIVFRANCE.COM<\/p>\n<p>FIRST PRIZE IN THE CATEGORY &#8220;BEST INTERNET PAGE&#8221;<br \/>remitted by Mrs. Marie-Dominique SIMONET &#8211; Minister of reserach, of technologies and external relations &#8211; Region of Wallonia<\/p>\n<p>Awarded to WWW.SOLIDARIS.BE &#8211; CORPS-CITE<\/p>\n<p>FIRST PRIZE IN THE CATEGORY &#8220;BEST CD-ROM&#8221;<br \/>remitted by Mrs. Marie-Dominique SIMONET &#8211; Minister of reserach, of technologies and external relations &#8211; Region of Wallonia<\/p>\n<p>Awarded to EMBRYOLOGIE HUMAINE, VOLUME 1 L&#8217;EMBRYOGENESE<br \/>Director: Philippe PLATEAUX<br \/>Producer: Service du Film de Recherche Scientifique-Universit\u00e9 Ren\u00e9 DESCARTES (Paris)<br \/>Origin : France<\/p>\n<p>[\/et_pb_text][\/et_pb_column][\/et_pb_row][\/et_pb_section]<\/p>\n","protected":false},"excerpt":{"rendered":"<p>FIRST PRIZE &#8211; Mutualit\u00e9s Given by Mr. Edouard DENOEL Prix LA PREMIEREAuthor: Marc COTEDirector: Marc COTEProducer: WyethOrigin : Canada SPECIAL MENTION &#8211; Mutuality Given to LE SOUFFLE DU DESERTDirected by: Fran\u00e7ois KOHLERProducer: Heinz DILL &#8211; Xavier GRIN (XL Production) &#8211; Yves BISAILLON (NFB)Origin: Switzerland &#8211; Canada FIRST PRIZE &#8211; Environment Awarded to LES ENVAHISSEURS INVISIBLES [&hellip;]<\/p>\n","protected":false},"author":1,"featured_media":21346,"parent":0,"menu_order":0,"comment_status":"closed","ping_status":"closed","template":"","meta":{"_acf_changed":false,"_et_pb_use_builder":"on","_et_pb_old_content":"","_et_gb_content_width":"","_lmt_disableupdate":"","_lmt_disable":"","_monsterinsights_skip_tracking":false,"_monsterinsights_sitenote_active":false,"_monsterinsights_sitenote_note":"","_monsterinsights_sitenote_category":0,"footnotes":"","_wp_rev_ctl_limit":""},"class_list":["post-36300","page","type-page","status-publish","has-post-thumbnail","hentry"],"acf":[],"yoast_head":"<!-- This site is optimized with the Yoast SEO plugin v25.0 - https:\/\/yoast.com\/wordpress\/plugins\/seo\/ -->\n<title>Imag\u00e9sant\u00e9 2006 - Festival Imag\u00e9sant\u00e9<\/title>\n<meta name=\"robots\" content=\"index, follow, max-snippet:-1, max-image-preview:large, max-video-preview:-1\" \/>\n<link rel=\"canonical\" href=\"https:\/\/www.imagesante.be\/en\/imagesante-2006\/\" \/>\n<meta property=\"og:locale\" content=\"en_US\" \/>\n<meta property=\"og:type\" content=\"article\" \/>\n<meta property=\"og:title\" content=\"Imag\u00e9sant\u00e9 2006 - Festival Imag\u00e9sant\u00e9\" \/>\n<meta property=\"og:url\" content=\"https:\/\/www.imagesante.be\/en\/imagesante-2006\/\" \/>\n<meta property=\"og:site_name\" content=\"Festival Imag\u00e9sant\u00e9\" \/>\n<meta property=\"article:modified_time\" content=\"2024-06-06T10:34:41+00:00\" \/>\n<meta property=\"og:image\" content=\"https:\/\/www.imagesante.be\/wp-content\/uploads\/2019\/10\/IMG_4970.jpg\" \/>\n\t<meta property=\"og:image:width\" content=\"2362\" \/>\n\t<meta property=\"og:image:height\" content=\"1575\" \/>\n\t<meta property=\"og:image:type\" content=\"image\/jpeg\" \/>\n<meta name=\"twitter:card\" content=\"summary_large_image\" \/>\n<script type=\"application\/ld+json\" class=\"yoast-schema-graph\">{\"@context\":\"https:\/\/schema.org\",\"@graph\":[{\"@type\":\"WebPage\",\"@id\":\"https:\/\/www.imagesante.be\/en\/imagesante-2006\/\",\"url\":\"https:\/\/www.imagesante.be\/en\/imagesante-2006\/\",\"name\":\"Imag\u00e9sant\u00e9 2006 - Festival Imag\u00e9sant\u00e9\",\"isPartOf\":{\"@id\":\"https:\/\/www.imagesante.be\/en\/#website\"},\"primaryImageOfPage\":{\"@id\":\"https:\/\/www.imagesante.be\/en\/imagesante-2006\/#primaryimage\"},\"image\":{\"@id\":\"https:\/\/www.imagesante.be\/en\/imagesante-2006\/#primaryimage\"},\"thumbnailUrl\":\"https:\/\/www.imagesante.be\/wp-content\/uploads\/2019\/10\/IMG_4970.jpg\",\"datePublished\":\"2019-07-16T08:49:03+00:00\",\"dateModified\":\"2024-06-06T10:34:41+00:00\",\"breadcrumb\":{\"@id\":\"https:\/\/www.imagesante.be\/en\/imagesante-2006\/#breadcrumb\"},\"inLanguage\":\"en-US\",\"potentialAction\":[{\"@type\":\"ReadAction\",\"target\":[\"https:\/\/www.imagesante.be\/en\/imagesante-2006\/\"]}]},{\"@type\":\"ImageObject\",\"inLanguage\":\"en-US\",\"@id\":\"https:\/\/www.imagesante.be\/en\/imagesante-2006\/#primaryimage\",\"url\":\"https:\/\/www.imagesante.be\/wp-content\/uploads\/2019\/10\/IMG_4970.jpg\",\"contentUrl\":\"https:\/\/www.imagesante.be\/wp-content\/uploads\/2019\/10\/IMG_4970.jpg\",\"width\":2362,\"height\":1575,\"caption\":\"Campus14\"},{\"@type\":\"BreadcrumbList\",\"@id\":\"https:\/\/www.imagesante.be\/en\/imagesante-2006\/#breadcrumb\",\"itemListElement\":[{\"@type\":\"ListItem\",\"position\":1,\"name\":\"Accueil\",\"item\":\"https:\/\/www.imagesante.be\/en\/home\/\"},{\"@type\":\"ListItem\",\"position\":2,\"name\":\"Imag\u00e9sant\u00e9 2006\"}]},{\"@type\":\"WebSite\",\"@id\":\"https:\/\/www.imagesante.be\/en\/#website\",\"url\":\"https:\/\/www.imagesante.be\/en\/\",\"name\":\"Festival Imag\u00e9sant\u00e9\",\"description\":\"\",\"publisher\":{\"@id\":\"https:\/\/www.imagesante.be\/en\/#organization\"},\"potentialAction\":[{\"@type\":\"SearchAction\",\"target\":{\"@type\":\"EntryPoint\",\"urlTemplate\":\"https:\/\/www.imagesante.be\/en\/?s={search_term_string}\"},\"query-input\":{\"@type\":\"PropertyValueSpecification\",\"valueRequired\":true,\"valueName\":\"search_term_string\"}}],\"inLanguage\":\"en-US\"},{\"@type\":\"Organization\",\"@id\":\"https:\/\/www.imagesante.be\/en\/#organization\",\"name\":\"Imag\u00e9Sant\u00e9\",\"url\":\"https:\/\/www.imagesante.be\/en\/\",\"logo\":{\"@type\":\"ImageObject\",\"inLanguage\":\"en-US\",\"@id\":\"https:\/\/www.imagesante.be\/en\/#\/schema\/logo\/image\/\",\"url\":\"https:\/\/www.imagesante.be\/wp-content\/uploads\/2019\/06\/Festival-positif-carre.jpg\",\"contentUrl\":\"https:\/\/www.imagesante.be\/wp-content\/uploads\/2019\/06\/Festival-positif-carre.jpg\",\"width\":498,\"height\":498,\"caption\":\"Imag\u00e9Sant\u00e9\"},\"image\":{\"@id\":\"https:\/\/www.imagesante.be\/en\/#\/schema\/logo\/image\/\"}}]}<\/script>\n<!-- \/ Yoast SEO plugin. -->","yoast_head_json":{"title":"Imag\u00e9sant\u00e9 2006 - Festival Imag\u00e9sant\u00e9","robots":{"index":"index","follow":"follow","max-snippet":"max-snippet:-1","max-image-preview":"max-image-preview:large","max-video-preview":"max-video-preview:-1"},"canonical":"https:\/\/www.imagesante.be\/en\/imagesante-2006\/","og_locale":"en_US","og_type":"article","og_title":"Imag\u00e9sant\u00e9 2006 - Festival Imag\u00e9sant\u00e9","og_url":"https:\/\/www.imagesante.be\/en\/imagesante-2006\/","og_site_name":"Festival Imag\u00e9sant\u00e9","article_modified_time":"2024-06-06T10:34:41+00:00","og_image":[{"width":2362,"height":1575,"url":"https:\/\/www.imagesante.be\/wp-content\/uploads\/2019\/10\/IMG_4970.jpg","type":"image\/jpeg"}],"twitter_card":"summary_large_image","schema":{"@context":"https:\/\/schema.org","@graph":[{"@type":"WebPage","@id":"https:\/\/www.imagesante.be\/en\/imagesante-2006\/","url":"https:\/\/www.imagesante.be\/en\/imagesante-2006\/","name":"Imag\u00e9sant\u00e9 2006 - Festival Imag\u00e9sant\u00e9","isPartOf":{"@id":"https:\/\/www.imagesante.be\/en\/#website"},"primaryImageOfPage":{"@id":"https:\/\/www.imagesante.be\/en\/imagesante-2006\/#primaryimage"},"image":{"@id":"https:\/\/www.imagesante.be\/en\/imagesante-2006\/#primaryimage"},"thumbnailUrl":"https:\/\/www.imagesante.be\/wp-content\/uploads\/2019\/10\/IMG_4970.jpg","datePublished":"2019-07-16T08:49:03+00:00","dateModified":"2024-06-06T10:34:41+00:00","breadcrumb":{"@id":"https:\/\/www.imagesante.be\/en\/imagesante-2006\/#breadcrumb"},"inLanguage":"en-US","potentialAction":[{"@type":"ReadAction","target":["https:\/\/www.imagesante.be\/en\/imagesante-2006\/"]}]},{"@type":"ImageObject","inLanguage":"en-US","@id":"https:\/\/www.imagesante.be\/en\/imagesante-2006\/#primaryimage","url":"https:\/\/www.imagesante.be\/wp-content\/uploads\/2019\/10\/IMG_4970.jpg","contentUrl":"https:\/\/www.imagesante.be\/wp-content\/uploads\/2019\/10\/IMG_4970.jpg","width":2362,"height":1575,"caption":"Campus14"},{"@type":"BreadcrumbList","@id":"https:\/\/www.imagesante.be\/en\/imagesante-2006\/#breadcrumb","itemListElement":[{"@type":"ListItem","position":1,"name":"Accueil","item":"https:\/\/www.imagesante.be\/en\/home\/"},{"@type":"ListItem","position":2,"name":"Imag\u00e9sant\u00e9 2006"}]},{"@type":"WebSite","@id":"https:\/\/www.imagesante.be\/en\/#website","url":"https:\/\/www.imagesante.be\/en\/","name":"Festival Imag\u00e9sant\u00e9","description":"","publisher":{"@id":"https:\/\/www.imagesante.be\/en\/#organization"},"potentialAction":[{"@type":"SearchAction","target":{"@type":"EntryPoint","urlTemplate":"https:\/\/www.imagesante.be\/en\/?s={search_term_string}"},"query-input":{"@type":"PropertyValueSpecification","valueRequired":true,"valueName":"search_term_string"}}],"inLanguage":"en-US"},{"@type":"Organization","@id":"https:\/\/www.imagesante.be\/en\/#organization","name":"Imag\u00e9Sant\u00e9","url":"https:\/\/www.imagesante.be\/en\/","logo":{"@type":"ImageObject","inLanguage":"en-US","@id":"https:\/\/www.imagesante.be\/en\/#\/schema\/logo\/image\/","url":"https:\/\/www.imagesante.be\/wp-content\/uploads\/2019\/06\/Festival-positif-carre.jpg","contentUrl":"https:\/\/www.imagesante.be\/wp-content\/uploads\/2019\/06\/Festival-positif-carre.jpg","width":498,"height":498,"caption":"Imag\u00e9Sant\u00e9"},"image":{"@id":"https:\/\/www.imagesante.be\/en\/#\/schema\/logo\/image\/"}}]}},"_links":{"self":[{"href":"https:\/\/www.imagesante.be\/en\/wp-json\/wp\/v2\/pages\/36300","targetHints":{"allow":["GET"]}}],"collection":[{"href":"https:\/\/www.imagesante.be\/en\/wp-json\/wp\/v2\/pages"}],"about":[{"href":"https:\/\/www.imagesante.be\/en\/wp-json\/wp\/v2\/types\/page"}],"author":[{"embeddable":true,"href":"https:\/\/www.imagesante.be\/en\/wp-json\/wp\/v2\/users\/1"}],"replies":[{"embeddable":true,"href":"https:\/\/www.imagesante.be\/en\/wp-json\/wp\/v2\/comments?post=36300"}],"version-history":[{"count":0,"href":"https:\/\/www.imagesante.be\/en\/wp-json\/wp\/v2\/pages\/36300\/revisions"}],"wp:featuredmedia":[{"embeddable":true,"href":"https:\/\/www.imagesante.be\/en\/wp-json\/wp\/v2\/media\/21346"}],"wp:attachment":[{"href":"https:\/\/www.imagesante.be\/en\/wp-json\/wp\/v2\/media?parent=36300"}],"curies":[{"name":"wp","href":"https:\/\/api.w.org\/{rel}","templated":true}]}}